{"id":17422,"date":"2023-11-28T21:43:27","date_gmt":"2023-11-28T21:43:27","guid":{"rendered":"https:\/\/bata.djelcem.art\/?post_type=product&#038;p=17422"},"modified":"2024-08-05T18:57:58","modified_gmt":"2024-08-05T18:57:58","slug":"nuancier","status":"publish","type":"product","link":"https:\/\/djelcem.art\/en\/shop\/tapis\/contemporains-tapis\/nuancier\/","title":{"rendered":"SWATCHES"},"content":{"rendered":"<p>Ref. TIMTIGC130<\/p>\n<p>Dimensions : 1.60 m on 2,10<\/p>\n<p>Weight : 5,20 kg<\/p>\n<p>This rug draws its inspiration from our desire to show all the richness of the colours obtained in the workshop using natural dyes. We can only admire the work of the artisan who perfectly mastered the co-op, and the melted harmonious colors. This piece has its place in a contemporary interior.<\/p>\n<p>&nbsp;<br \/>\n<span style=\"display:none\">rugs<\/span><br \/>\n.<\/p>","protected":false},"excerpt":{"rendered":"<p>This rug draws its inspiration from our desire to show all the richness of the colours obtained in the workshop using natural dyes. We can only admire the work of the artisan who perfectly mastered the co-op, and the melted harmonious colors. This piece has its place in a contemporary interior.<\/p>\n<p>&nbsp;<\/p>","protected":false},"featured_media":18300,"comment_status":"open","ping_status":"closed","template":"","meta":[],"product_cat":[201,200],"product_tag":[],"class_list":{"0":"post-17422","1":"product","2":"type-product","3":"status-publish","4":"has-post-thumbnail","6":"product_cat-contemporains-tapis","7":"product_cat-tapis","9":"first","10":"instock","11":"shipping-taxable","12":"product-type-simple"},"yoast_head":"<!-- This site is optimized with the Yoast SEO Premium plugin v22.0 (Yoast SEO v22.0) - https:\/\/yoast.com\/wordpress\/plugins\/seo\/ -->\n<title>NUANCIER - Djelcem<\/title>\n<meta name=\"robots\" content=\"index, follow, max-snippet:-1, max-image-preview:large, max-video-preview:-1\" \/>\n<link rel=\"canonical\" href=\"https:\/\/djelcem.art\/en\/shop\/tapis\/contemporains-tapis\/nuancier\/\" \/>\n<meta property=\"og:locale\" content=\"en_US\" \/>\n<meta property=\"og:type\" content=\"article\" \/>\n<meta property=\"og:title\" content=\"NUANCIER\" \/>\n<meta property=\"og:description\" content=\"Ce tapis tire son inspiration de notre souhait de montrer toute la richesse des couleurs obtenues au sein de l&#039;atelier en utilisant des teintures naturelles. Nous ne pouvons qu&#039;admirer le travail de l&#039;artisane qui a parfaitement ma\u00eetris\u00e9 l&#039;alternance et le fondu harmonieux des couleurs. Cette pi\u00e8ce a toute sa place dans un int\u00e9rieur contemporain.  &nbsp;\" \/>\n<meta property=\"og:url\" content=\"https:\/\/djelcem.art\/en\/shop\/tapis\/contemporains-tapis\/nuancier\/\" \/>\n<meta property=\"og:site_name\" content=\"Djelcem\" \/>\n<meta property=\"article:modified_time\" content=\"2024-08-05T18:57:58+00:00\" \/>\n<meta property=\"og:image\" content=\"https:\/\/djelcem.art\/wp-content\/uploads\/2023\/11\/TIMTIGC130-2.jpg\" \/>\n\t<meta property=\"og:image:width\" content=\"800\" \/>\n\t<meta property=\"og:image:height\" content=\"1017\" \/>\n\t<meta property=\"og:image:type\" content=\"image\/jpeg\" \/>\n<meta name=\"twitter:card\" content=\"summary_large_image\" \/>\n<meta name=\"twitter:label1\" content=\"Est. reading time\" \/>\n\t<meta name=\"twitter:data1\" content=\"1 minute\" \/>\n<script type=\"application\/ld+json\" class=\"yoast-schema-graph\">{\"@context\":\"https:\/\/schema.org\",\"@graph\":[{\"@type\":\"WebPage\",\"@id\":\"https:\/\/djelcem.art\/shop\/tapis\/contemporains-tapis\/nuancier\/\",\"url\":\"https:\/\/djelcem.art\/shop\/tapis\/contemporains-tapis\/nuancier\/\",\"name\":\"NUANCIER - Djelcem\",\"isPartOf\":{\"@id\":\"https:\/\/djelcem.noycy.co\/#website\"},\"datePublished\":\"2023-11-28T21:43:27+00:00\",\"dateModified\":\"2024-08-05T18:57:58+00:00\",\"breadcrumb\":{\"@id\":\"https:\/\/djelcem.art\/shop\/tapis\/contemporains-tapis\/nuancier\/#breadcrumb\"},\"inLanguage\":\"en-US\",\"potentialAction\":[{\"@type\":\"ReadAction\",\"target\":[\"https:\/\/djelcem.art\/shop\/tapis\/contemporains-tapis\/nuancier\/\"]}]},{\"@type\":\"BreadcrumbList\",\"@id\":\"https:\/\/djelcem.art\/shop\/tapis\/contemporains-tapis\/nuancier\/#breadcrumb\",\"itemListElement\":[{\"@type\":\"ListItem\",\"position\":1,\"name\":\"Accueil\",\"item\":\"https:\/\/djelcem.art\/\"},{\"@type\":\"ListItem\",\"position\":2,\"name\":\"Shop\",\"item\":\"https:\/\/djelcem.noycy.co\/shop\/\"},{\"@type\":\"ListItem\",\"position\":3,\"name\":\"NUANCIER\"}]},{\"@type\":\"WebSite\",\"@id\":\"https:\/\/djelcem.noycy.co\/#website\",\"url\":\"https:\/\/djelcem.noycy.co\/\",\"name\":\"Djelcem\",\"description\":\"Djelcem-Art\",\"publisher\":{\"@id\":\"https:\/\/djelcem.noycy.co\/#organization\"},\"potentialAction\":[{\"@type\":\"SearchAction\",\"target\":{\"@type\":\"EntryPoint\",\"urlTemplate\":\"https:\/\/djelcem.noycy.co\/?s={search_term_string}\"},\"query-input\":\"required name=search_term_string\"}],\"inLanguage\":\"en-US\"},{\"@type\":\"Organization\",\"@id\":\"https:\/\/djelcem.noycy.co\/#organization\",\"name\":\"Djelcem\",\"url\":\"https:\/\/djelcem.noycy.co\/\",\"logo\":{\"@type\":\"ImageObject\",\"inLanguage\":\"en-US\",\"@id\":\"https:\/\/djelcem.noycy.co\/#\/schema\/logo\/image\/\",\"url\":\"https:\/\/djelcem.art\/wp-content\/uploads\/2023\/11\/Logo-DJELCEM.png\",\"contentUrl\":\"https:\/\/djelcem.art\/wp-content\/uploads\/2023\/11\/Logo-DJELCEM.png\",\"width\":400,\"height\":192,\"caption\":\"Djelcem\"},\"image\":{\"@id\":\"https:\/\/djelcem.noycy.co\/#\/schema\/logo\/image\/\"}}]}<\/script>\n<!-- \/ Yoast SEO Premium plugin. -->","yoast_head_json":{"title":"NUANCIER - Djelcem","robots":{"index":"index","follow":"follow","max-snippet":"max-snippet:-1","max-image-preview":"max-image-preview:large","max-video-preview":"max-video-preview:-1"},"canonical":"https:\/\/djelcem.art\/en\/shop\/tapis\/contemporains-tapis\/nuancier\/","og_locale":"en_US","og_type":"article","og_title":"NUANCIER","og_description":"Ce tapis tire son inspiration de notre souhait de montrer toute la richesse des couleurs obtenues au sein de l'atelier en utilisant des teintures naturelles. Nous ne pouvons qu'admirer le travail de l'artisane qui a parfaitement ma\u00eetris\u00e9 l'alternance et le fondu harmonieux des couleurs. Cette pi\u00e8ce a toute sa place dans un int\u00e9rieur contemporain.  &nbsp;","og_url":"https:\/\/djelcem.art\/en\/shop\/tapis\/contemporains-tapis\/nuancier\/","og_site_name":"Djelcem","article_modified_time":"2024-08-05T18:57:58+00:00","og_image":[{"width":800,"height":1017,"url":"https:\/\/djelcem.art\/wp-content\/uploads\/2023\/11\/TIMTIGC130-2.jpg","type":"image\/jpeg"}],"twitter_card":"summary_large_image","twitter_misc":{"Est. reading time":"1 minute"},"schema":{"@context":"https:\/\/schema.org","@graph":[{"@type":"WebPage","@id":"https:\/\/djelcem.art\/shop\/tapis\/contemporains-tapis\/nuancier\/","url":"https:\/\/djelcem.art\/shop\/tapis\/contemporains-tapis\/nuancier\/","name":"NUANCIER - Djelcem","isPartOf":{"@id":"https:\/\/djelcem.noycy.co\/#website"},"datePublished":"2023-11-28T21:43:27+00:00","dateModified":"2024-08-05T18:57:58+00:00","breadcrumb":{"@id":"https:\/\/djelcem.art\/shop\/tapis\/contemporains-tapis\/nuancier\/#breadcrumb"},"inLanguage":"en-US","potentialAction":[{"@type":"ReadAction","target":["https:\/\/djelcem.art\/shop\/tapis\/contemporains-tapis\/nuancier\/"]}]},{"@type":"BreadcrumbList","@id":"https:\/\/djelcem.art\/shop\/tapis\/contemporains-tapis\/nuancier\/#breadcrumb","itemListElement":[{"@type":"ListItem","position":1,"name":"Accueil","item":"https:\/\/djelcem.art\/"},{"@type":"ListItem","position":2,"name":"Shop","item":"https:\/\/djelcem.noycy.co\/shop\/"},{"@type":"ListItem","position":3,"name":"NUANCIER"}]},{"@type":"WebSite","@id":"https:\/\/djelcem.noycy.co\/#website","url":"https:\/\/djelcem.noycy.co\/","name":"Djelcem","description":"Djelcem-Art","publisher":{"@id":"https:\/\/djelcem.noycy.co\/#organization"},"potentialAction":[{"@type":"SearchAction","target":{"@type":"EntryPoint","urlTemplate":"https:\/\/djelcem.noycy.co\/?s={search_term_string}"},"query-input":"required name=search_term_string"}],"inLanguage":"en-US"},{"@type":"Organization","@id":"https:\/\/djelcem.noycy.co\/#organization","name":"Djelcem","url":"https:\/\/djelcem.noycy.co\/","logo":{"@type":"ImageObject","inLanguage":"en-US","@id":"https:\/\/djelcem.noycy.co\/#\/schema\/logo\/image\/","url":"https:\/\/djelcem.art\/wp-content\/uploads\/2023\/11\/Logo-DJELCEM.png","contentUrl":"https:\/\/djelcem.art\/wp-content\/uploads\/2023\/11\/Logo-DJELCEM.png","width":400,"height":192,"caption":"Djelcem"},"image":{"@id":"https:\/\/djelcem.noycy.co\/#\/schema\/logo\/image\/"}}]}},"_links":{"self":[{"href":"https:\/\/djelcem.art\/en\/wp-json\/wp\/v2\/product\/17422","targetHints":{"allow":["GET"]}}],"collection":[{"href":"https:\/\/djelcem.art\/en\/wp-json\/wp\/v2\/product"}],"about":[{"href":"https:\/\/djelcem.art\/en\/wp-json\/wp\/v2\/types\/product"}],"replies":[{"embeddable":true,"href":"https:\/\/djelcem.art\/en\/wp-json\/wp\/v2\/comments?post=17422"}],"version-history":[{"count":1,"href":"https:\/\/djelcem.art\/en\/wp-json\/wp\/v2\/product\/17422\/revisions"}],"predecessor-version":[{"id":19246,"href":"https:\/\/djelcem.art\/en\/wp-json\/wp\/v2\/product\/17422\/revisions\/19246"}],"wp:featuredmedia":[{"embeddable":true,"href":"https:\/\/djelcem.art\/en\/wp-json\/wp\/v2\/media\/18300"}],"wp:attachment":[{"href":"https:\/\/djelcem.art\/en\/wp-json\/wp\/v2\/media?parent=17422"}],"wp:term":[{"taxonomy":"product_cat","embeddable":true,"href":"https:\/\/djelcem.art\/en\/wp-json\/wp\/v2\/product_cat?post=17422"},{"taxonomy":"product_tag","embeddable":true,"href":"https:\/\/djelcem.art\/en\/wp-json\/wp\/v2\/product_tag?post=17422"}],"curies":[{"name":"wp","href":"https:\/\/api.w.org\/{rel}","templated":true}]}}