{"id":17428,"date":"2023-11-28T21:43:28","date_gmt":"2023-11-28T21:43:28","guid":{"rendered":"https:\/\/bata.djelcem.art\/?post_type=product&#038;p=17428"},"modified":"2024-07-29T18:39:36","modified_gmt":"2024-07-29T18:39:36","slug":"lampe-homme-libre","status":"publish","type":"product","link":"https:\/\/djelcem.art\/en\/shop\/ceramique\/contemporains\/lampes\/lampe-homme-libre\/","title":{"rendered":"LAMP FREE MAN"},"content":{"rendered":"<p>Ref. BACGL001<\/p>\n<p>Length : 49 cm<\/p>\n<p>Width : 8 cm<\/p>\n<p>Height : 20 cm<\/p>\n<p>Weight : 2.1 kg<\/p>\n<p>Lamp base modern red clay, modelled and decorated by hand. The technique used is fuming (with characteristics developed by the artist). The terrain in the centre is the &#034; Z &#034; amazigh, a symbol of a free Man.<\/p>","protected":false},"excerpt":{"rendered":"<p>Lamp base modern red clay, modelled and decorated by hand. The technique used is fuming (with characteristics developed by the artist). The terrain in the centre is the &#034; Z &#034; amazigh, a symbol of a free Man.<\/p>","protected":false},"featured_media":17398,"comment_status":"open","ping_status":"closed","template":"","meta":[],"product_cat":[196,207],"product_tag":[],"class_list":{"0":"post-17428","1":"product","2":"type-product","3":"status-publish","4":"has-post-thumbnail","6":"product_cat-ceramique","7":"product_cat-lampes","9":"first","10":"instock","11":"shipping-taxable","12":"product-type-simple"},"yoast_head":"<!-- This site is optimized with the Yoast SEO Premium plugin v22.0 (Yoast SEO v22.0) - https:\/\/yoast.com\/wordpress\/plugins\/seo\/ -->\n<title>LAMPE HOMME LIBRE - Djelcem<\/title>\n<meta name=\"robots\" content=\"index, follow, max-snippet:-1, max-image-preview:large, max-video-preview:-1\" \/>\n<link rel=\"canonical\" href=\"https:\/\/djelcem.art\/en\/shop\/ceramique\/contemporains\/lampes\/lampe-homme-libre\/\" \/>\n<meta property=\"og:locale\" content=\"en_US\" \/>\n<meta property=\"og:type\" content=\"article\" \/>\n<meta property=\"og:title\" content=\"LAMPE HOMME LIBRE\" \/>\n<meta property=\"og:description\" content=\"Pied de lampe moderne en argile rouge, model\u00e9 et d\u00e9cor\u00e9 \u00e0 la main. La technique utilis\u00e9e est l&#039;enfumage (avec des sp\u00e9cificit\u00e9s mises au point par l&#039;artiste). Le relief du centre est le &quot;Z&quot; amazigh, symbole de l&#039;Homme libre.\" \/>\n<meta property=\"og:url\" content=\"https:\/\/djelcem.art\/en\/shop\/ceramique\/contemporains\/lampes\/lampe-homme-libre\/\" \/>\n<meta property=\"og:site_name\" content=\"Djelcem\" \/>\n<meta property=\"article:modified_time\" content=\"2024-07-29T18:39:36+00:00\" \/>\n<meta property=\"og:image\" content=\"https:\/\/djelcem.art\/wp-content\/uploads\/2023\/11\/Detail-BACGL001-1-1.jpg\" \/>\n\t<meta property=\"og:image:width\" content=\"300\" \/>\n\t<meta property=\"og:image:height\" content=\"381\" \/>\n\t<meta property=\"og:image:type\" content=\"image\/jpeg\" \/>\n<meta name=\"twitter:card\" content=\"summary_large_image\" \/>\n<script type=\"application\/ld+json\" class=\"yoast-schema-graph\">{\"@context\":\"https:\/\/schema.org\",\"@graph\":[{\"@type\":\"WebPage\",\"@id\":\"https:\/\/djelcem.art\/shop\/ceramique\/contemporains\/lampes\/lampe-homme-libre\/\",\"url\":\"https:\/\/djelcem.art\/shop\/ceramique\/contemporains\/lampes\/lampe-homme-libre\/\",\"name\":\"LAMPE HOMME LIBRE - Djelcem\",\"isPartOf\":{\"@id\":\"https:\/\/djelcem.noycy.co\/#website\"},\"datePublished\":\"2023-11-28T21:43:28+00:00\",\"dateModified\":\"2024-07-29T18:39:36+00:00\",\"breadcrumb\":{\"@id\":\"https:\/\/djelcem.art\/shop\/ceramique\/contemporains\/lampes\/lampe-homme-libre\/#breadcrumb\"},\"inLanguage\":\"en-US\",\"potentialAction\":[{\"@type\":\"ReadAction\",\"target\":[\"https:\/\/djelcem.art\/shop\/ceramique\/contemporains\/lampes\/lampe-homme-libre\/\"]}]},{\"@type\":\"BreadcrumbList\",\"@id\":\"https:\/\/djelcem.art\/shop\/ceramique\/contemporains\/lampes\/lampe-homme-libre\/#breadcrumb\",\"itemListElement\":[{\"@type\":\"ListItem\",\"position\":1,\"name\":\"Accueil\",\"item\":\"https:\/\/djelcem.art\/\"},{\"@type\":\"ListItem\",\"position\":2,\"name\":\"Shop\",\"item\":\"https:\/\/djelcem.noycy.co\/shop\/\"},{\"@type\":\"ListItem\",\"position\":3,\"name\":\"LAMPE HOMME LIBRE\"}]},{\"@type\":\"WebSite\",\"@id\":\"https:\/\/djelcem.noycy.co\/#website\",\"url\":\"https:\/\/djelcem.noycy.co\/\",\"name\":\"Djelcem\",\"description\":\"Djelcem-Art\",\"publisher\":{\"@id\":\"https:\/\/djelcem.noycy.co\/#organization\"},\"potentialAction\":[{\"@type\":\"SearchAction\",\"target\":{\"@type\":\"EntryPoint\",\"urlTemplate\":\"https:\/\/djelcem.noycy.co\/?s={search_term_string}\"},\"query-input\":\"required name=search_term_string\"}],\"inLanguage\":\"en-US\"},{\"@type\":\"Organization\",\"@id\":\"https:\/\/djelcem.noycy.co\/#organization\",\"name\":\"Djelcem\",\"url\":\"https:\/\/djelcem.noycy.co\/\",\"logo\":{\"@type\":\"ImageObject\",\"inLanguage\":\"en-US\",\"@id\":\"https:\/\/djelcem.noycy.co\/#\/schema\/logo\/image\/\",\"url\":\"https:\/\/djelcem.art\/wp-content\/uploads\/2023\/11\/Logo-DJELCEM.png\",\"contentUrl\":\"https:\/\/djelcem.art\/wp-content\/uploads\/2023\/11\/Logo-DJELCEM.png\",\"width\":400,\"height\":192,\"caption\":\"Djelcem\"},\"image\":{\"@id\":\"https:\/\/djelcem.noycy.co\/#\/schema\/logo\/image\/\"}}]}<\/script>\n<!-- \/ Yoast SEO Premium plugin. -->","yoast_head_json":{"title":"LAMPE HOMME LIBRE - Djelcem","robots":{"index":"index","follow":"follow","max-snippet":"max-snippet:-1","max-image-preview":"max-image-preview:large","max-video-preview":"max-video-preview:-1"},"canonical":"https:\/\/djelcem.art\/en\/shop\/ceramique\/contemporains\/lampes\/lampe-homme-libre\/","og_locale":"en_US","og_type":"article","og_title":"LAMPE HOMME LIBRE","og_description":"Pied de lampe moderne en argile rouge, model\u00e9 et d\u00e9cor\u00e9 \u00e0 la main. La technique utilis\u00e9e est l'enfumage (avec des sp\u00e9cificit\u00e9s mises au point par l'artiste). Le relief du centre est le \"Z\" amazigh, symbole de l'Homme libre.","og_url":"https:\/\/djelcem.art\/en\/shop\/ceramique\/contemporains\/lampes\/lampe-homme-libre\/","og_site_name":"Djelcem","article_modified_time":"2024-07-29T18:39:36+00:00","og_image":[{"width":300,"height":381,"url":"https:\/\/djelcem.art\/wp-content\/uploads\/2023\/11\/Detail-BACGL001-1-1.jpg","type":"image\/jpeg"}],"twitter_card":"summary_large_image","schema":{"@context":"https:\/\/schema.org","@graph":[{"@type":"WebPage","@id":"https:\/\/djelcem.art\/shop\/ceramique\/contemporains\/lampes\/lampe-homme-libre\/","url":"https:\/\/djelcem.art\/shop\/ceramique\/contemporains\/lampes\/lampe-homme-libre\/","name":"LAMPE HOMME LIBRE - Djelcem","isPartOf":{"@id":"https:\/\/djelcem.noycy.co\/#website"},"datePublished":"2023-11-28T21:43:28+00:00","dateModified":"2024-07-29T18:39:36+00:00","breadcrumb":{"@id":"https:\/\/djelcem.art\/shop\/ceramique\/contemporains\/lampes\/lampe-homme-libre\/#breadcrumb"},"inLanguage":"en-US","potentialAction":[{"@type":"ReadAction","target":["https:\/\/djelcem.art\/shop\/ceramique\/contemporains\/lampes\/lampe-homme-libre\/"]}]},{"@type":"BreadcrumbList","@id":"https:\/\/djelcem.art\/shop\/ceramique\/contemporains\/lampes\/lampe-homme-libre\/#breadcrumb","itemListElement":[{"@type":"ListItem","position":1,"name":"Accueil","item":"https:\/\/djelcem.art\/"},{"@type":"ListItem","position":2,"name":"Shop","item":"https:\/\/djelcem.noycy.co\/shop\/"},{"@type":"ListItem","position":3,"name":"LAMPE HOMME LIBRE"}]},{"@type":"WebSite","@id":"https:\/\/djelcem.noycy.co\/#website","url":"https:\/\/djelcem.noycy.co\/","name":"Djelcem","description":"Djelcem-Art","publisher":{"@id":"https:\/\/djelcem.noycy.co\/#organization"},"potentialAction":[{"@type":"SearchAction","target":{"@type":"EntryPoint","urlTemplate":"https:\/\/djelcem.noycy.co\/?s={search_term_string}"},"query-input":"required name=search_term_string"}],"inLanguage":"en-US"},{"@type":"Organization","@id":"https:\/\/djelcem.noycy.co\/#organization","name":"Djelcem","url":"https:\/\/djelcem.noycy.co\/","logo":{"@type":"ImageObject","inLanguage":"en-US","@id":"https:\/\/djelcem.noycy.co\/#\/schema\/logo\/image\/","url":"https:\/\/djelcem.art\/wp-content\/uploads\/2023\/11\/Logo-DJELCEM.png","contentUrl":"https:\/\/djelcem.art\/wp-content\/uploads\/2023\/11\/Logo-DJELCEM.png","width":400,"height":192,"caption":"Djelcem"},"image":{"@id":"https:\/\/djelcem.noycy.co\/#\/schema\/logo\/image\/"}}]}},"_links":{"self":[{"href":"https:\/\/djelcem.art\/en\/wp-json\/wp\/v2\/product\/17428","targetHints":{"allow":["GET"]}}],"collection":[{"href":"https:\/\/djelcem.art\/en\/wp-json\/wp\/v2\/product"}],"about":[{"href":"https:\/\/djelcem.art\/en\/wp-json\/wp\/v2\/types\/product"}],"replies":[{"embeddable":true,"href":"https:\/\/djelcem.art\/en\/wp-json\/wp\/v2\/comments?post=17428"}],"version-history":[{"count":1,"href":"https:\/\/djelcem.art\/en\/wp-json\/wp\/v2\/product\/17428\/revisions"}],"predecessor-version":[{"id":19107,"href":"https:\/\/djelcem.art\/en\/wp-json\/wp\/v2\/product\/17428\/revisions\/19107"}],"wp:featuredmedia":[{"embeddable":true,"href":"https:\/\/djelcem.art\/en\/wp-json\/wp\/v2\/media\/17398"}],"wp:attachment":[{"href":"https:\/\/djelcem.art\/en\/wp-json\/wp\/v2\/media?parent=17428"}],"wp:term":[{"taxonomy":"product_cat","embeddable":true,"href":"https:\/\/djelcem.art\/en\/wp-json\/wp\/v2\/product_cat?post=17428"},{"taxonomy":"product_tag","embeddable":true,"href":"https:\/\/djelcem.art\/en\/wp-json\/wp\/v2\/product_tag?post=17428"}],"curies":[{"name":"wp","href":"https:\/\/api.w.org\/{rel}","templated":true}]}}