{"id":17431,"date":"2023-11-28T21:43:28","date_gmt":"2023-11-28T21:43:28","guid":{"rendered":"https:\/\/bata.djelcem.art\/?post_type=product&#038;p=17431"},"modified":"2023-12-05T02:07:26","modified_gmt":"2023-12-05T02:07:26","slug":"lasmar","status":"publish","type":"product","link":"https:\/\/djelcem.art\/en\/shop\/region-sud\/tapis-du-sud\/lasmar\/","title":{"rendered":"LASMAR"},"content":{"rendered":"<p>Ref. MZBCHAC005<\/p>\n<p>Dimensions : 0.70 m on 1.50<\/p>\n<p>Weight : 1,00 kg<\/p>\n<p>Another variation of the traditional motifs of the gandoura mozabite, this time on a background of light brown. We can easily recognize the trunk of the bride, the chandelier... another proposal subtlety for a more &#034; contemporary &#034;.<\/p>","protected":false},"excerpt":{"rendered":"<p>Another variation of the traditional motifs of the gandoura mozabite, this time on a background of light brown. We can easily recognize the trunk of the bride, the chandelier... another proposal subtlety for a more &#034; contemporary &#034;.<\/p>","protected":false},"featured_media":18304,"comment_status":"open","ping_status":"closed","template":"","meta":[],"product_cat":[201,200,246],"product_tag":[],"class_list":{"0":"post-17431","1":"product","2":"type-product","3":"status-publish","4":"has-post-thumbnail","6":"product_cat-contemporains-tapis","7":"product_cat-tapis","8":"product_cat-tapis-du-sud","10":"first","11":"instock","12":"shipping-taxable","13":"product-type-simple"},"yoast_head":"<!-- This site is optimized with the Yoast SEO Premium plugin v22.0 (Yoast SEO v22.0) - https:\/\/yoast.com\/wordpress\/plugins\/seo\/ -->\n<title>LASMAR - Djelcem<\/title>\n<meta name=\"robots\" content=\"index, follow, max-snippet:-1, max-image-preview:large, max-video-preview:-1\" \/>\n<link rel=\"canonical\" href=\"https:\/\/djelcem.art\/en\/shop\/region-sud\/tapis-du-sud\/lasmar\/\" \/>\n<meta property=\"og:locale\" content=\"en_US\" \/>\n<meta property=\"og:type\" content=\"article\" \/>\n<meta property=\"og:title\" content=\"LASMAR\" \/>\n<meta property=\"og:description\" content=\"Une autre d\u00e9clinaison des motifs traditionnels de la gandoura mozabite, cette fois sur un fond brun clair. On peut ais\u00e9ment y reconna\u00eetre le coffre de la mari\u00e9e, le chandelier\u2026 Une autre proposition tout en subtilit\u00e9 pour un rendu plus &quot;contemporain&quot;.\" \/>\n<meta property=\"og:url\" content=\"https:\/\/djelcem.art\/en\/shop\/region-sud\/tapis-du-sud\/lasmar\/\" \/>\n<meta property=\"og:site_name\" content=\"Djelcem\" \/>\n<meta property=\"article:modified_time\" content=\"2023-12-05T02:07:26+00:00\" \/>\n<meta property=\"og:image\" content=\"https:\/\/djelcem.noycy.co\/wp-content\/uploads\/2023\/11\/MZBCHAC005.jpg\" \/>\n\t<meta property=\"og:image:width\" content=\"800\" \/>\n\t<meta property=\"og:image:height\" content=\"1017\" \/>\n\t<meta property=\"og:image:type\" content=\"image\/jpeg\" \/>\n<meta name=\"twitter:card\" content=\"summary_large_image\" \/>\n<script type=\"application\/ld+json\" class=\"yoast-schema-graph\">{\"@context\":\"https:\/\/schema.org\",\"@graph\":[{\"@type\":\"WebPage\",\"@id\":\"https:\/\/djelcem.art\/shop\/region-sud\/tapis-du-sud\/lasmar\/\",\"url\":\"https:\/\/djelcem.art\/shop\/region-sud\/tapis-du-sud\/lasmar\/\",\"name\":\"LASMAR - Djelcem\",\"isPartOf\":{\"@id\":\"https:\/\/djelcem.noycy.co\/#website\"},\"datePublished\":\"2023-11-28T21:43:28+00:00\",\"dateModified\":\"2023-12-05T02:07:26+00:00\",\"breadcrumb\":{\"@id\":\"https:\/\/djelcem.art\/shop\/region-sud\/tapis-du-sud\/lasmar\/#breadcrumb\"},\"inLanguage\":\"en-US\",\"potentialAction\":[{\"@type\":\"ReadAction\",\"target\":[\"https:\/\/djelcem.art\/shop\/region-sud\/tapis-du-sud\/lasmar\/\"]}]},{\"@type\":\"BreadcrumbList\",\"@id\":\"https:\/\/djelcem.art\/shop\/region-sud\/tapis-du-sud\/lasmar\/#breadcrumb\",\"itemListElement\":[{\"@type\":\"ListItem\",\"position\":1,\"name\":\"Accueil\",\"item\":\"https:\/\/djelcem.art\/\"},{\"@type\":\"ListItem\",\"position\":2,\"name\":\"Shop\",\"item\":\"https:\/\/djelcem.noycy.co\/shop\/\"},{\"@type\":\"ListItem\",\"position\":3,\"name\":\"LASMAR\"}]},{\"@type\":\"WebSite\",\"@id\":\"https:\/\/djelcem.noycy.co\/#website\",\"url\":\"https:\/\/djelcem.noycy.co\/\",\"name\":\"Djelcem\",\"description\":\"Djelcem-Art\",\"publisher\":{\"@id\":\"https:\/\/djelcem.noycy.co\/#organization\"},\"potentialAction\":[{\"@type\":\"SearchAction\",\"target\":{\"@type\":\"EntryPoint\",\"urlTemplate\":\"https:\/\/djelcem.noycy.co\/?s={search_term_string}\"},\"query-input\":\"required name=search_term_string\"}],\"inLanguage\":\"en-US\"},{\"@type\":\"Organization\",\"@id\":\"https:\/\/djelcem.noycy.co\/#organization\",\"name\":\"Djelcem\",\"url\":\"https:\/\/djelcem.noycy.co\/\",\"logo\":{\"@type\":\"ImageObject\",\"inLanguage\":\"en-US\",\"@id\":\"https:\/\/djelcem.noycy.co\/#\/schema\/logo\/image\/\",\"url\":\"https:\/\/djelcem.art\/wp-content\/uploads\/2023\/11\/Logo-DJELCEM.png\",\"contentUrl\":\"https:\/\/djelcem.art\/wp-content\/uploads\/2023\/11\/Logo-DJELCEM.png\",\"width\":400,\"height\":192,\"caption\":\"Djelcem\"},\"image\":{\"@id\":\"https:\/\/djelcem.noycy.co\/#\/schema\/logo\/image\/\"}}]}<\/script>\n<!-- \/ Yoast SEO Premium plugin. -->","yoast_head_json":{"title":"LASMAR - Djelcem","robots":{"index":"index","follow":"follow","max-snippet":"max-snippet:-1","max-image-preview":"max-image-preview:large","max-video-preview":"max-video-preview:-1"},"canonical":"https:\/\/djelcem.art\/en\/shop\/region-sud\/tapis-du-sud\/lasmar\/","og_locale":"en_US","og_type":"article","og_title":"LASMAR","og_description":"Une autre d\u00e9clinaison des motifs traditionnels de la gandoura mozabite, cette fois sur un fond brun clair. On peut ais\u00e9ment y reconna\u00eetre le coffre de la mari\u00e9e, le chandelier\u2026 Une autre proposition tout en subtilit\u00e9 pour un rendu plus \"contemporain\".","og_url":"https:\/\/djelcem.art\/en\/shop\/region-sud\/tapis-du-sud\/lasmar\/","og_site_name":"Djelcem","article_modified_time":"2023-12-05T02:07:26+00:00","og_image":[{"width":800,"height":1017,"url":"https:\/\/djelcem.noycy.co\/wp-content\/uploads\/2023\/11\/MZBCHAC005.jpg","type":"image\/jpeg"}],"twitter_card":"summary_large_image","schema":{"@context":"https:\/\/schema.org","@graph":[{"@type":"WebPage","@id":"https:\/\/djelcem.art\/shop\/region-sud\/tapis-du-sud\/lasmar\/","url":"https:\/\/djelcem.art\/shop\/region-sud\/tapis-du-sud\/lasmar\/","name":"LASMAR - Djelcem","isPartOf":{"@id":"https:\/\/djelcem.noycy.co\/#website"},"datePublished":"2023-11-28T21:43:28+00:00","dateModified":"2023-12-05T02:07:26+00:00","breadcrumb":{"@id":"https:\/\/djelcem.art\/shop\/region-sud\/tapis-du-sud\/lasmar\/#breadcrumb"},"inLanguage":"en-US","potentialAction":[{"@type":"ReadAction","target":["https:\/\/djelcem.art\/shop\/region-sud\/tapis-du-sud\/lasmar\/"]}]},{"@type":"BreadcrumbList","@id":"https:\/\/djelcem.art\/shop\/region-sud\/tapis-du-sud\/lasmar\/#breadcrumb","itemListElement":[{"@type":"ListItem","position":1,"name":"Accueil","item":"https:\/\/djelcem.art\/"},{"@type":"ListItem","position":2,"name":"Shop","item":"https:\/\/djelcem.noycy.co\/shop\/"},{"@type":"ListItem","position":3,"name":"LASMAR"}]},{"@type":"WebSite","@id":"https:\/\/djelcem.noycy.co\/#website","url":"https:\/\/djelcem.noycy.co\/","name":"Djelcem","description":"Djelcem-Art","publisher":{"@id":"https:\/\/djelcem.noycy.co\/#organization"},"potentialAction":[{"@type":"SearchAction","target":{"@type":"EntryPoint","urlTemplate":"https:\/\/djelcem.noycy.co\/?s={search_term_string}"},"query-input":"required name=search_term_string"}],"inLanguage":"en-US"},{"@type":"Organization","@id":"https:\/\/djelcem.noycy.co\/#organization","name":"Djelcem","url":"https:\/\/djelcem.noycy.co\/","logo":{"@type":"ImageObject","inLanguage":"en-US","@id":"https:\/\/djelcem.noycy.co\/#\/schema\/logo\/image\/","url":"https:\/\/djelcem.art\/wp-content\/uploads\/2023\/11\/Logo-DJELCEM.png","contentUrl":"https:\/\/djelcem.art\/wp-content\/uploads\/2023\/11\/Logo-DJELCEM.png","width":400,"height":192,"caption":"Djelcem"},"image":{"@id":"https:\/\/djelcem.noycy.co\/#\/schema\/logo\/image\/"}}]}},"_links":{"self":[{"href":"https:\/\/djelcem.art\/en\/wp-json\/wp\/v2\/product\/17431","targetHints":{"allow":["GET"]}}],"collection":[{"href":"https:\/\/djelcem.art\/en\/wp-json\/wp\/v2\/product"}],"about":[{"href":"https:\/\/djelcem.art\/en\/wp-json\/wp\/v2\/types\/product"}],"replies":[{"embeddable":true,"href":"https:\/\/djelcem.art\/en\/wp-json\/wp\/v2\/comments?post=17431"}],"version-history":[{"count":0,"href":"https:\/\/djelcem.art\/en\/wp-json\/wp\/v2\/product\/17431\/revisions"}],"wp:featuredmedia":[{"embeddable":true,"href":"https:\/\/djelcem.art\/en\/wp-json\/wp\/v2\/media\/18304"}],"wp:attachment":[{"href":"https:\/\/djelcem.art\/en\/wp-json\/wp\/v2\/media?parent=17431"}],"wp:term":[{"taxonomy":"product_cat","embeddable":true,"href":"https:\/\/djelcem.art\/en\/wp-json\/wp\/v2\/product_cat?post=17431"},{"taxonomy":"product_tag","embeddable":true,"href":"https:\/\/djelcem.art\/en\/wp-json\/wp\/v2\/product_tag?post=17431"}],"curies":[{"name":"wp","href":"https:\/\/api.w.org\/{rel}","templated":true}]}}