{"id":17436,"date":"2023-11-28T21:43:29","date_gmt":"2023-11-28T21:43:29","guid":{"rendered":"https:\/\/bata.djelcem.art\/?post_type=product&#038;p=17436"},"modified":"2024-07-29T18:39:00","modified_gmt":"2024-07-29T18:39:00","slug":"femme-berbere","status":"publish","type":"product","link":"https:\/\/djelcem.art\/en\/shop\/ceramique\/contemporains\/vases-et-potiches\/femme-berbere\/","title":{"rendered":"BERBER WOMEN"},"content":{"rendered":"<p>Ref. BELAGV001<\/p>\n<p>Opening 25 cm \/ Base 13 cm<\/p>\n<p>Height : 40 cm<\/p>\n<p>Weight : 2.5 kg<\/p>\n<p>Very beautiful vase, with details treaties while subtlety. Ceramic with enamel crystal-clear, the work of Mr. Belaid.<\/p>\n<p>Vase ceramic figurative, modern vision of a woman&#039;s face berber with his tattoos. Decorations made of enamel crystal-clear, lead-free, interior and exterior d\u00e9cor. Signed by the artist, Mr Belaid.<\/p>","protected":false},"excerpt":{"rendered":"<p>Very beautiful vase, with details treaties while subtlety. Ceramic with enamel crystal-clear, the work of Mr. Belaid.<\/p>\n<p>Vase ceramic figurative, modern vision of a woman&#039;s face berber with his tattoos. Decorations made of enamel crystal-clear, lead-free, interior and exterior d\u00e9cor. Signed by the artist, Mr Belaid.<\/p>","protected":false},"featured_media":17482,"comment_status":"open","ping_status":"closed","template":"","meta":[],"product_cat":[196,208],"product_tag":[],"class_list":{"0":"post-17436","1":"product","2":"type-product","3":"status-publish","4":"has-post-thumbnail","6":"product_cat-ceramique","7":"product_cat-vases-et-potiches","9":"first","10":"instock","11":"shipping-taxable","12":"product-type-simple"},"yoast_head":"<!-- This site is optimized with the Yoast SEO Premium plugin v22.0 (Yoast SEO v22.0) - https:\/\/yoast.com\/wordpress\/plugins\/seo\/ -->\n<title>FEMME BERB\u00c8RE - Djelcem<\/title>\n<meta name=\"robots\" content=\"index, follow, max-snippet:-1, max-image-preview:large, max-video-preview:-1\" \/>\n<link rel=\"canonical\" href=\"https:\/\/djelcem.art\/en\/shop\/ceramique\/contemporains\/vases-et-potiches\/femme-berbere\/\" \/>\n<meta property=\"og:locale\" content=\"en_US\" \/>\n<meta property=\"og:type\" content=\"article\" \/>\n<meta property=\"og:title\" content=\"FEMME BERB\u00c8RE\" \/>\n<meta property=\"og:description\" content=\"Tr\u00e8s beau vase, avec des d\u00e9tails trait\u00e9s tout en subtilit\u00e9. C\u00e9ramique avec \u00e9mail cristalline, \u0153uvre de M. Belaid.  Vase en c\u00e9ramique figuratif, vision moderne du visage d&#039;une femme berb\u00e8re avec ses tatouages. D\u00e9cors r\u00e9alis\u00e9s en \u00e9mail cristalline sans plomb, d\u00e9cor int\u00e9rieur et ext\u00e9rieur. Sign\u00e9s par l&#039;artiste M. Belaid.\" \/>\n<meta property=\"og:url\" content=\"https:\/\/djelcem.art\/en\/shop\/ceramique\/contemporains\/vases-et-potiches\/femme-berbere\/\" \/>\n<meta property=\"og:site_name\" content=\"Djelcem\" \/>\n<meta property=\"article:modified_time\" content=\"2024-07-29T18:39:00+00:00\" \/>\n<meta property=\"og:image\" content=\"https:\/\/djelcem.art\/wp-content\/uploads\/2023\/11\/BELAGV001-1.jpg\" \/>\n\t<meta property=\"og:image:width\" content=\"800\" \/>\n\t<meta property=\"og:image:height\" content=\"1017\" \/>\n\t<meta property=\"og:image:type\" content=\"image\/jpeg\" \/>\n<meta name=\"twitter:card\" content=\"summary_large_image\" \/>\n<script type=\"application\/ld+json\" class=\"yoast-schema-graph\">{\"@context\":\"https:\/\/schema.org\",\"@graph\":[{\"@type\":\"WebPage\",\"@id\":\"https:\/\/djelcem.art\/shop\/ceramique\/contemporains\/vases-et-potiches\/femme-berbere\/\",\"url\":\"https:\/\/djelcem.art\/shop\/ceramique\/contemporains\/vases-et-potiches\/femme-berbere\/\",\"name\":\"FEMME BERB\u00c8RE - Djelcem\",\"isPartOf\":{\"@id\":\"https:\/\/djelcem.noycy.co\/#website\"},\"datePublished\":\"2023-11-28T21:43:29+00:00\",\"dateModified\":\"2024-07-29T18:39:00+00:00\",\"breadcrumb\":{\"@id\":\"https:\/\/djelcem.art\/shop\/ceramique\/contemporains\/vases-et-potiches\/femme-berbere\/#breadcrumb\"},\"inLanguage\":\"en-US\",\"potentialAction\":[{\"@type\":\"ReadAction\",\"target\":[\"https:\/\/djelcem.art\/shop\/ceramique\/contemporains\/vases-et-potiches\/femme-berbere\/\"]}]},{\"@type\":\"BreadcrumbList\",\"@id\":\"https:\/\/djelcem.art\/shop\/ceramique\/contemporains\/vases-et-potiches\/femme-berbere\/#breadcrumb\",\"itemListElement\":[{\"@type\":\"ListItem\",\"position\":1,\"name\":\"Accueil\",\"item\":\"https:\/\/djelcem.art\/\"},{\"@type\":\"ListItem\",\"position\":2,\"name\":\"Shop\",\"item\":\"https:\/\/djelcem.noycy.co\/shop\/\"},{\"@type\":\"ListItem\",\"position\":3,\"name\":\"FEMME BERB\u00c8RE\"}]},{\"@type\":\"WebSite\",\"@id\":\"https:\/\/djelcem.noycy.co\/#website\",\"url\":\"https:\/\/djelcem.noycy.co\/\",\"name\":\"Djelcem\",\"description\":\"Djelcem-Art\",\"publisher\":{\"@id\":\"https:\/\/djelcem.noycy.co\/#organization\"},\"potentialAction\":[{\"@type\":\"SearchAction\",\"target\":{\"@type\":\"EntryPoint\",\"urlTemplate\":\"https:\/\/djelcem.noycy.co\/?s={search_term_string}\"},\"query-input\":\"required name=search_term_string\"}],\"inLanguage\":\"en-US\"},{\"@type\":\"Organization\",\"@id\":\"https:\/\/djelcem.noycy.co\/#organization\",\"name\":\"Djelcem\",\"url\":\"https:\/\/djelcem.noycy.co\/\",\"logo\":{\"@type\":\"ImageObject\",\"inLanguage\":\"en-US\",\"@id\":\"https:\/\/djelcem.noycy.co\/#\/schema\/logo\/image\/\",\"url\":\"https:\/\/djelcem.art\/wp-content\/uploads\/2023\/11\/Logo-DJELCEM.png\",\"contentUrl\":\"https:\/\/djelcem.art\/wp-content\/uploads\/2023\/11\/Logo-DJELCEM.png\",\"width\":400,\"height\":192,\"caption\":\"Djelcem\"},\"image\":{\"@id\":\"https:\/\/djelcem.noycy.co\/#\/schema\/logo\/image\/\"}}]}<\/script>\n<!-- \/ Yoast SEO Premium plugin. -->","yoast_head_json":{"title":"FEMME BERB\u00c8RE - Djelcem","robots":{"index":"index","follow":"follow","max-snippet":"max-snippet:-1","max-image-preview":"max-image-preview:large","max-video-preview":"max-video-preview:-1"},"canonical":"https:\/\/djelcem.art\/en\/shop\/ceramique\/contemporains\/vases-et-potiches\/femme-berbere\/","og_locale":"en_US","og_type":"article","og_title":"FEMME BERB\u00c8RE","og_description":"Tr\u00e8s beau vase, avec des d\u00e9tails trait\u00e9s tout en subtilit\u00e9. C\u00e9ramique avec \u00e9mail cristalline, \u0153uvre de M. Belaid.  Vase en c\u00e9ramique figuratif, vision moderne du visage d'une femme berb\u00e8re avec ses tatouages. D\u00e9cors r\u00e9alis\u00e9s en \u00e9mail cristalline sans plomb, d\u00e9cor int\u00e9rieur et ext\u00e9rieur. Sign\u00e9s par l'artiste M. Belaid.","og_url":"https:\/\/djelcem.art\/en\/shop\/ceramique\/contemporains\/vases-et-potiches\/femme-berbere\/","og_site_name":"Djelcem","article_modified_time":"2024-07-29T18:39:00+00:00","og_image":[{"width":800,"height":1017,"url":"https:\/\/djelcem.art\/wp-content\/uploads\/2023\/11\/BELAGV001-1.jpg","type":"image\/jpeg"}],"twitter_card":"summary_large_image","schema":{"@context":"https:\/\/schema.org","@graph":[{"@type":"WebPage","@id":"https:\/\/djelcem.art\/shop\/ceramique\/contemporains\/vases-et-potiches\/femme-berbere\/","url":"https:\/\/djelcem.art\/shop\/ceramique\/contemporains\/vases-et-potiches\/femme-berbere\/","name":"FEMME BERB\u00c8RE - Djelcem","isPartOf":{"@id":"https:\/\/djelcem.noycy.co\/#website"},"datePublished":"2023-11-28T21:43:29+00:00","dateModified":"2024-07-29T18:39:00+00:00","breadcrumb":{"@id":"https:\/\/djelcem.art\/shop\/ceramique\/contemporains\/vases-et-potiches\/femme-berbere\/#breadcrumb"},"inLanguage":"en-US","potentialAction":[{"@type":"ReadAction","target":["https:\/\/djelcem.art\/shop\/ceramique\/contemporains\/vases-et-potiches\/femme-berbere\/"]}]},{"@type":"BreadcrumbList","@id":"https:\/\/djelcem.art\/shop\/ceramique\/contemporains\/vases-et-potiches\/femme-berbere\/#breadcrumb","itemListElement":[{"@type":"ListItem","position":1,"name":"Accueil","item":"https:\/\/djelcem.art\/"},{"@type":"ListItem","position":2,"name":"Shop","item":"https:\/\/djelcem.noycy.co\/shop\/"},{"@type":"ListItem","position":3,"name":"FEMME BERB\u00c8RE"}]},{"@type":"WebSite","@id":"https:\/\/djelcem.noycy.co\/#website","url":"https:\/\/djelcem.noycy.co\/","name":"Djelcem","description":"Djelcem-Art","publisher":{"@id":"https:\/\/djelcem.noycy.co\/#organization"},"potentialAction":[{"@type":"SearchAction","target":{"@type":"EntryPoint","urlTemplate":"https:\/\/djelcem.noycy.co\/?s={search_term_string}"},"query-input":"required name=search_term_string"}],"inLanguage":"en-US"},{"@type":"Organization","@id":"https:\/\/djelcem.noycy.co\/#organization","name":"Djelcem","url":"https:\/\/djelcem.noycy.co\/","logo":{"@type":"ImageObject","inLanguage":"en-US","@id":"https:\/\/djelcem.noycy.co\/#\/schema\/logo\/image\/","url":"https:\/\/djelcem.art\/wp-content\/uploads\/2023\/11\/Logo-DJELCEM.png","contentUrl":"https:\/\/djelcem.art\/wp-content\/uploads\/2023\/11\/Logo-DJELCEM.png","width":400,"height":192,"caption":"Djelcem"},"image":{"@id":"https:\/\/djelcem.noycy.co\/#\/schema\/logo\/image\/"}}]}},"_links":{"self":[{"href":"https:\/\/djelcem.art\/en\/wp-json\/wp\/v2\/product\/17436","targetHints":{"allow":["GET"]}}],"collection":[{"href":"https:\/\/djelcem.art\/en\/wp-json\/wp\/v2\/product"}],"about":[{"href":"https:\/\/djelcem.art\/en\/wp-json\/wp\/v2\/types\/product"}],"replies":[{"embeddable":true,"href":"https:\/\/djelcem.art\/en\/wp-json\/wp\/v2\/comments?post=17436"}],"version-history":[{"count":1,"href":"https:\/\/djelcem.art\/en\/wp-json\/wp\/v2\/product\/17436\/revisions"}],"predecessor-version":[{"id":19104,"href":"https:\/\/djelcem.art\/en\/wp-json\/wp\/v2\/product\/17436\/revisions\/19104"}],"wp:featuredmedia":[{"embeddable":true,"href":"https:\/\/djelcem.art\/en\/wp-json\/wp\/v2\/media\/17482"}],"wp:attachment":[{"href":"https:\/\/djelcem.art\/en\/wp-json\/wp\/v2\/media?parent=17436"}],"wp:term":[{"taxonomy":"product_cat","embeddable":true,"href":"https:\/\/djelcem.art\/en\/wp-json\/wp\/v2\/product_cat?post=17436"},{"taxonomy":"product_tag","embeddable":true,"href":"https:\/\/djelcem.art\/en\/wp-json\/wp\/v2\/product_tag?post=17436"}],"curies":[{"name":"wp","href":"https:\/\/api.w.org\/{rel}","templated":true}]}}