{"id":17439,"date":"2023-11-28T21:43:29","date_gmt":"2023-11-28T21:43:29","guid":{"rendered":"https:\/\/bata.djelcem.art\/?post_type=product&#038;p=17439"},"modified":"2024-07-30T05:02:18","modified_gmt":"2024-07-30T05:02:18","slug":"tableau-couscoussier-2","status":"publish","type":"product","link":"https:\/\/djelcem.art\/en\/shop\/ceramique\/decoration\/tableau-couscoussier-2\/","title":{"rendered":"TABLE COUSCOUSSIER"},"content":{"rendered":"<p>Ref.LALC001<\/p>\n<p>Dimensions : 25 cms\/40 cms<\/p>\n<p>Weight : 4,2 kg<\/p>\n<p>Relief pattern of a couscoussier in ceramic for this beautiful table , decoration done freehand with berber motifs in a finely executed with oxides, enamel crystalline and finally the gilding in 24 carat gold. Implementation of The Lallaoui.<\/p>\n<p>&nbsp;<\/p>","protected":false},"excerpt":{"rendered":"<p>Relief pattern of a couscoussier in ceramic for this beautiful table , decoration done freehand with berber motifs in a finely executed with oxides, enamel crystalline and finally the gilding in 24 carat gold. Implementation of The Lallaoui.<\/p>\n<p>&nbsp;<\/p>","protected":false},"featured_media":17497,"comment_status":"open","ping_status":"closed","template":"","meta":[],"product_cat":[196,286],"product_tag":[],"class_list":{"0":"post-17439","1":"product","2":"type-product","3":"status-publish","4":"has-post-thumbnail","6":"product_cat-ceramique","7":"product_cat-decoration","9":"first","10":"instock","11":"shipping-taxable","12":"product-type-simple"},"yoast_head":"<!-- This site is optimized with the Yoast SEO Premium plugin v22.0 (Yoast SEO v22.0) - https:\/\/yoast.com\/wordpress\/plugins\/seo\/ -->\n<title>TABLEAU COUSCOUSSIER - Djelcem<\/title>\n<meta name=\"robots\" content=\"index, follow, max-snippet:-1, max-image-preview:large, max-video-preview:-1\" \/>\n<link rel=\"canonical\" href=\"https:\/\/djelcem.art\/en\/shop\/ceramique\/decoration\/tableau-couscoussier-2\/\" \/>\n<meta property=\"og:locale\" content=\"en_US\" \/>\n<meta property=\"og:type\" content=\"article\" \/>\n<meta property=\"og:title\" content=\"TABLEAU COUSCOUSSIER\" \/>\n<meta property=\"og:description\" content=\"Motif en relief d&#039;un couscoussier en c\u00e9ramique pour ce joli tableau , d\u00e9coration r\u00e9alis\u00e9e \u00e0 main lev\u00e9e avec des motifs berb\u00e8res tr\u00e8s finement ex\u00e9cut\u00e9s avec des \u00a0oxydes, de l&#039;\u00e9mail cristalline \u00a0et enfin la \u00a0dorure or 24 carats. \u0152uvre de L Lallaoui.  &nbsp;\" \/>\n<meta property=\"og:url\" content=\"https:\/\/djelcem.art\/en\/shop\/ceramique\/decoration\/tableau-couscoussier-2\/\" \/>\n<meta property=\"og:site_name\" content=\"Djelcem\" \/>\n<meta property=\"article:modified_time\" content=\"2024-07-30T05:02:18+00:00\" \/>\n<meta property=\"og:image\" content=\"https:\/\/djelcem.art\/wp-content\/uploads\/2023\/11\/LALC001-ret-1.jpg\" \/>\n\t<meta property=\"og:image:width\" content=\"800\" \/>\n\t<meta property=\"og:image:height\" content=\"1017\" \/>\n\t<meta property=\"og:image:type\" content=\"image\/jpeg\" \/>\n<meta name=\"twitter:card\" content=\"summary_large_image\" \/>\n<script type=\"application\/ld+json\" class=\"yoast-schema-graph\">{\"@context\":\"https:\/\/schema.org\",\"@graph\":[{\"@type\":\"WebPage\",\"@id\":\"https:\/\/djelcem.art\/shop\/ceramique\/decoration\/tableau-couscoussier-2\/\",\"url\":\"https:\/\/djelcem.art\/shop\/ceramique\/decoration\/tableau-couscoussier-2\/\",\"name\":\"TABLEAU COUSCOUSSIER - Djelcem\",\"isPartOf\":{\"@id\":\"https:\/\/djelcem.noycy.co\/#website\"},\"datePublished\":\"2023-11-28T21:43:29+00:00\",\"dateModified\":\"2024-07-30T05:02:18+00:00\",\"breadcrumb\":{\"@id\":\"https:\/\/djelcem.art\/shop\/ceramique\/decoration\/tableau-couscoussier-2\/#breadcrumb\"},\"inLanguage\":\"en-US\",\"potentialAction\":[{\"@type\":\"ReadAction\",\"target\":[\"https:\/\/djelcem.art\/shop\/ceramique\/decoration\/tableau-couscoussier-2\/\"]}]},{\"@type\":\"BreadcrumbList\",\"@id\":\"https:\/\/djelcem.art\/shop\/ceramique\/decoration\/tableau-couscoussier-2\/#breadcrumb\",\"itemListElement\":[{\"@type\":\"ListItem\",\"position\":1,\"name\":\"Accueil\",\"item\":\"https:\/\/djelcem.art\/\"},{\"@type\":\"ListItem\",\"position\":2,\"name\":\"Shop\",\"item\":\"https:\/\/djelcem.noycy.co\/shop\/\"},{\"@type\":\"ListItem\",\"position\":3,\"name\":\"TABLEAU COUSCOUSSIER\"}]},{\"@type\":\"WebSite\",\"@id\":\"https:\/\/djelcem.noycy.co\/#website\",\"url\":\"https:\/\/djelcem.noycy.co\/\",\"name\":\"Djelcem\",\"description\":\"Djelcem-Art\",\"publisher\":{\"@id\":\"https:\/\/djelcem.noycy.co\/#organization\"},\"potentialAction\":[{\"@type\":\"SearchAction\",\"target\":{\"@type\":\"EntryPoint\",\"urlTemplate\":\"https:\/\/djelcem.noycy.co\/?s={search_term_string}\"},\"query-input\":\"required name=search_term_string\"}],\"inLanguage\":\"en-US\"},{\"@type\":\"Organization\",\"@id\":\"https:\/\/djelcem.noycy.co\/#organization\",\"name\":\"Djelcem\",\"url\":\"https:\/\/djelcem.noycy.co\/\",\"logo\":{\"@type\":\"ImageObject\",\"inLanguage\":\"en-US\",\"@id\":\"https:\/\/djelcem.noycy.co\/#\/schema\/logo\/image\/\",\"url\":\"https:\/\/djelcem.art\/wp-content\/uploads\/2023\/11\/Logo-DJELCEM.png\",\"contentUrl\":\"https:\/\/djelcem.art\/wp-content\/uploads\/2023\/11\/Logo-DJELCEM.png\",\"width\":400,\"height\":192,\"caption\":\"Djelcem\"},\"image\":{\"@id\":\"https:\/\/djelcem.noycy.co\/#\/schema\/logo\/image\/\"}}]}<\/script>\n<!-- \/ Yoast SEO Premium plugin. -->","yoast_head_json":{"title":"TABLEAU COUSCOUSSIER - Djelcem","robots":{"index":"index","follow":"follow","max-snippet":"max-snippet:-1","max-image-preview":"max-image-preview:large","max-video-preview":"max-video-preview:-1"},"canonical":"https:\/\/djelcem.art\/en\/shop\/ceramique\/decoration\/tableau-couscoussier-2\/","og_locale":"en_US","og_type":"article","og_title":"TABLEAU COUSCOUSSIER","og_description":"Motif en relief d'un couscoussier en c\u00e9ramique pour ce joli tableau , d\u00e9coration r\u00e9alis\u00e9e \u00e0 main lev\u00e9e avec des motifs berb\u00e8res tr\u00e8s finement ex\u00e9cut\u00e9s avec des \u00a0oxydes, de l'\u00e9mail cristalline \u00a0et enfin la \u00a0dorure or 24 carats. \u0152uvre de L Lallaoui.  &nbsp;","og_url":"https:\/\/djelcem.art\/en\/shop\/ceramique\/decoration\/tableau-couscoussier-2\/","og_site_name":"Djelcem","article_modified_time":"2024-07-30T05:02:18+00:00","og_image":[{"width":800,"height":1017,"url":"https:\/\/djelcem.art\/wp-content\/uploads\/2023\/11\/LALC001-ret-1.jpg","type":"image\/jpeg"}],"twitter_card":"summary_large_image","schema":{"@context":"https:\/\/schema.org","@graph":[{"@type":"WebPage","@id":"https:\/\/djelcem.art\/shop\/ceramique\/decoration\/tableau-couscoussier-2\/","url":"https:\/\/djelcem.art\/shop\/ceramique\/decoration\/tableau-couscoussier-2\/","name":"TABLEAU COUSCOUSSIER - Djelcem","isPartOf":{"@id":"https:\/\/djelcem.noycy.co\/#website"},"datePublished":"2023-11-28T21:43:29+00:00","dateModified":"2024-07-30T05:02:18+00:00","breadcrumb":{"@id":"https:\/\/djelcem.art\/shop\/ceramique\/decoration\/tableau-couscoussier-2\/#breadcrumb"},"inLanguage":"en-US","potentialAction":[{"@type":"ReadAction","target":["https:\/\/djelcem.art\/shop\/ceramique\/decoration\/tableau-couscoussier-2\/"]}]},{"@type":"BreadcrumbList","@id":"https:\/\/djelcem.art\/shop\/ceramique\/decoration\/tableau-couscoussier-2\/#breadcrumb","itemListElement":[{"@type":"ListItem","position":1,"name":"Accueil","item":"https:\/\/djelcem.art\/"},{"@type":"ListItem","position":2,"name":"Shop","item":"https:\/\/djelcem.noycy.co\/shop\/"},{"@type":"ListItem","position":3,"name":"TABLEAU COUSCOUSSIER"}]},{"@type":"WebSite","@id":"https:\/\/djelcem.noycy.co\/#website","url":"https:\/\/djelcem.noycy.co\/","name":"Djelcem","description":"Djelcem-Art","publisher":{"@id":"https:\/\/djelcem.noycy.co\/#organization"},"potentialAction":[{"@type":"SearchAction","target":{"@type":"EntryPoint","urlTemplate":"https:\/\/djelcem.noycy.co\/?s={search_term_string}"},"query-input":"required name=search_term_string"}],"inLanguage":"en-US"},{"@type":"Organization","@id":"https:\/\/djelcem.noycy.co\/#organization","name":"Djelcem","url":"https:\/\/djelcem.noycy.co\/","logo":{"@type":"ImageObject","inLanguage":"en-US","@id":"https:\/\/djelcem.noycy.co\/#\/schema\/logo\/image\/","url":"https:\/\/djelcem.art\/wp-content\/uploads\/2023\/11\/Logo-DJELCEM.png","contentUrl":"https:\/\/djelcem.art\/wp-content\/uploads\/2023\/11\/Logo-DJELCEM.png","width":400,"height":192,"caption":"Djelcem"},"image":{"@id":"https:\/\/djelcem.noycy.co\/#\/schema\/logo\/image\/"}}]}},"_links":{"self":[{"href":"https:\/\/djelcem.art\/en\/wp-json\/wp\/v2\/product\/17439","targetHints":{"allow":["GET"]}}],"collection":[{"href":"https:\/\/djelcem.art\/en\/wp-json\/wp\/v2\/product"}],"about":[{"href":"https:\/\/djelcem.art\/en\/wp-json\/wp\/v2\/types\/product"}],"replies":[{"embeddable":true,"href":"https:\/\/djelcem.art\/en\/wp-json\/wp\/v2\/comments?post=17439"}],"version-history":[{"count":1,"href":"https:\/\/djelcem.art\/en\/wp-json\/wp\/v2\/product\/17439\/revisions"}],"predecessor-version":[{"id":19116,"href":"https:\/\/djelcem.art\/en\/wp-json\/wp\/v2\/product\/17439\/revisions\/19116"}],"wp:featuredmedia":[{"embeddable":true,"href":"https:\/\/djelcem.art\/en\/wp-json\/wp\/v2\/media\/17497"}],"wp:attachment":[{"href":"https:\/\/djelcem.art\/en\/wp-json\/wp\/v2\/media?parent=17439"}],"wp:term":[{"taxonomy":"product_cat","embeddable":true,"href":"https:\/\/djelcem.art\/en\/wp-json\/wp\/v2\/product_cat?post=17439"},{"taxonomy":"product_tag","embeddable":true,"href":"https:\/\/djelcem.art\/en\/wp-json\/wp\/v2\/product_tag?post=17439"}],"curies":[{"name":"wp","href":"https:\/\/api.w.org\/{rel}","templated":true}]}}