{"id":17553,"date":"2023-11-28T21:43:49","date_gmt":"2023-11-28T21:43:49","guid":{"rendered":"https:\/\/bata.djelcem.art\/?post_type=product&#038;p=17553"},"modified":"2024-08-05T18:59:19","modified_gmt":"2024-08-05T18:59:19","slug":"tazliza","status":"publish","type":"product","link":"https:\/\/djelcem.art\/en\/shop\/region-sud\/tapis-du-sud\/tazliza\/","title":{"rendered":"TAZLIZA"},"content":{"rendered":"<p>Ref. TIMTIG065<\/p>\n<p>Dimensions: 0.80 and on 1.50<\/p>\n<p>Weight: 1,70 kg<\/p>\n<p>Tazliza is a small ksar (village oasis) some 50 km northwest of Timimoun. Famous for its source of drinking water, the story also says that it was implantation sustainable tribes, nomadic arab of the Beni Hillal, from the Middle East in the Twelfth century. Influence which reads in the prevailing motif of this rug which is extremely common in Jordan, Syria, Turkey, but it is very rare or even unknown in the world Z\u00e9n\u00e8te.<\/p>\n<p>One will appreciate in this rug its beautiful simplicity that allows it to adapt without difficulty in a modern interior.<br \/>\n<span style=\"display:none\">rugs<\/span><\/p>","protected":false},"excerpt":{"rendered":"<p>Tazliza is a small ksar (village oasis) some 50 km northwest of Timimoun. Famous for its source of drinking water, the story also says that it was implantation sustainable tribes, nomadic arab of the Beni Hillal, from the Middle East in the Twelfth century. Influence which reads in the prevailing motif of this rug which is extremely common in Jordan, Syria, Turkey, but it is very rare or even unknown in the world Z\u00e9n\u00e8te.<\/p>\n<p>One will appreciate in this rug its beautiful simplicity that allows it to adapt without difficulty in a modern interior.<\/p>","protected":false},"featured_media":17554,"comment_status":"open","ping_status":"closed","template":"","meta":[],"product_cat":[217,200,246,203],"product_tag":[],"class_list":{"0":"post-17553","1":"product","2":"type-product","3":"status-publish","4":"has-post-thumbnail","6":"product_cat-gourara","7":"product_cat-tapis","8":"product_cat-tapis-du-sud","9":"product_cat-traditionnels","11":"first","12":"instock","13":"shipping-taxable","14":"product-type-simple"},"yoast_head":"<!-- This site is optimized with the Yoast SEO Premium plugin v22.0 (Yoast SEO v22.0) - https:\/\/yoast.com\/wordpress\/plugins\/seo\/ -->\n<title>TAZLIZA - Djelcem<\/title>\n<meta name=\"robots\" content=\"index, follow, max-snippet:-1, max-image-preview:large, max-video-preview:-1\" \/>\n<link rel=\"canonical\" href=\"https:\/\/djelcem.art\/en\/shop\/region-sud\/tapis-du-sud\/tazliza\/\" \/>\n<meta property=\"og:locale\" content=\"en_US\" \/>\n<meta property=\"og:type\" content=\"article\" \/>\n<meta property=\"og:title\" content=\"TAZLIZA\" \/>\n<meta property=\"og:description\" content=\"Tazliza est un petit ksar (village oasien) \u00e0 quelques 50 km au Nord-ouest de Timimoun. C\u00e9l\u00e8bre pour sa source d&#039;eau potable, l&#039;histoire dit \u00e9galement qu&#039;il fut une implantation durable des tribus nomades arabes des Beni Hillal, venues du Moyen-Orient au XII\u00e8me si\u00e8cle. Influence qui se lit dans le motif dominant de ce tapis qui est extr\u00eamement fr\u00e9quent en Jordanie, Syrie, Turquie, mais en revanche tr\u00e8s rare, voire inconnu dans le monde Z\u00e9n\u00e8te.  On appr\u00e9ciera dans ce tapis sa belle sobri\u00e9t\u00e9 qui lui permet de s&#039;adapter sans difficult\u00e9 dans un int\u00e9rieur moderne.\" \/>\n<meta property=\"og:url\" content=\"https:\/\/djelcem.art\/en\/shop\/region-sud\/tapis-du-sud\/tazliza\/\" \/>\n<meta property=\"og:site_name\" content=\"Djelcem\" \/>\n<meta property=\"article:modified_time\" content=\"2024-08-05T18:59:19+00:00\" \/>\n<meta property=\"og:image\" content=\"https:\/\/djelcem.art\/wp-content\/uploads\/2023\/11\/TIMTIG065-1.jpg\" \/>\n\t<meta property=\"og:image:width\" content=\"800\" \/>\n\t<meta property=\"og:image:height\" content=\"1017\" \/>\n\t<meta property=\"og:image:type\" content=\"image\/jpeg\" \/>\n<meta name=\"twitter:card\" content=\"summary_large_image\" \/>\n<meta name=\"twitter:label1\" content=\"Est. reading time\" \/>\n\t<meta name=\"twitter:data1\" content=\"1 minute\" \/>\n<script type=\"application\/ld+json\" class=\"yoast-schema-graph\">{\"@context\":\"https:\/\/schema.org\",\"@graph\":[{\"@type\":\"WebPage\",\"@id\":\"https:\/\/djelcem.art\/shop\/region-sud\/tapis-du-sud\/tazliza\/\",\"url\":\"https:\/\/djelcem.art\/shop\/region-sud\/tapis-du-sud\/tazliza\/\",\"name\":\"TAZLIZA - Djelcem\",\"isPartOf\":{\"@id\":\"https:\/\/djelcem.noycy.co\/#website\"},\"datePublished\":\"2023-11-28T21:43:49+00:00\",\"dateModified\":\"2024-08-05T18:59:19+00:00\",\"breadcrumb\":{\"@id\":\"https:\/\/djelcem.art\/shop\/region-sud\/tapis-du-sud\/tazliza\/#breadcrumb\"},\"inLanguage\":\"en-US\",\"potentialAction\":[{\"@type\":\"ReadAction\",\"target\":[\"https:\/\/djelcem.art\/shop\/region-sud\/tapis-du-sud\/tazliza\/\"]}]},{\"@type\":\"BreadcrumbList\",\"@id\":\"https:\/\/djelcem.art\/shop\/region-sud\/tapis-du-sud\/tazliza\/#breadcrumb\",\"itemListElement\":[{\"@type\":\"ListItem\",\"position\":1,\"name\":\"Accueil\",\"item\":\"https:\/\/djelcem.art\/\"},{\"@type\":\"ListItem\",\"position\":2,\"name\":\"Shop\",\"item\":\"https:\/\/djelcem.noycy.co\/shop\/\"},{\"@type\":\"ListItem\",\"position\":3,\"name\":\"TAZLIZA\"}]},{\"@type\":\"WebSite\",\"@id\":\"https:\/\/djelcem.noycy.co\/#website\",\"url\":\"https:\/\/djelcem.noycy.co\/\",\"name\":\"Djelcem\",\"description\":\"Djelcem-Art\",\"publisher\":{\"@id\":\"https:\/\/djelcem.noycy.co\/#organization\"},\"potentialAction\":[{\"@type\":\"SearchAction\",\"target\":{\"@type\":\"EntryPoint\",\"urlTemplate\":\"https:\/\/djelcem.noycy.co\/?s={search_term_string}\"},\"query-input\":\"required name=search_term_string\"}],\"inLanguage\":\"en-US\"},{\"@type\":\"Organization\",\"@id\":\"https:\/\/djelcem.noycy.co\/#organization\",\"name\":\"Djelcem\",\"url\":\"https:\/\/djelcem.noycy.co\/\",\"logo\":{\"@type\":\"ImageObject\",\"inLanguage\":\"en-US\",\"@id\":\"https:\/\/djelcem.noycy.co\/#\/schema\/logo\/image\/\",\"url\":\"https:\/\/djelcem.art\/wp-content\/uploads\/2023\/11\/Logo-DJELCEM.png\",\"contentUrl\":\"https:\/\/djelcem.art\/wp-content\/uploads\/2023\/11\/Logo-DJELCEM.png\",\"width\":400,\"height\":192,\"caption\":\"Djelcem\"},\"image\":{\"@id\":\"https:\/\/djelcem.noycy.co\/#\/schema\/logo\/image\/\"}}]}<\/script>\n<!-- \/ Yoast SEO Premium plugin. -->","yoast_head_json":{"title":"TAZLIZA - Djelcem","robots":{"index":"index","follow":"follow","max-snippet":"max-snippet:-1","max-image-preview":"max-image-preview:large","max-video-preview":"max-video-preview:-1"},"canonical":"https:\/\/djelcem.art\/en\/shop\/region-sud\/tapis-du-sud\/tazliza\/","og_locale":"en_US","og_type":"article","og_title":"TAZLIZA","og_description":"Tazliza est un petit ksar (village oasien) \u00e0 quelques 50 km au Nord-ouest de Timimoun. C\u00e9l\u00e8bre pour sa source d'eau potable, l'histoire dit \u00e9galement qu'il fut une implantation durable des tribus nomades arabes des Beni Hillal, venues du Moyen-Orient au XII\u00e8me si\u00e8cle. Influence qui se lit dans le motif dominant de ce tapis qui est extr\u00eamement fr\u00e9quent en Jordanie, Syrie, Turquie, mais en revanche tr\u00e8s rare, voire inconnu dans le monde Z\u00e9n\u00e8te.  On appr\u00e9ciera dans ce tapis sa belle sobri\u00e9t\u00e9 qui lui permet de s'adapter sans difficult\u00e9 dans un int\u00e9rieur moderne.","og_url":"https:\/\/djelcem.art\/en\/shop\/region-sud\/tapis-du-sud\/tazliza\/","og_site_name":"Djelcem","article_modified_time":"2024-08-05T18:59:19+00:00","og_image":[{"width":800,"height":1017,"url":"https:\/\/djelcem.art\/wp-content\/uploads\/2023\/11\/TIMTIG065-1.jpg","type":"image\/jpeg"}],"twitter_card":"summary_large_image","twitter_misc":{"Est. reading time":"1 minute"},"schema":{"@context":"https:\/\/schema.org","@graph":[{"@type":"WebPage","@id":"https:\/\/djelcem.art\/shop\/region-sud\/tapis-du-sud\/tazliza\/","url":"https:\/\/djelcem.art\/shop\/region-sud\/tapis-du-sud\/tazliza\/","name":"TAZLIZA - Djelcem","isPartOf":{"@id":"https:\/\/djelcem.noycy.co\/#website"},"datePublished":"2023-11-28T21:43:49+00:00","dateModified":"2024-08-05T18:59:19+00:00","breadcrumb":{"@id":"https:\/\/djelcem.art\/shop\/region-sud\/tapis-du-sud\/tazliza\/#breadcrumb"},"inLanguage":"en-US","potentialAction":[{"@type":"ReadAction","target":["https:\/\/djelcem.art\/shop\/region-sud\/tapis-du-sud\/tazliza\/"]}]},{"@type":"BreadcrumbList","@id":"https:\/\/djelcem.art\/shop\/region-sud\/tapis-du-sud\/tazliza\/#breadcrumb","itemListElement":[{"@type":"ListItem","position":1,"name":"Accueil","item":"https:\/\/djelcem.art\/"},{"@type":"ListItem","position":2,"name":"Shop","item":"https:\/\/djelcem.noycy.co\/shop\/"},{"@type":"ListItem","position":3,"name":"TAZLIZA"}]},{"@type":"WebSite","@id":"https:\/\/djelcem.noycy.co\/#website","url":"https:\/\/djelcem.noycy.co\/","name":"Djelcem","description":"Djelcem-Art","publisher":{"@id":"https:\/\/djelcem.noycy.co\/#organization"},"potentialAction":[{"@type":"SearchAction","target":{"@type":"EntryPoint","urlTemplate":"https:\/\/djelcem.noycy.co\/?s={search_term_string}"},"query-input":"required name=search_term_string"}],"inLanguage":"en-US"},{"@type":"Organization","@id":"https:\/\/djelcem.noycy.co\/#organization","name":"Djelcem","url":"https:\/\/djelcem.noycy.co\/","logo":{"@type":"ImageObject","inLanguage":"en-US","@id":"https:\/\/djelcem.noycy.co\/#\/schema\/logo\/image\/","url":"https:\/\/djelcem.art\/wp-content\/uploads\/2023\/11\/Logo-DJELCEM.png","contentUrl":"https:\/\/djelcem.art\/wp-content\/uploads\/2023\/11\/Logo-DJELCEM.png","width":400,"height":192,"caption":"Djelcem"},"image":{"@id":"https:\/\/djelcem.noycy.co\/#\/schema\/logo\/image\/"}}]}},"_links":{"self":[{"href":"https:\/\/djelcem.art\/en\/wp-json\/wp\/v2\/product\/17553","targetHints":{"allow":["GET"]}}],"collection":[{"href":"https:\/\/djelcem.art\/en\/wp-json\/wp\/v2\/product"}],"about":[{"href":"https:\/\/djelcem.art\/en\/wp-json\/wp\/v2\/types\/product"}],"replies":[{"embeddable":true,"href":"https:\/\/djelcem.art\/en\/wp-json\/wp\/v2\/comments?post=17553"}],"version-history":[{"count":1,"href":"https:\/\/djelcem.art\/en\/wp-json\/wp\/v2\/product\/17553\/revisions"}],"predecessor-version":[{"id":19251,"href":"https:\/\/djelcem.art\/en\/wp-json\/wp\/v2\/product\/17553\/revisions\/19251"}],"wp:featuredmedia":[{"embeddable":true,"href":"https:\/\/djelcem.art\/en\/wp-json\/wp\/v2\/media\/17554"}],"wp:attachment":[{"href":"https:\/\/djelcem.art\/en\/wp-json\/wp\/v2\/media?parent=17553"}],"wp:term":[{"taxonomy":"product_cat","embeddable":true,"href":"https:\/\/djelcem.art\/en\/wp-json\/wp\/v2\/product_cat?post=17553"},{"taxonomy":"product_tag","embeddable":true,"href":"https:\/\/djelcem.art\/en\/wp-json\/wp\/v2\/product_tag?post=17553"}],"curies":[{"name":"wp","href":"https:\/\/api.w.org\/{rel}","templated":true}]}}