{"id":17705,"date":"2023-11-29T02:17:54","date_gmt":"2023-11-29T02:17:54","guid":{"rendered":"https:\/\/bata.djelcem.art\/?post_type=product&#038;p=17705"},"modified":"2024-08-05T18:59:35","modified_gmt":"2024-08-05T18:59:35","slug":"djebel-amour","status":"publish","type":"product","link":"https:\/\/djelcem.art\/en\/shop\/region-centre\/tapis-des-hauts-plateaux\/djebel-amour\/","title":{"rendered":"DJEBEL AMOUR"},"content":{"rendered":"<p>Ref. HPCHA002<br \/>\nDimensions : 0.95 m on 2,10<br \/>\nWeight : 3.30 kg<br \/>\nThe flagship of the traditional weaving of the Djebel Amour, region of Aflou in the saharan Atlas, its grounds, as well as the two dominant colors (red, blue, indigo and dark) are iconic. Usually high wool, the entire surface of the mat is divided by diagonal lines, forming networks of diamonds nested in each other, it obeys the rule of the berber carpet that is always with geometric patterns and ever floral.<br \/>\nThe reasons corners are called mekhleb or claws. It would be of symbols preventing evil spirits from entering the soil on which it is installed. The dimensions of the one shown, are smaller than traditionally, allows him to find his place in contemporary interiors.<br \/>\n<span style=\"display:none\">rugs<\/span><\/p>","protected":false},"excerpt":{"rendered":"<p>The flagship of the traditional weaving of the Djebel Amour, region of Aflou in the saharan Atlas, its grounds, as well as the two dominant colors (red, blue, indigo and dark) are iconic. Usually high wool, the entire surface of the mat is divided by diagonal lines, forming networks of diamonds nested in each other, it obeys the rule of the berber carpet that is always with geometric patterns and ever floral.<br \/>\nThe reasons corners are called mekhleb or claws. It would be of symbols preventing evil spirits from entering the soil on which it is installed. The dimensions of the one shown, are smaller than traditionally, allows him to find his place in contemporary interiors.<\/p>","protected":false},"featured_media":17709,"comment_status":"open","ping_status":"closed","template":"","meta":[],"product_cat":[227,200,242,203],"product_tag":[],"class_list":{"0":"post-17705","1":"product","2":"type-product","3":"status-publish","4":"has-post-thumbnail","6":"product_cat-hauts-plateaux","7":"product_cat-tapis","8":"product_cat-tapis-des-hauts-plateaux","9":"product_cat-traditionnels","11":"first","12":"instock","13":"shipping-taxable","14":"product-type-simple"},"yoast_head":"<!-- This site is optimized with the Yoast SEO Premium plugin v22.0 (Yoast SEO v22.0) - https:\/\/yoast.com\/wordpress\/plugins\/seo\/ -->\n<title>DJEBEL AMOUR - Djelcem<\/title>\n<meta name=\"robots\" content=\"index, follow, max-snippet:-1, max-image-preview:large, max-video-preview:-1\" \/>\n<link rel=\"canonical\" href=\"https:\/\/djelcem.art\/en\/shop\/region-centre\/tapis-des-hauts-plateaux\/djebel-amour\/\" \/>\n<meta property=\"og:locale\" content=\"en_US\" \/>\n<meta property=\"og:type\" content=\"article\" \/>\n<meta property=\"og:title\" content=\"DJEBEL AMOUR\" \/>\n<meta property=\"og:description\" content=\"Fleuron du tissage traditionnel du Djebel Amour, r\u00e9gion d&#039;Aflou dans l&#039;Atlas saharien, ses motifs, ainsi que les deux couleurs dominantes (rouge, bleu indigo fonc\u00e9) en sont embl\u00e9matiques. Habituellement de haute laine, toute la surface du tapis est divis\u00e9e par des diagonales formant des r\u00e9seaux de losanges imbriqu\u00e9s les uns dans les autres, il ob\u00e9it \u00e0 la r\u00e8gle du tapis berb\u00e8re qui est toujours \u00e0 motifs g\u00e9om\u00e9triques et jamais floraux. Les motifs cr\u00e9nel\u00e9s sont appel\u00e9s mekhleb ou griffes. Il s&#039;agirait de symboles emp\u00eachant les mauvais g\u00e9nies de s&#039;introduire par le sol sur lequel il est pos\u00e9. Les dimensions de celui pr\u00e9sent\u00e9, plus modestes que traditionnellement, lui permet de trouver sa place dans des int\u00e9rieurs contemporains.\" \/>\n<meta property=\"og:url\" content=\"https:\/\/djelcem.art\/en\/shop\/region-centre\/tapis-des-hauts-plateaux\/djebel-amour\/\" \/>\n<meta property=\"og:site_name\" content=\"Djelcem\" \/>\n<meta property=\"article:modified_time\" content=\"2024-08-05T18:59:35+00:00\" \/>\n<meta property=\"og:image\" content=\"https:\/\/djelcem.art\/wp-content\/uploads\/2023\/11\/HPCHA002.jpg\" \/>\n\t<meta property=\"og:image:width\" content=\"800\" \/>\n\t<meta property=\"og:image:height\" content=\"1017\" \/>\n\t<meta property=\"og:image:type\" content=\"image\/jpeg\" \/>\n<meta name=\"twitter:card\" content=\"summary_large_image\" \/>\n<meta name=\"twitter:label1\" content=\"Est. reading time\" \/>\n\t<meta name=\"twitter:data1\" content=\"1 minute\" \/>\n<script type=\"application\/ld+json\" class=\"yoast-schema-graph\">{\"@context\":\"https:\/\/schema.org\",\"@graph\":[{\"@type\":\"WebPage\",\"@id\":\"https:\/\/djelcem.art\/shop\/region-centre\/tapis-des-hauts-plateaux\/djebel-amour\/\",\"url\":\"https:\/\/djelcem.art\/shop\/region-centre\/tapis-des-hauts-plateaux\/djebel-amour\/\",\"name\":\"DJEBEL AMOUR - Djelcem\",\"isPartOf\":{\"@id\":\"https:\/\/djelcem.noycy.co\/#website\"},\"datePublished\":\"2023-11-29T02:17:54+00:00\",\"dateModified\":\"2024-08-05T18:59:35+00:00\",\"breadcrumb\":{\"@id\":\"https:\/\/djelcem.art\/shop\/region-centre\/tapis-des-hauts-plateaux\/djebel-amour\/#breadcrumb\"},\"inLanguage\":\"en-US\",\"potentialAction\":[{\"@type\":\"ReadAction\",\"target\":[\"https:\/\/djelcem.art\/shop\/region-centre\/tapis-des-hauts-plateaux\/djebel-amour\/\"]}]},{\"@type\":\"BreadcrumbList\",\"@id\":\"https:\/\/djelcem.art\/shop\/region-centre\/tapis-des-hauts-plateaux\/djebel-amour\/#breadcrumb\",\"itemListElement\":[{\"@type\":\"ListItem\",\"position\":1,\"name\":\"Accueil\",\"item\":\"https:\/\/djelcem.art\/\"},{\"@type\":\"ListItem\",\"position\":2,\"name\":\"Shop\",\"item\":\"https:\/\/djelcem.noycy.co\/shop\/\"},{\"@type\":\"ListItem\",\"position\":3,\"name\":\"DJEBEL AMOUR\"}]},{\"@type\":\"WebSite\",\"@id\":\"https:\/\/djelcem.noycy.co\/#website\",\"url\":\"https:\/\/djelcem.noycy.co\/\",\"name\":\"Djelcem\",\"description\":\"Djelcem-Art\",\"publisher\":{\"@id\":\"https:\/\/djelcem.noycy.co\/#organization\"},\"potentialAction\":[{\"@type\":\"SearchAction\",\"target\":{\"@type\":\"EntryPoint\",\"urlTemplate\":\"https:\/\/djelcem.noycy.co\/?s={search_term_string}\"},\"query-input\":\"required name=search_term_string\"}],\"inLanguage\":\"en-US\"},{\"@type\":\"Organization\",\"@id\":\"https:\/\/djelcem.noycy.co\/#organization\",\"name\":\"Djelcem\",\"url\":\"https:\/\/djelcem.noycy.co\/\",\"logo\":{\"@type\":\"ImageObject\",\"inLanguage\":\"en-US\",\"@id\":\"https:\/\/djelcem.noycy.co\/#\/schema\/logo\/image\/\",\"url\":\"https:\/\/djelcem.art\/wp-content\/uploads\/2023\/11\/Logo-DJELCEM.png\",\"contentUrl\":\"https:\/\/djelcem.art\/wp-content\/uploads\/2023\/11\/Logo-DJELCEM.png\",\"width\":400,\"height\":192,\"caption\":\"Djelcem\"},\"image\":{\"@id\":\"https:\/\/djelcem.noycy.co\/#\/schema\/logo\/image\/\"}}]}<\/script>\n<!-- \/ Yoast SEO Premium plugin. -->","yoast_head_json":{"title":"DJEBEL AMOUR - Djelcem","robots":{"index":"index","follow":"follow","max-snippet":"max-snippet:-1","max-image-preview":"max-image-preview:large","max-video-preview":"max-video-preview:-1"},"canonical":"https:\/\/djelcem.art\/en\/shop\/region-centre\/tapis-des-hauts-plateaux\/djebel-amour\/","og_locale":"en_US","og_type":"article","og_title":"DJEBEL AMOUR","og_description":"Fleuron du tissage traditionnel du Djebel Amour, r\u00e9gion d'Aflou dans l'Atlas saharien, ses motifs, ainsi que les deux couleurs dominantes (rouge, bleu indigo fonc\u00e9) en sont embl\u00e9matiques. Habituellement de haute laine, toute la surface du tapis est divis\u00e9e par des diagonales formant des r\u00e9seaux de losanges imbriqu\u00e9s les uns dans les autres, il ob\u00e9it \u00e0 la r\u00e8gle du tapis berb\u00e8re qui est toujours \u00e0 motifs g\u00e9om\u00e9triques et jamais floraux. Les motifs cr\u00e9nel\u00e9s sont appel\u00e9s mekhleb ou griffes. Il s'agirait de symboles emp\u00eachant les mauvais g\u00e9nies de s'introduire par le sol sur lequel il est pos\u00e9. Les dimensions de celui pr\u00e9sent\u00e9, plus modestes que traditionnellement, lui permet de trouver sa place dans des int\u00e9rieurs contemporains.","og_url":"https:\/\/djelcem.art\/en\/shop\/region-centre\/tapis-des-hauts-plateaux\/djebel-amour\/","og_site_name":"Djelcem","article_modified_time":"2024-08-05T18:59:35+00:00","og_image":[{"width":800,"height":1017,"url":"https:\/\/djelcem.art\/wp-content\/uploads\/2023\/11\/HPCHA002.jpg","type":"image\/jpeg"}],"twitter_card":"summary_large_image","twitter_misc":{"Est. reading time":"1 minute"},"schema":{"@context":"https:\/\/schema.org","@graph":[{"@type":"WebPage","@id":"https:\/\/djelcem.art\/shop\/region-centre\/tapis-des-hauts-plateaux\/djebel-amour\/","url":"https:\/\/djelcem.art\/shop\/region-centre\/tapis-des-hauts-plateaux\/djebel-amour\/","name":"DJEBEL AMOUR - Djelcem","isPartOf":{"@id":"https:\/\/djelcem.noycy.co\/#website"},"datePublished":"2023-11-29T02:17:54+00:00","dateModified":"2024-08-05T18:59:35+00:00","breadcrumb":{"@id":"https:\/\/djelcem.art\/shop\/region-centre\/tapis-des-hauts-plateaux\/djebel-amour\/#breadcrumb"},"inLanguage":"en-US","potentialAction":[{"@type":"ReadAction","target":["https:\/\/djelcem.art\/shop\/region-centre\/tapis-des-hauts-plateaux\/djebel-amour\/"]}]},{"@type":"BreadcrumbList","@id":"https:\/\/djelcem.art\/shop\/region-centre\/tapis-des-hauts-plateaux\/djebel-amour\/#breadcrumb","itemListElement":[{"@type":"ListItem","position":1,"name":"Accueil","item":"https:\/\/djelcem.art\/"},{"@type":"ListItem","position":2,"name":"Shop","item":"https:\/\/djelcem.noycy.co\/shop\/"},{"@type":"ListItem","position":3,"name":"DJEBEL AMOUR"}]},{"@type":"WebSite","@id":"https:\/\/djelcem.noycy.co\/#website","url":"https:\/\/djelcem.noycy.co\/","name":"Djelcem","description":"Djelcem-Art","publisher":{"@id":"https:\/\/djelcem.noycy.co\/#organization"},"potentialAction":[{"@type":"SearchAction","target":{"@type":"EntryPoint","urlTemplate":"https:\/\/djelcem.noycy.co\/?s={search_term_string}"},"query-input":"required name=search_term_string"}],"inLanguage":"en-US"},{"@type":"Organization","@id":"https:\/\/djelcem.noycy.co\/#organization","name":"Djelcem","url":"https:\/\/djelcem.noycy.co\/","logo":{"@type":"ImageObject","inLanguage":"en-US","@id":"https:\/\/djelcem.noycy.co\/#\/schema\/logo\/image\/","url":"https:\/\/djelcem.art\/wp-content\/uploads\/2023\/11\/Logo-DJELCEM.png","contentUrl":"https:\/\/djelcem.art\/wp-content\/uploads\/2023\/11\/Logo-DJELCEM.png","width":400,"height":192,"caption":"Djelcem"},"image":{"@id":"https:\/\/djelcem.noycy.co\/#\/schema\/logo\/image\/"}}]}},"_links":{"self":[{"href":"https:\/\/djelcem.art\/en\/wp-json\/wp\/v2\/product\/17705","targetHints":{"allow":["GET"]}}],"collection":[{"href":"https:\/\/djelcem.art\/en\/wp-json\/wp\/v2\/product"}],"about":[{"href":"https:\/\/djelcem.art\/en\/wp-json\/wp\/v2\/types\/product"}],"replies":[{"embeddable":true,"href":"https:\/\/djelcem.art\/en\/wp-json\/wp\/v2\/comments?post=17705"}],"version-history":[{"count":2,"href":"https:\/\/djelcem.art\/en\/wp-json\/wp\/v2\/product\/17705\/revisions"}],"predecessor-version":[{"id":19254,"href":"https:\/\/djelcem.art\/en\/wp-json\/wp\/v2\/product\/17705\/revisions\/19254"}],"wp:featuredmedia":[{"embeddable":true,"href":"https:\/\/djelcem.art\/en\/wp-json\/wp\/v2\/media\/17709"}],"wp:attachment":[{"href":"https:\/\/djelcem.art\/en\/wp-json\/wp\/v2\/media?parent=17705"}],"wp:term":[{"taxonomy":"product_cat","embeddable":true,"href":"https:\/\/djelcem.art\/en\/wp-json\/wp\/v2\/product_cat?post=17705"},{"taxonomy":"product_tag","embeddable":true,"href":"https:\/\/djelcem.art\/en\/wp-json\/wp\/v2\/product_tag?post=17705"}],"curies":[{"name":"wp","href":"https:\/\/api.w.org\/{rel}","templated":true}]}}