{"id":17711,"date":"2023-11-29T02:20:56","date_gmt":"2023-11-29T02:20:56","guid":{"rendered":"https:\/\/bata.djelcem.art\/?post_type=product&#038;p=17711"},"modified":"2024-08-05T18:56:35","modified_gmt":"2024-08-05T18:56:35","slug":"tapis-nomade","status":"publish","type":"product","link":"https:\/\/djelcem.art\/en\/shop\/region-centre\/tapis-des-hauts-plateaux\/tapis-nomade\/","title":{"rendered":"RUGS NOMADIC"},"content":{"rendered":"<p>Ref. NOMGUEPA005<br \/>\nDimensions : 2.00 m on 3,55<br \/>\nWeight : 7,50 kg<br \/>\nRugs the nomads, who were used to cover the floor of the tents of the shepherds in the highlands, are similar in their structures (horizontal bands decorated with geometric figures), but all different at the discretion of the imagination of the weaver who perform them. This is a superb example.<br \/>\n<span style=\"display: none;\">rugs<\/span><\/p>","protected":false},"excerpt":{"rendered":"<p>Rugs the nomads, who were used to cover the floor of the tents of the shepherds in the highlands, are similar in their structures (horizontal bands decorated with geometric figures), but all different at the discretion of the imagination of the weaver who perform them. This is a superb example.<\/p>","protected":false},"featured_media":17715,"comment_status":"open","ping_status":"closed","template":"","meta":[],"product_cat":[227,200,242],"product_tag":[],"class_list":{"0":"post-17711","1":"product","2":"type-product","3":"status-publish","4":"has-post-thumbnail","6":"product_cat-hauts-plateaux","7":"product_cat-tapis","8":"product_cat-tapis-des-hauts-plateaux","10":"first","11":"instock","12":"shipping-taxable","13":"product-type-simple"},"yoast_head":"<!-- This site is optimized with the Yoast SEO Premium plugin v22.0 (Yoast SEO v22.0) - https:\/\/yoast.com\/wordpress\/plugins\/seo\/ -->\n<title>TAPIS NOMADE - Djelcem<\/title>\n<meta name=\"robots\" content=\"index, follow, max-snippet:-1, max-image-preview:large, max-video-preview:-1\" \/>\n<link rel=\"canonical\" href=\"https:\/\/djelcem.art\/en\/shop\/region-centre\/tapis-des-hauts-plateaux\/tapis-nomade\/\" \/>\n<meta property=\"og:locale\" content=\"en_US\" \/>\n<meta property=\"og:type\" content=\"article\" \/>\n<meta property=\"og:title\" content=\"TAPIS NOMADE\" \/>\n<meta property=\"og:description\" content=\"Les tapis nomades, qui servaient \u00e0 recouvrir le sol des tentes des pasteurs des Hauts-plateaux, sont similaires dans leurs structures (bandes horizontales orn\u00e9es de figures g\u00e9om\u00e9triques) mais tous diff\u00e9rents au gr\u00e9 de l&#039;imagination des tisserandes qui les r\u00e9alisent. Celui-ci en est un superbe exemple.\" \/>\n<meta property=\"og:url\" content=\"https:\/\/djelcem.art\/en\/shop\/region-centre\/tapis-des-hauts-plateaux\/tapis-nomade\/\" \/>\n<meta property=\"og:site_name\" content=\"Djelcem\" \/>\n<meta property=\"article:modified_time\" content=\"2024-08-05T18:56:35+00:00\" \/>\n<meta property=\"og:image\" content=\"https:\/\/djelcem.art\/wp-content\/uploads\/2023\/11\/NOMGUEPA005.jpg\" \/>\n\t<meta property=\"og:image:width\" content=\"800\" \/>\n\t<meta property=\"og:image:height\" content=\"1017\" \/>\n\t<meta property=\"og:image:type\" content=\"image\/jpeg\" \/>\n<meta name=\"twitter:card\" content=\"summary_large_image\" \/>\n<meta name=\"twitter:label1\" content=\"Est. reading time\" \/>\n\t<meta name=\"twitter:data1\" content=\"1 minute\" \/>\n<script type=\"application\/ld+json\" class=\"yoast-schema-graph\">{\"@context\":\"https:\/\/schema.org\",\"@graph\":[{\"@type\":\"WebPage\",\"@id\":\"https:\/\/djelcem.art\/shop\/region-centre\/tapis-des-hauts-plateaux\/tapis-nomade\/\",\"url\":\"https:\/\/djelcem.art\/shop\/region-centre\/tapis-des-hauts-plateaux\/tapis-nomade\/\",\"name\":\"TAPIS NOMADE - Djelcem\",\"isPartOf\":{\"@id\":\"https:\/\/djelcem.noycy.co\/#website\"},\"datePublished\":\"2023-11-29T02:20:56+00:00\",\"dateModified\":\"2024-08-05T18:56:35+00:00\",\"breadcrumb\":{\"@id\":\"https:\/\/djelcem.art\/shop\/region-centre\/tapis-des-hauts-plateaux\/tapis-nomade\/#breadcrumb\"},\"inLanguage\":\"en-US\",\"potentialAction\":[{\"@type\":\"ReadAction\",\"target\":[\"https:\/\/djelcem.art\/shop\/region-centre\/tapis-des-hauts-plateaux\/tapis-nomade\/\"]}]},{\"@type\":\"BreadcrumbList\",\"@id\":\"https:\/\/djelcem.art\/shop\/region-centre\/tapis-des-hauts-plateaux\/tapis-nomade\/#breadcrumb\",\"itemListElement\":[{\"@type\":\"ListItem\",\"position\":1,\"name\":\"Accueil\",\"item\":\"https:\/\/djelcem.art\/\"},{\"@type\":\"ListItem\",\"position\":2,\"name\":\"Shop\",\"item\":\"https:\/\/djelcem.noycy.co\/shop\/\"},{\"@type\":\"ListItem\",\"position\":3,\"name\":\"TAPIS NOMADE\"}]},{\"@type\":\"WebSite\",\"@id\":\"https:\/\/djelcem.noycy.co\/#website\",\"url\":\"https:\/\/djelcem.noycy.co\/\",\"name\":\"Djelcem\",\"description\":\"Djelcem-Art\",\"publisher\":{\"@id\":\"https:\/\/djelcem.noycy.co\/#organization\"},\"potentialAction\":[{\"@type\":\"SearchAction\",\"target\":{\"@type\":\"EntryPoint\",\"urlTemplate\":\"https:\/\/djelcem.noycy.co\/?s={search_term_string}\"},\"query-input\":\"required name=search_term_string\"}],\"inLanguage\":\"en-US\"},{\"@type\":\"Organization\",\"@id\":\"https:\/\/djelcem.noycy.co\/#organization\",\"name\":\"Djelcem\",\"url\":\"https:\/\/djelcem.noycy.co\/\",\"logo\":{\"@type\":\"ImageObject\",\"inLanguage\":\"en-US\",\"@id\":\"https:\/\/djelcem.noycy.co\/#\/schema\/logo\/image\/\",\"url\":\"https:\/\/djelcem.art\/wp-content\/uploads\/2023\/11\/Logo-DJELCEM.png\",\"contentUrl\":\"https:\/\/djelcem.art\/wp-content\/uploads\/2023\/11\/Logo-DJELCEM.png\",\"width\":400,\"height\":192,\"caption\":\"Djelcem\"},\"image\":{\"@id\":\"https:\/\/djelcem.noycy.co\/#\/schema\/logo\/image\/\"}}]}<\/script>\n<!-- \/ Yoast SEO Premium plugin. -->","yoast_head_json":{"title":"TAPIS NOMADE - Djelcem","robots":{"index":"index","follow":"follow","max-snippet":"max-snippet:-1","max-image-preview":"max-image-preview:large","max-video-preview":"max-video-preview:-1"},"canonical":"https:\/\/djelcem.art\/en\/shop\/region-centre\/tapis-des-hauts-plateaux\/tapis-nomade\/","og_locale":"en_US","og_type":"article","og_title":"TAPIS NOMADE","og_description":"Les tapis nomades, qui servaient \u00e0 recouvrir le sol des tentes des pasteurs des Hauts-plateaux, sont similaires dans leurs structures (bandes horizontales orn\u00e9es de figures g\u00e9om\u00e9triques) mais tous diff\u00e9rents au gr\u00e9 de l'imagination des tisserandes qui les r\u00e9alisent. Celui-ci en est un superbe exemple.","og_url":"https:\/\/djelcem.art\/en\/shop\/region-centre\/tapis-des-hauts-plateaux\/tapis-nomade\/","og_site_name":"Djelcem","article_modified_time":"2024-08-05T18:56:35+00:00","og_image":[{"width":800,"height":1017,"url":"https:\/\/djelcem.art\/wp-content\/uploads\/2023\/11\/NOMGUEPA005.jpg","type":"image\/jpeg"}],"twitter_card":"summary_large_image","twitter_misc":{"Est. reading time":"1 minute"},"schema":{"@context":"https:\/\/schema.org","@graph":[{"@type":"WebPage","@id":"https:\/\/djelcem.art\/shop\/region-centre\/tapis-des-hauts-plateaux\/tapis-nomade\/","url":"https:\/\/djelcem.art\/shop\/region-centre\/tapis-des-hauts-plateaux\/tapis-nomade\/","name":"TAPIS NOMADE - Djelcem","isPartOf":{"@id":"https:\/\/djelcem.noycy.co\/#website"},"datePublished":"2023-11-29T02:20:56+00:00","dateModified":"2024-08-05T18:56:35+00:00","breadcrumb":{"@id":"https:\/\/djelcem.art\/shop\/region-centre\/tapis-des-hauts-plateaux\/tapis-nomade\/#breadcrumb"},"inLanguage":"en-US","potentialAction":[{"@type":"ReadAction","target":["https:\/\/djelcem.art\/shop\/region-centre\/tapis-des-hauts-plateaux\/tapis-nomade\/"]}]},{"@type":"BreadcrumbList","@id":"https:\/\/djelcem.art\/shop\/region-centre\/tapis-des-hauts-plateaux\/tapis-nomade\/#breadcrumb","itemListElement":[{"@type":"ListItem","position":1,"name":"Accueil","item":"https:\/\/djelcem.art\/"},{"@type":"ListItem","position":2,"name":"Shop","item":"https:\/\/djelcem.noycy.co\/shop\/"},{"@type":"ListItem","position":3,"name":"TAPIS NOMADE"}]},{"@type":"WebSite","@id":"https:\/\/djelcem.noycy.co\/#website","url":"https:\/\/djelcem.noycy.co\/","name":"Djelcem","description":"Djelcem-Art","publisher":{"@id":"https:\/\/djelcem.noycy.co\/#organization"},"potentialAction":[{"@type":"SearchAction","target":{"@type":"EntryPoint","urlTemplate":"https:\/\/djelcem.noycy.co\/?s={search_term_string}"},"query-input":"required name=search_term_string"}],"inLanguage":"en-US"},{"@type":"Organization","@id":"https:\/\/djelcem.noycy.co\/#organization","name":"Djelcem","url":"https:\/\/djelcem.noycy.co\/","logo":{"@type":"ImageObject","inLanguage":"en-US","@id":"https:\/\/djelcem.noycy.co\/#\/schema\/logo\/image\/","url":"https:\/\/djelcem.art\/wp-content\/uploads\/2023\/11\/Logo-DJELCEM.png","contentUrl":"https:\/\/djelcem.art\/wp-content\/uploads\/2023\/11\/Logo-DJELCEM.png","width":400,"height":192,"caption":"Djelcem"},"image":{"@id":"https:\/\/djelcem.noycy.co\/#\/schema\/logo\/image\/"}}]}},"_links":{"self":[{"href":"https:\/\/djelcem.art\/en\/wp-json\/wp\/v2\/product\/17711","targetHints":{"allow":["GET"]}}],"collection":[{"href":"https:\/\/djelcem.art\/en\/wp-json\/wp\/v2\/product"}],"about":[{"href":"https:\/\/djelcem.art\/en\/wp-json\/wp\/v2\/types\/product"}],"replies":[{"embeddable":true,"href":"https:\/\/djelcem.art\/en\/wp-json\/wp\/v2\/comments?post=17711"}],"version-history":[{"count":2,"href":"https:\/\/djelcem.art\/en\/wp-json\/wp\/v2\/product\/17711\/revisions"}],"predecessor-version":[{"id":19240,"href":"https:\/\/djelcem.art\/en\/wp-json\/wp\/v2\/product\/17711\/revisions\/19240"}],"wp:featuredmedia":[{"embeddable":true,"href":"https:\/\/djelcem.art\/en\/wp-json\/wp\/v2\/media\/17715"}],"wp:attachment":[{"href":"https:\/\/djelcem.art\/en\/wp-json\/wp\/v2\/media?parent=17711"}],"wp:term":[{"taxonomy":"product_cat","embeddable":true,"href":"https:\/\/djelcem.art\/en\/wp-json\/wp\/v2\/product_cat?post=17711"},{"taxonomy":"product_tag","embeddable":true,"href":"https:\/\/djelcem.art\/en\/wp-json\/wp\/v2\/product_tag?post=17711"}],"curies":[{"name":"wp","href":"https:\/\/api.w.org\/{rel}","templated":true}]}}