{"id":17719,"date":"2023-11-29T02:28:37","date_gmt":"2023-11-29T02:28:37","guid":{"rendered":"https:\/\/bata.djelcem.art\/?post_type=product&#038;p=17719"},"modified":"2024-08-05T18:56:21","modified_gmt":"2024-08-05T18:56:21","slug":"gandoura-mozabite","status":"publish","type":"product","link":"https:\/\/djelcem.art\/en\/shop\/region-sud\/tapis-du-sud\/gandoura-mozabite\/","title":{"rendered":"GANDOURA MOZABITE"},"content":{"rendered":"<p>Ref. MZBAOM009<br \/>\nDimensions : 1.40 m out of 2.50<br \/>\nWeight : 3,50 kg<br \/>\nOriginally, the gandoura mozabite was worn as a ceremonial garment for the man at his wedding. It is characterized by its extremely fine weave, its structure is symmetrical around a central strip of red and black bands on which to stand out of the symbolic motifs : comb pack, grain couscous, or grenades, safety deposit box of the bride and her jewelry, candlesticks... Their layout on the carpet depend on the inspiration of the artist and are framed by narrow strips of transition : herringbone, sickles... One cannot but admire the dexterity of those who carrying it out.<br \/>\n<span style=\"display: none;\">rugs<\/span><\/p>","protected":false},"excerpt":{"rendered":"<p>Originally, the gandoura mozabite was worn as a ceremonial garment for the man at his wedding. It is characterized by its extremely fine weave, its structure is symmetrical around a central strip of red and black bands on which to stand out of the symbolic motifs : comb pack, grain couscous, or grenades, safety deposit box of the bride and her jewelry, candlesticks... Their layout on the carpet depend on the inspiration of the artist and are framed by narrow strips of transition : herringbone, sickles... One cannot but admire the dexterity of those who carrying it out.<\/p>","protected":false},"featured_media":17723,"comment_status":"open","ping_status":"closed","template":"","meta":[],"product_cat":[225,200,246],"product_tag":[],"class_list":{"0":"post-17719","1":"product","2":"type-product","3":"status-publish","4":"has-post-thumbnail","6":"product_cat-mzab","7":"product_cat-tapis","8":"product_cat-tapis-du-sud","10":"first","11":"instock","12":"shipping-taxable","13":"product-type-simple"},"yoast_head":"<!-- This site is optimized with the Yoast SEO Premium plugin v22.0 (Yoast SEO v22.0) - https:\/\/yoast.com\/wordpress\/plugins\/seo\/ -->\n<title>GANDOURA MOZABITE - Djelcem<\/title>\n<meta name=\"robots\" content=\"index, follow, max-snippet:-1, max-image-preview:large, max-video-preview:-1\" \/>\n<link rel=\"canonical\" href=\"https:\/\/djelcem.art\/en\/shop\/region-sud\/tapis-du-sud\/gandoura-mozabite\/\" \/>\n<meta property=\"og:locale\" content=\"en_US\" \/>\n<meta property=\"og:type\" content=\"article\" \/>\n<meta property=\"og:title\" content=\"GANDOURA MOZABITE\" \/>\n<meta property=\"og:description\" content=\"\u00c0 l&#039;origine, la gandoura mozabite \u00e9tait port\u00e9e comme v\u00eatement de c\u00e9r\u00e9monie par l&#039;homme lors de son mariage. Elle est caract\u00e9ris\u00e9e par son tissage tr\u00e8s fin, sa structuration sym\u00e9trique autour d&#039;une bande centrale rouge et des bandes noires sur lesquelles se d\u00e9tachent des motifs symboliques : peigne \u00e0 tasser, grains de couscous ou grenades, coffre de la mari\u00e9e et ses bijoux, chandeliers\u2026 Leur disposition sur le tapis d\u00e9pendent de l&#039;inspiration de l&#039;artisane et sont encadr\u00e9s d&#039;\u00e9troites bandes de transition : chevrons, faucilles\u2026 On ne peut qu&#039;admirer la dext\u00e9rit\u00e9 de celles qui la r\u00e9alisent.\" \/>\n<meta property=\"og:url\" content=\"https:\/\/djelcem.art\/en\/shop\/region-sud\/tapis-du-sud\/gandoura-mozabite\/\" \/>\n<meta property=\"og:site_name\" content=\"Djelcem\" \/>\n<meta property=\"article:modified_time\" content=\"2024-08-05T18:56:21+00:00\" \/>\n<meta property=\"og:image\" content=\"https:\/\/djelcem.art\/wp-content\/uploads\/2023\/11\/MZBAO009.jpg\" \/>\n\t<meta property=\"og:image:width\" content=\"800\" \/>\n\t<meta property=\"og:image:height\" content=\"1017\" \/>\n\t<meta property=\"og:image:type\" content=\"image\/jpeg\" \/>\n<meta name=\"twitter:card\" content=\"summary_large_image\" \/>\n<meta name=\"twitter:label1\" content=\"Est. reading time\" \/>\n\t<meta name=\"twitter:data1\" content=\"1 minute\" \/>\n<script type=\"application\/ld+json\" class=\"yoast-schema-graph\">{\"@context\":\"https:\/\/schema.org\",\"@graph\":[{\"@type\":\"WebPage\",\"@id\":\"https:\/\/djelcem.art\/shop\/region-sud\/tapis-du-sud\/gandoura-mozabite\/\",\"url\":\"https:\/\/djelcem.art\/shop\/region-sud\/tapis-du-sud\/gandoura-mozabite\/\",\"name\":\"GANDOURA MOZABITE - Djelcem\",\"isPartOf\":{\"@id\":\"https:\/\/djelcem.noycy.co\/#website\"},\"datePublished\":\"2023-11-29T02:28:37+00:00\",\"dateModified\":\"2024-08-05T18:56:21+00:00\",\"breadcrumb\":{\"@id\":\"https:\/\/djelcem.art\/shop\/region-sud\/tapis-du-sud\/gandoura-mozabite\/#breadcrumb\"},\"inLanguage\":\"en-US\",\"potentialAction\":[{\"@type\":\"ReadAction\",\"target\":[\"https:\/\/djelcem.art\/shop\/region-sud\/tapis-du-sud\/gandoura-mozabite\/\"]}]},{\"@type\":\"BreadcrumbList\",\"@id\":\"https:\/\/djelcem.art\/shop\/region-sud\/tapis-du-sud\/gandoura-mozabite\/#breadcrumb\",\"itemListElement\":[{\"@type\":\"ListItem\",\"position\":1,\"name\":\"Accueil\",\"item\":\"https:\/\/djelcem.art\/\"},{\"@type\":\"ListItem\",\"position\":2,\"name\":\"Shop\",\"item\":\"https:\/\/djelcem.noycy.co\/shop\/\"},{\"@type\":\"ListItem\",\"position\":3,\"name\":\"GANDOURA MOZABITE\"}]},{\"@type\":\"WebSite\",\"@id\":\"https:\/\/djelcem.noycy.co\/#website\",\"url\":\"https:\/\/djelcem.noycy.co\/\",\"name\":\"Djelcem\",\"description\":\"Djelcem-Art\",\"publisher\":{\"@id\":\"https:\/\/djelcem.noycy.co\/#organization\"},\"potentialAction\":[{\"@type\":\"SearchAction\",\"target\":{\"@type\":\"EntryPoint\",\"urlTemplate\":\"https:\/\/djelcem.noycy.co\/?s={search_term_string}\"},\"query-input\":\"required name=search_term_string\"}],\"inLanguage\":\"en-US\"},{\"@type\":\"Organization\",\"@id\":\"https:\/\/djelcem.noycy.co\/#organization\",\"name\":\"Djelcem\",\"url\":\"https:\/\/djelcem.noycy.co\/\",\"logo\":{\"@type\":\"ImageObject\",\"inLanguage\":\"en-US\",\"@id\":\"https:\/\/djelcem.noycy.co\/#\/schema\/logo\/image\/\",\"url\":\"https:\/\/djelcem.art\/wp-content\/uploads\/2023\/11\/Logo-DJELCEM.png\",\"contentUrl\":\"https:\/\/djelcem.art\/wp-content\/uploads\/2023\/11\/Logo-DJELCEM.png\",\"width\":400,\"height\":192,\"caption\":\"Djelcem\"},\"image\":{\"@id\":\"https:\/\/djelcem.noycy.co\/#\/schema\/logo\/image\/\"}}]}<\/script>\n<!-- \/ Yoast SEO Premium plugin. -->","yoast_head_json":{"title":"GANDOURA MOZABITE - Djelcem","robots":{"index":"index","follow":"follow","max-snippet":"max-snippet:-1","max-image-preview":"max-image-preview:large","max-video-preview":"max-video-preview:-1"},"canonical":"https:\/\/djelcem.art\/en\/shop\/region-sud\/tapis-du-sud\/gandoura-mozabite\/","og_locale":"en_US","og_type":"article","og_title":"GANDOURA MOZABITE","og_description":"\u00c0 l'origine, la gandoura mozabite \u00e9tait port\u00e9e comme v\u00eatement de c\u00e9r\u00e9monie par l'homme lors de son mariage. Elle est caract\u00e9ris\u00e9e par son tissage tr\u00e8s fin, sa structuration sym\u00e9trique autour d'une bande centrale rouge et des bandes noires sur lesquelles se d\u00e9tachent des motifs symboliques : peigne \u00e0 tasser, grains de couscous ou grenades, coffre de la mari\u00e9e et ses bijoux, chandeliers\u2026 Leur disposition sur le tapis d\u00e9pendent de l'inspiration de l'artisane et sont encadr\u00e9s d'\u00e9troites bandes de transition : chevrons, faucilles\u2026 On ne peut qu'admirer la dext\u00e9rit\u00e9 de celles qui la r\u00e9alisent.","og_url":"https:\/\/djelcem.art\/en\/shop\/region-sud\/tapis-du-sud\/gandoura-mozabite\/","og_site_name":"Djelcem","article_modified_time":"2024-08-05T18:56:21+00:00","og_image":[{"width":800,"height":1017,"url":"https:\/\/djelcem.art\/wp-content\/uploads\/2023\/11\/MZBAO009.jpg","type":"image\/jpeg"}],"twitter_card":"summary_large_image","twitter_misc":{"Est. reading time":"1 minute"},"schema":{"@context":"https:\/\/schema.org","@graph":[{"@type":"WebPage","@id":"https:\/\/djelcem.art\/shop\/region-sud\/tapis-du-sud\/gandoura-mozabite\/","url":"https:\/\/djelcem.art\/shop\/region-sud\/tapis-du-sud\/gandoura-mozabite\/","name":"GANDOURA MOZABITE - Djelcem","isPartOf":{"@id":"https:\/\/djelcem.noycy.co\/#website"},"datePublished":"2023-11-29T02:28:37+00:00","dateModified":"2024-08-05T18:56:21+00:00","breadcrumb":{"@id":"https:\/\/djelcem.art\/shop\/region-sud\/tapis-du-sud\/gandoura-mozabite\/#breadcrumb"},"inLanguage":"en-US","potentialAction":[{"@type":"ReadAction","target":["https:\/\/djelcem.art\/shop\/region-sud\/tapis-du-sud\/gandoura-mozabite\/"]}]},{"@type":"BreadcrumbList","@id":"https:\/\/djelcem.art\/shop\/region-sud\/tapis-du-sud\/gandoura-mozabite\/#breadcrumb","itemListElement":[{"@type":"ListItem","position":1,"name":"Accueil","item":"https:\/\/djelcem.art\/"},{"@type":"ListItem","position":2,"name":"Shop","item":"https:\/\/djelcem.noycy.co\/shop\/"},{"@type":"ListItem","position":3,"name":"GANDOURA MOZABITE"}]},{"@type":"WebSite","@id":"https:\/\/djelcem.noycy.co\/#website","url":"https:\/\/djelcem.noycy.co\/","name":"Djelcem","description":"Djelcem-Art","publisher":{"@id":"https:\/\/djelcem.noycy.co\/#organization"},"potentialAction":[{"@type":"SearchAction","target":{"@type":"EntryPoint","urlTemplate":"https:\/\/djelcem.noycy.co\/?s={search_term_string}"},"query-input":"required name=search_term_string"}],"inLanguage":"en-US"},{"@type":"Organization","@id":"https:\/\/djelcem.noycy.co\/#organization","name":"Djelcem","url":"https:\/\/djelcem.noycy.co\/","logo":{"@type":"ImageObject","inLanguage":"en-US","@id":"https:\/\/djelcem.noycy.co\/#\/schema\/logo\/image\/","url":"https:\/\/djelcem.art\/wp-content\/uploads\/2023\/11\/Logo-DJELCEM.png","contentUrl":"https:\/\/djelcem.art\/wp-content\/uploads\/2023\/11\/Logo-DJELCEM.png","width":400,"height":192,"caption":"Djelcem"},"image":{"@id":"https:\/\/djelcem.noycy.co\/#\/schema\/logo\/image\/"}}]}},"_links":{"self":[{"href":"https:\/\/djelcem.art\/en\/wp-json\/wp\/v2\/product\/17719","targetHints":{"allow":["GET"]}}],"collection":[{"href":"https:\/\/djelcem.art\/en\/wp-json\/wp\/v2\/product"}],"about":[{"href":"https:\/\/djelcem.art\/en\/wp-json\/wp\/v2\/types\/product"}],"replies":[{"embeddable":true,"href":"https:\/\/djelcem.art\/en\/wp-json\/wp\/v2\/comments?post=17719"}],"version-history":[{"count":3,"href":"https:\/\/djelcem.art\/en\/wp-json\/wp\/v2\/product\/17719\/revisions"}],"predecessor-version":[{"id":19241,"href":"https:\/\/djelcem.art\/en\/wp-json\/wp\/v2\/product\/17719\/revisions\/19241"}],"wp:featuredmedia":[{"embeddable":true,"href":"https:\/\/djelcem.art\/en\/wp-json\/wp\/v2\/media\/17723"}],"wp:attachment":[{"href":"https:\/\/djelcem.art\/en\/wp-json\/wp\/v2\/media?parent=17719"}],"wp:term":[{"taxonomy":"product_cat","embeddable":true,"href":"https:\/\/djelcem.art\/en\/wp-json\/wp\/v2\/product_cat?post=17719"},{"taxonomy":"product_tag","embeddable":true,"href":"https:\/\/djelcem.art\/en\/wp-json\/wp\/v2\/product_tag?post=17719"}],"curies":[{"name":"wp","href":"https:\/\/api.w.org\/{rel}","templated":true}]}}