{"id":17731,"date":"2023-11-29T02:33:12","date_gmt":"2023-11-29T02:33:12","guid":{"rendered":"https:\/\/bata.djelcem.art\/?post_type=product&#038;p=17731"},"modified":"2024-08-05T18:23:16","modified_gmt":"2024-08-05T18:23:16","slug":"mzab-clair","status":"publish","type":"product","link":"https:\/\/djelcem.art\/en\/shop\/region-sud\/tapis-du-sud\/mzab-clair\/","title":{"rendered":"M&#039;zab CLEAR"},"content":{"rendered":"<div data-elementor-type=\"product-post\" data-elementor-id=\"17731\" class=\"elementor elementor-17731\" data-elementor-post-type=\"product\">\n\t\t\t\t\t\t\t<div class=\"wd-negative-gap elementor-element elementor-element-506cdbd8 e-flex e-con-boxed wd-section-disabled e-con e-parent\" data-id=\"506cdbd8\" data-element_type=\"container\" data-settings=\"{&quot;content_width&quot;:&quot;boxed&quot;}\" data-core-v316-plus=\"true\">\n\t\t\t\t\t<div class=\"e-con-inner\">\n\t\t\t\t<div class=\"elementor-element elementor-element-6735ab57 color-scheme-inherit text-left elementor-widget elementor-widget-text-editor\" data-id=\"6735ab57\" data-element_type=\"widget\" data-widget_type=\"text-editor.default\">\n\t\t\t\t<div class=\"elementor-widget-container\">\n\t\t\t<style>\/*! elementor - v3.18.0 - 08-12-2023 *\/\n.elementor-widget-text-editor.elementor-drop-cap-view-stacked .elementor-drop-cap{background-color:#69727d;color:#fff}.elementor-widget-text-editor.elementor-drop-cap-view-framed .elementor-drop-cap{color:#69727d;border:3px solid;background-color:transparent}.elementor-widget-text-editor:not(.elementor-drop-cap-view-default) .elementor-drop-cap{margin-top:8px}.elementor-widget-text-editor:not(.elementor-drop-cap-view-default) .elementor-drop-cap-letter{width:1em;height:1em}.elementor-widget-text-editor .elementor-drop-cap{float:left;text-align:center;line-height:1;font-size:50px}.elementor-widget-text-editor .elementor-drop-cap-letter{display:inline-block}<\/style>\t\t\t\t<p>Ref. MZBCHAM011<br \/>Dimensions : 1.45 m on 2,65<br \/>Weight : 4,80 kg<br \/>Natural colors sober for this traditional carpets of the region of the m&#039;zab, which includes the geometric forms of traditional berber (diamonds and triangles) and fits in a very finely crafted. Its great finesse of execution makes it a very beautiful piece.<br \/><span id=\"search\">rugs<\/span><\/p>\t\t\t\t\t\t<\/div>\n\t\t\t\t<\/div>\n\t\t\t\t\t<\/div>\n\t\t\t\t<\/div>\n\t\t\t\t\t\t\t<\/div>","protected":false},"excerpt":{"rendered":"<p>Natural colors sober for this traditional carpets of the region of the m&#039;zab, which includes the geometric forms of traditional berber (diamonds and triangles) and fits in a very finely crafted. Its great finesse of execution makes it a very beautiful piece.<\/p>","protected":false},"featured_media":17735,"comment_status":"open","ping_status":"closed","template":"","meta":[],"product_cat":[225,200,246],"product_tag":[],"class_list":{"0":"post-17731","1":"product","2":"type-product","3":"status-publish","4":"has-post-thumbnail","6":"product_cat-mzab","7":"product_cat-tapis","8":"product_cat-tapis-du-sud","10":"first","11":"instock","12":"shipping-taxable","13":"product-type-simple"},"yoast_head":"<!-- This site is optimized with the Yoast SEO Premium plugin v22.0 (Yoast SEO v22.0) - https:\/\/yoast.com\/wordpress\/plugins\/seo\/ -->\n<title>M&#039;ZAB CLAIR - Djelcem<\/title>\n<meta name=\"robots\" content=\"index, follow, max-snippet:-1, max-image-preview:large, max-video-preview:-1\" \/>\n<link rel=\"canonical\" href=\"https:\/\/djelcem.art\/en\/shop\/region-sud\/tapis-du-sud\/mzab-clair\/\" \/>\n<meta property=\"og:locale\" content=\"en_US\" \/>\n<meta property=\"og:type\" content=\"article\" \/>\n<meta property=\"og:title\" content=\"M&#039;ZAB CLAIR\" \/>\n<meta property=\"og:description\" content=\"Couleurs naturelles sobres pour ce tapis traditionnel de la r\u00e9gion du M&#039;zab, qui reprend les formes g\u00e9om\u00e9triques traditionnelles berb\u00e8res (losanges et triangles) et s&#039;inscrit dans un cadre tr\u00e8s ouvrag\u00e9. Sa grande finesse d&#039;ex\u00e9cution en fait une tr\u00e8s belle pi\u00e8ce.\" \/>\n<meta property=\"og:url\" content=\"https:\/\/djelcem.art\/en\/shop\/region-sud\/tapis-du-sud\/mzab-clair\/\" \/>\n<meta property=\"og:site_name\" content=\"Djelcem\" \/>\n<meta property=\"article:modified_time\" content=\"2024-08-05T18:23:16+00:00\" \/>\n<meta property=\"og:image\" content=\"https:\/\/djelcem.art\/wp-content\/uploads\/2023\/11\/MZBCHAM011.jpg\" \/>\n\t<meta property=\"og:image:width\" content=\"800\" \/>\n\t<meta property=\"og:image:height\" content=\"1017\" \/>\n\t<meta property=\"og:image:type\" content=\"image\/jpeg\" \/>\n<meta name=\"twitter:card\" content=\"summary_large_image\" \/>\n<script type=\"application\/ld+json\" class=\"yoast-schema-graph\">{\"@context\":\"https:\/\/schema.org\",\"@graph\":[{\"@type\":\"WebPage\",\"@id\":\"https:\/\/djelcem.art\/fr\/shop\/region-sud\/tapis-du-sud\/mzab-clair\/\",\"url\":\"https:\/\/djelcem.art\/fr\/shop\/region-sud\/tapis-du-sud\/mzab-clair\/\",\"name\":\"M'ZAB CLAIR - Djelcem\",\"isPartOf\":{\"@id\":\"https:\/\/djelcem.noycy.co\/#website\"},\"datePublished\":\"2023-11-29T02:33:12+00:00\",\"dateModified\":\"2024-08-05T18:23:16+00:00\",\"breadcrumb\":{\"@id\":\"https:\/\/djelcem.art\/fr\/shop\/region-sud\/tapis-du-sud\/mzab-clair\/#breadcrumb\"},\"inLanguage\":\"en-US\",\"potentialAction\":[{\"@type\":\"ReadAction\",\"target\":[\"https:\/\/djelcem.art\/fr\/shop\/region-sud\/tapis-du-sud\/mzab-clair\/\"]}]},{\"@type\":\"BreadcrumbList\",\"@id\":\"https:\/\/djelcem.art\/fr\/shop\/region-sud\/tapis-du-sud\/mzab-clair\/#breadcrumb\",\"itemListElement\":[{\"@type\":\"ListItem\",\"position\":1,\"name\":\"Accueil\",\"item\":\"https:\/\/djelcem.art\/\"},{\"@type\":\"ListItem\",\"position\":2,\"name\":\"Shop\",\"item\":\"https:\/\/djelcem.noycy.co\/shop\/\"},{\"@type\":\"ListItem\",\"position\":3,\"name\":\"M&rsquo;ZAB CLAIR\"}]},{\"@type\":\"WebSite\",\"@id\":\"https:\/\/djelcem.noycy.co\/#website\",\"url\":\"https:\/\/djelcem.noycy.co\/\",\"name\":\"Djelcem\",\"description\":\"Djelcem-Art\",\"publisher\":{\"@id\":\"https:\/\/djelcem.noycy.co\/#organization\"},\"potentialAction\":[{\"@type\":\"SearchAction\",\"target\":{\"@type\":\"EntryPoint\",\"urlTemplate\":\"https:\/\/djelcem.noycy.co\/?s={search_term_string}\"},\"query-input\":\"required name=search_term_string\"}],\"inLanguage\":\"en-US\"},{\"@type\":\"Organization\",\"@id\":\"https:\/\/djelcem.noycy.co\/#organization\",\"name\":\"Djelcem\",\"url\":\"https:\/\/djelcem.noycy.co\/\",\"logo\":{\"@type\":\"ImageObject\",\"inLanguage\":\"en-US\",\"@id\":\"https:\/\/djelcem.noycy.co\/#\/schema\/logo\/image\/\",\"url\":\"https:\/\/djelcem.art\/wp-content\/uploads\/2023\/11\/Logo-DJELCEM.png\",\"contentUrl\":\"https:\/\/djelcem.art\/wp-content\/uploads\/2023\/11\/Logo-DJELCEM.png\",\"width\":400,\"height\":192,\"caption\":\"Djelcem\"},\"image\":{\"@id\":\"https:\/\/djelcem.noycy.co\/#\/schema\/logo\/image\/\"}}]}<\/script>\n<!-- \/ Yoast SEO Premium plugin. -->","yoast_head_json":{"title":"M'ZAB CLAIR - Djelcem","robots":{"index":"index","follow":"follow","max-snippet":"max-snippet:-1","max-image-preview":"max-image-preview:large","max-video-preview":"max-video-preview:-1"},"canonical":"https:\/\/djelcem.art\/en\/shop\/region-sud\/tapis-du-sud\/mzab-clair\/","og_locale":"en_US","og_type":"article","og_title":"M'ZAB CLAIR","og_description":"Couleurs naturelles sobres pour ce tapis traditionnel de la r\u00e9gion du M'zab, qui reprend les formes g\u00e9om\u00e9triques traditionnelles berb\u00e8res (losanges et triangles) et s'inscrit dans un cadre tr\u00e8s ouvrag\u00e9. Sa grande finesse d'ex\u00e9cution en fait une tr\u00e8s belle pi\u00e8ce.","og_url":"https:\/\/djelcem.art\/en\/shop\/region-sud\/tapis-du-sud\/mzab-clair\/","og_site_name":"Djelcem","article_modified_time":"2024-08-05T18:23:16+00:00","og_image":[{"width":800,"height":1017,"url":"https:\/\/djelcem.art\/wp-content\/uploads\/2023\/11\/MZBCHAM011.jpg","type":"image\/jpeg"}],"twitter_card":"summary_large_image","schema":{"@context":"https:\/\/schema.org","@graph":[{"@type":"WebPage","@id":"https:\/\/djelcem.art\/fr\/shop\/region-sud\/tapis-du-sud\/mzab-clair\/","url":"https:\/\/djelcem.art\/fr\/shop\/region-sud\/tapis-du-sud\/mzab-clair\/","name":"M'ZAB CLAIR - Djelcem","isPartOf":{"@id":"https:\/\/djelcem.noycy.co\/#website"},"datePublished":"2023-11-29T02:33:12+00:00","dateModified":"2024-08-05T18:23:16+00:00","breadcrumb":{"@id":"https:\/\/djelcem.art\/fr\/shop\/region-sud\/tapis-du-sud\/mzab-clair\/#breadcrumb"},"inLanguage":"en-US","potentialAction":[{"@type":"ReadAction","target":["https:\/\/djelcem.art\/fr\/shop\/region-sud\/tapis-du-sud\/mzab-clair\/"]}]},{"@type":"BreadcrumbList","@id":"https:\/\/djelcem.art\/fr\/shop\/region-sud\/tapis-du-sud\/mzab-clair\/#breadcrumb","itemListElement":[{"@type":"ListItem","position":1,"name":"Accueil","item":"https:\/\/djelcem.art\/"},{"@type":"ListItem","position":2,"name":"Shop","item":"https:\/\/djelcem.noycy.co\/shop\/"},{"@type":"ListItem","position":3,"name":"M&rsquo;ZAB CLAIR"}]},{"@type":"WebSite","@id":"https:\/\/djelcem.noycy.co\/#website","url":"https:\/\/djelcem.noycy.co\/","name":"Djelcem","description":"Djelcem-Art","publisher":{"@id":"https:\/\/djelcem.noycy.co\/#organization"},"potentialAction":[{"@type":"SearchAction","target":{"@type":"EntryPoint","urlTemplate":"https:\/\/djelcem.noycy.co\/?s={search_term_string}"},"query-input":"required name=search_term_string"}],"inLanguage":"en-US"},{"@type":"Organization","@id":"https:\/\/djelcem.noycy.co\/#organization","name":"Djelcem","url":"https:\/\/djelcem.noycy.co\/","logo":{"@type":"ImageObject","inLanguage":"en-US","@id":"https:\/\/djelcem.noycy.co\/#\/schema\/logo\/image\/","url":"https:\/\/djelcem.art\/wp-content\/uploads\/2023\/11\/Logo-DJELCEM.png","contentUrl":"https:\/\/djelcem.art\/wp-content\/uploads\/2023\/11\/Logo-DJELCEM.png","width":400,"height":192,"caption":"Djelcem"},"image":{"@id":"https:\/\/djelcem.noycy.co\/#\/schema\/logo\/image\/"}}]}},"_links":{"self":[{"href":"https:\/\/djelcem.art\/en\/wp-json\/wp\/v2\/product\/17731","targetHints":{"allow":["GET"]}}],"collection":[{"href":"https:\/\/djelcem.art\/en\/wp-json\/wp\/v2\/product"}],"about":[{"href":"https:\/\/djelcem.art\/en\/wp-json\/wp\/v2\/types\/product"}],"replies":[{"embeddable":true,"href":"https:\/\/djelcem.art\/en\/wp-json\/wp\/v2\/comments?post=17731"}],"version-history":[{"count":6,"href":"https:\/\/djelcem.art\/en\/wp-json\/wp\/v2\/product\/17731\/revisions"}],"predecessor-version":[{"id":19234,"href":"https:\/\/djelcem.art\/en\/wp-json\/wp\/v2\/product\/17731\/revisions\/19234"}],"wp:featuredmedia":[{"embeddable":true,"href":"https:\/\/djelcem.art\/en\/wp-json\/wp\/v2\/media\/17735"}],"wp:attachment":[{"href":"https:\/\/djelcem.art\/en\/wp-json\/wp\/v2\/media?parent=17731"}],"wp:term":[{"taxonomy":"product_cat","embeddable":true,"href":"https:\/\/djelcem.art\/en\/wp-json\/wp\/v2\/product_cat?post=17731"},{"taxonomy":"product_tag","embeddable":true,"href":"https:\/\/djelcem.art\/en\/wp-json\/wp\/v2\/product_tag?post=17731"}],"curies":[{"name":"wp","href":"https:\/\/api.w.org\/{rel}","templated":true}]}}