{"id":19144,"date":"2024-07-24T08:05:39","date_gmt":"2024-07-24T08:05:39","guid":{"rendered":"https:\/\/djelcem.art\/?post_type=product&#038;p=19144"},"modified":"2024-07-29T18:19:56","modified_gmt":"2024-07-29T18:19:56","slug":"bols-de-sidi-semiane","status":"publish","type":"product","link":"https:\/\/djelcem.art\/en\/shop\/tous-les-produit\/bols-de-sidi-semiane\/","title":{"rendered":"Sidi Semiane Bowls"},"content":{"rendered":"<p>Coiled molding and wheel firing for these lovely traditional bowls. Glazed with juniper resin, each model has a unique design drawn from the vast Berber symbolism.<\/p>","protected":false},"excerpt":{"rendered":"<p>Coiled molding and wheel firing for these lovely traditional bowls. Glazed with juniper resin, each model has a unique design drawn from the vast Berber symbolism.<\/p>","protected":false},"featured_media":19149,"comment_status":"open","ping_status":"closed","template":"","meta":[],"product_cat":[196,20],"product_tag":[],"class_list":{"0":"post-19144","1":"product","2":"type-product","3":"status-publish","4":"has-post-thumbnail","6":"product_cat-ceramique","7":"product_cat-tous-les-produit","9":"first","10":"instock","11":"shipping-taxable","12":"product-type-simple"},"yoast_head":"<!-- This site is optimized with the Yoast SEO Premium plugin v22.0 (Yoast SEO v22.0) - https:\/\/yoast.com\/wordpress\/plugins\/seo\/ -->\n<title>Bols de Sidi Semiane - Djelcem<\/title>\n<meta name=\"robots\" content=\"index, follow, max-snippet:-1, max-image-preview:large, max-video-preview:-1\" \/>\n<link rel=\"canonical\" href=\"https:\/\/djelcem.art\/en\/shop\/tous-les-produit\/bols-de-sidi-semiane\/\" \/>\n<meta property=\"og:locale\" content=\"en_US\" \/>\n<meta property=\"og:type\" content=\"article\" \/>\n<meta property=\"og:title\" content=\"Bols de Sidi Semiane\" \/>\n<meta property=\"og:description\" content=\"Moulage au colombin et cuisson \u00e0 meule, pour ces jolis bols traditionnels. Vernis avec de la r\u00e9sine de gen\u00e9vrier, chaque mod\u00e8le a un d\u00e9cor particulier puis\u00e9 dans la vaste symbolique berb\u00e8re.\" \/>\n<meta property=\"og:url\" content=\"https:\/\/djelcem.art\/en\/shop\/tous-les-produit\/bols-de-sidi-semiane\/\" \/>\n<meta property=\"og:site_name\" content=\"Djelcem\" \/>\n<meta property=\"article:modified_time\" content=\"2024-07-29T18:19:56+00:00\" \/>\n<meta property=\"og:image\" content=\"https:\/\/djelcem.art\/wp-content\/uploads\/2024\/07\/Produit-principal-SSBOL.jpg\" \/>\n\t<meta property=\"og:image:width\" content=\"800\" \/>\n\t<meta property=\"og:image:height\" content=\"1017\" \/>\n\t<meta property=\"og:image:type\" content=\"image\/jpeg\" \/>\n<meta name=\"twitter:card\" content=\"summary_large_image\" \/>\n<meta name=\"twitter:label1\" content=\"Est. reading time\" \/>\n\t<meta name=\"twitter:data1\" content=\"1 minute\" \/>\n<script type=\"application\/ld+json\" class=\"yoast-schema-graph\">{\"@context\":\"https:\/\/schema.org\",\"@graph\":[{\"@type\":\"WebPage\",\"@id\":\"https:\/\/djelcem.art\/shop\/tous-les-produit\/bols-de-sidi-semiane\/\",\"url\":\"https:\/\/djelcem.art\/shop\/tous-les-produit\/bols-de-sidi-semiane\/\",\"name\":\"Bols de Sidi Semiane - Djelcem\",\"isPartOf\":{\"@id\":\"https:\/\/djelcem.noycy.co\/#website\"},\"datePublished\":\"2024-07-24T08:05:39+00:00\",\"dateModified\":\"2024-07-29T18:19:56+00:00\",\"breadcrumb\":{\"@id\":\"https:\/\/djelcem.art\/shop\/tous-les-produit\/bols-de-sidi-semiane\/#breadcrumb\"},\"inLanguage\":\"en-US\",\"potentialAction\":[{\"@type\":\"ReadAction\",\"target\":[\"https:\/\/djelcem.art\/shop\/tous-les-produit\/bols-de-sidi-semiane\/\"]}]},{\"@type\":\"BreadcrumbList\",\"@id\":\"https:\/\/djelcem.art\/shop\/tous-les-produit\/bols-de-sidi-semiane\/#breadcrumb\",\"itemListElement\":[{\"@type\":\"ListItem\",\"position\":1,\"name\":\"Accueil\",\"item\":\"https:\/\/djelcem.art\/\"},{\"@type\":\"ListItem\",\"position\":2,\"name\":\"Shop\",\"item\":\"https:\/\/djelcem.noycy.co\/shop\/\"},{\"@type\":\"ListItem\",\"position\":3,\"name\":\"Bols de Sidi Semiane\"}]},{\"@type\":\"WebSite\",\"@id\":\"https:\/\/djelcem.noycy.co\/#website\",\"url\":\"https:\/\/djelcem.noycy.co\/\",\"name\":\"Djelcem\",\"description\":\"Djelcem-Art\",\"publisher\":{\"@id\":\"https:\/\/djelcem.noycy.co\/#organization\"},\"potentialAction\":[{\"@type\":\"SearchAction\",\"target\":{\"@type\":\"EntryPoint\",\"urlTemplate\":\"https:\/\/djelcem.noycy.co\/?s={search_term_string}\"},\"query-input\":\"required name=search_term_string\"}],\"inLanguage\":\"en-US\"},{\"@type\":\"Organization\",\"@id\":\"https:\/\/djelcem.noycy.co\/#organization\",\"name\":\"Djelcem\",\"url\":\"https:\/\/djelcem.noycy.co\/\",\"logo\":{\"@type\":\"ImageObject\",\"inLanguage\":\"en-US\",\"@id\":\"https:\/\/djelcem.noycy.co\/#\/schema\/logo\/image\/\",\"url\":\"https:\/\/djelcem.art\/wp-content\/uploads\/2023\/11\/Logo-DJELCEM.png\",\"contentUrl\":\"https:\/\/djelcem.art\/wp-content\/uploads\/2023\/11\/Logo-DJELCEM.png\",\"width\":400,\"height\":192,\"caption\":\"Djelcem\"},\"image\":{\"@id\":\"https:\/\/djelcem.noycy.co\/#\/schema\/logo\/image\/\"}}]}<\/script>\n<!-- \/ Yoast SEO Premium plugin. -->","yoast_head_json":{"title":"Bols de Sidi Semiane - Djelcem","robots":{"index":"index","follow":"follow","max-snippet":"max-snippet:-1","max-image-preview":"max-image-preview:large","max-video-preview":"max-video-preview:-1"},"canonical":"https:\/\/djelcem.art\/en\/shop\/tous-les-produit\/bols-de-sidi-semiane\/","og_locale":"en_US","og_type":"article","og_title":"Bols de Sidi Semiane","og_description":"Moulage au colombin et cuisson \u00e0 meule, pour ces jolis bols traditionnels. Vernis avec de la r\u00e9sine de gen\u00e9vrier, chaque mod\u00e8le a un d\u00e9cor particulier puis\u00e9 dans la vaste symbolique berb\u00e8re.","og_url":"https:\/\/djelcem.art\/en\/shop\/tous-les-produit\/bols-de-sidi-semiane\/","og_site_name":"Djelcem","article_modified_time":"2024-07-29T18:19:56+00:00","og_image":[{"width":800,"height":1017,"url":"https:\/\/djelcem.art\/wp-content\/uploads\/2024\/07\/Produit-principal-SSBOL.jpg","type":"image\/jpeg"}],"twitter_card":"summary_large_image","twitter_misc":{"Est. reading time":"1 minute"},"schema":{"@context":"https:\/\/schema.org","@graph":[{"@type":"WebPage","@id":"https:\/\/djelcem.art\/shop\/tous-les-produit\/bols-de-sidi-semiane\/","url":"https:\/\/djelcem.art\/shop\/tous-les-produit\/bols-de-sidi-semiane\/","name":"Bols de Sidi Semiane - Djelcem","isPartOf":{"@id":"https:\/\/djelcem.noycy.co\/#website"},"datePublished":"2024-07-24T08:05:39+00:00","dateModified":"2024-07-29T18:19:56+00:00","breadcrumb":{"@id":"https:\/\/djelcem.art\/shop\/tous-les-produit\/bols-de-sidi-semiane\/#breadcrumb"},"inLanguage":"en-US","potentialAction":[{"@type":"ReadAction","target":["https:\/\/djelcem.art\/shop\/tous-les-produit\/bols-de-sidi-semiane\/"]}]},{"@type":"BreadcrumbList","@id":"https:\/\/djelcem.art\/shop\/tous-les-produit\/bols-de-sidi-semiane\/#breadcrumb","itemListElement":[{"@type":"ListItem","position":1,"name":"Accueil","item":"https:\/\/djelcem.art\/"},{"@type":"ListItem","position":2,"name":"Shop","item":"https:\/\/djelcem.noycy.co\/shop\/"},{"@type":"ListItem","position":3,"name":"Bols de Sidi Semiane"}]},{"@type":"WebSite","@id":"https:\/\/djelcem.noycy.co\/#website","url":"https:\/\/djelcem.noycy.co\/","name":"Djelcem","description":"Djelcem-Art","publisher":{"@id":"https:\/\/djelcem.noycy.co\/#organization"},"potentialAction":[{"@type":"SearchAction","target":{"@type":"EntryPoint","urlTemplate":"https:\/\/djelcem.noycy.co\/?s={search_term_string}"},"query-input":"required name=search_term_string"}],"inLanguage":"en-US"},{"@type":"Organization","@id":"https:\/\/djelcem.noycy.co\/#organization","name":"Djelcem","url":"https:\/\/djelcem.noycy.co\/","logo":{"@type":"ImageObject","inLanguage":"en-US","@id":"https:\/\/djelcem.noycy.co\/#\/schema\/logo\/image\/","url":"https:\/\/djelcem.art\/wp-content\/uploads\/2023\/11\/Logo-DJELCEM.png","contentUrl":"https:\/\/djelcem.art\/wp-content\/uploads\/2023\/11\/Logo-DJELCEM.png","width":400,"height":192,"caption":"Djelcem"},"image":{"@id":"https:\/\/djelcem.noycy.co\/#\/schema\/logo\/image\/"}}]}},"_links":{"self":[{"href":"https:\/\/djelcem.art\/en\/wp-json\/wp\/v2\/product\/19144","targetHints":{"allow":["GET"]}}],"collection":[{"href":"https:\/\/djelcem.art\/en\/wp-json\/wp\/v2\/product"}],"about":[{"href":"https:\/\/djelcem.art\/en\/wp-json\/wp\/v2\/types\/product"}],"replies":[{"embeddable":true,"href":"https:\/\/djelcem.art\/en\/wp-json\/wp\/v2\/comments?post=19144"}],"version-history":[{"count":2,"href":"https:\/\/djelcem.art\/en\/wp-json\/wp\/v2\/product\/19144\/revisions"}],"predecessor-version":[{"id":19152,"href":"https:\/\/djelcem.art\/en\/wp-json\/wp\/v2\/product\/19144\/revisions\/19152"}],"wp:featuredmedia":[{"embeddable":true,"href":"https:\/\/djelcem.art\/en\/wp-json\/wp\/v2\/media\/19149"}],"wp:attachment":[{"href":"https:\/\/djelcem.art\/en\/wp-json\/wp\/v2\/media?parent=19144"}],"wp:term":[{"taxonomy":"product_cat","embeddable":true,"href":"https:\/\/djelcem.art\/en\/wp-json\/wp\/v2\/product_cat?post=19144"},{"taxonomy":"product_tag","embeddable":true,"href":"https:\/\/djelcem.art\/en\/wp-json\/wp\/v2\/product_tag?post=19144"}],"curies":[{"name":"wp","href":"https:\/\/api.w.org\/{rel}","templated":true}]}}