{"id":18229,"date":"2023-12-02T03:58:28","date_gmt":"2023-12-02T03:58:28","guid":{"rendered":"https:\/\/bata.djelcem.art\/?page_id=18229"},"modified":"2024-08-01T12:04:43","modified_gmt":"2024-08-01T12:04:43","slug":"nos-talents","status":"publish","type":"page","link":"https:\/\/djelcem.art\/fr\/nos-talents\/","title":{"rendered":"Focus Artiste"},"content":{"rendered":"<style>\/*! elementor - v3.17.0 - 08-11-2023 *\/\n.elementor-column .elementor-spacer-inner{height:var(--spacer-size)}.e-con{--container-widget-width:100%}.e-con-inner>.elementor-widget-spacer,.e-con>.elementor-widget-spacer{width:var(--container-widget-width,var(--spacer-size));--align-self:var(--container-widget-align-self,initial);--flex-shrink:0}.e-con-inner>.elementor-widget-spacer>.elementor-widget-container,.e-con>.elementor-widget-spacer>.elementor-widget-container{height:100%;width:100%}.e-con-inner>.elementor-widget-spacer>.elementor-widget-container>.elementor-spacer,.e-con>.elementor-widget-spacer>.elementor-widget-container>.elementor-spacer{height:100%}.e-con-inner>.elementor-widget-spacer>.elementor-widget-container>.elementor-spacer>.elementor-spacer-inner,.e-con>.elementor-widget-spacer>.elementor-widget-container>.elementor-spacer>.elementor-spacer-inner{height:var(--container-widget-height,var(--spacer-size))}.e-con-inner>.elementor-widget-spacer.elementor-widget-empty,.e-con>.elementor-widget-spacer.elementor-widget-empty{position:relative;min-height:22px;min-width:22px}.e-con-inner>.elementor-widget-spacer.elementor-widget-empty .elementor-widget-empty-icon,.e-con>.elementor-widget-spacer.elementor-widget-empty .elementor-widget-empty-icon{position:absolute;top:0;bottom:0;left:0;right:0;margin:auto;padding:0;width:22px;height:22px}<\/style>\n<link rel=\"stylesheet\" id=\"wd-text-block-css\" href=\"https:\/\/djelcem.noycy.co\/wp-content\/themes\/woodmart\/css\/parts\/el-text-block.min.css?ver=7.3.4\" type=\"text\/css\" media=\"all\" \/>\n<p>\u00ab\u00a0Artistes\u00a0\u00bb ou \u00ab\u00a0Artisans\u00a0\u00bb, les femmes et les hommes avec lesquels nous travaillons sont tous des passionn\u00e9s, attach\u00e9s \u00e0 leur m\u00e9tier. Des savoir-faire qu&rsquo;ils utilisent pour reproduire ou r\u00e9interpr\u00e9ter des pi\u00e8ces du patrimoine, pour r\u00e9pondre \u00e0 des commandes sp\u00e9cifiques ou encore laisser libre cours \u00e0 leur cr\u00e9ativit\u00e9 en inventant de nouvelles formes et usages. Parmi eux, certains sont d\u00e9j\u00e0 des professionnels reconnus sur la sc\u00e8ne locale, d&rsquo;autres creusent encore leur sillon mais tous sont ancr\u00e9s dans leur terreau culturel tout en s&rsquo;ouvrant au monde. \u200b<\/p>\n<style>\/*! elementor - v3.17.0 - 08-11-2023 *\/\n.elementor-widget-image{text-align:center}.elementor-widget-image a{display:inline-block}.elementor-widget-image a img[src$=\".svg\"]{width:48px}.elementor-widget-image img{vertical-align:middle;display:inline-block}<\/style>\n<p>\t\t\t\t\t\t\t\t\t\t\t\t<img fetchpriority=\"high\" decoding=\"async\" width=\"365\" height=\"516\" src=\"https:\/\/djelcem.noycy.co\/wp-content\/uploads\/2023\/11\/IMAGE-A-PROPOS-ARTISTE-Mme-Bacha-N\u00b01-150x150.jpg\" alt=\"\" srcset=\"https:\/\/djelcem.noycy.co\/wp-content\/uploads\/2023\/11\/IMAGE-A-PROPOS-ARTISTE-Mme-Bacha-N\u00b01-1-212x300.jpg 212w, https:\/\/djelcem.noycy.co\/wp-content\/uploads\/2023\/11\/uploads.jpg 150w, https:\/\/djelcem.noycy.co\/wp-content\/uploads\/2023\/11\/IMAGE-A-PROPOS-ARTISTE-Mme-Bacha-N\u00b01-150x150.jpg 365w\" sizes=\"(max-width: 365px) 100vw, 365px\" \/>\t\t\t\t\t\t\t\t\t\t\t\t\t\t\t<\/p>\n<style>\/*! elementor - v3.17.0 - 08-11-2023 *\/\n.elementor-heading-title{padding:0;margin:0;line-height:1}.elementor-widget-heading .elementor-heading-title[class*=elementor-size-]>a{color:inherit;font-size:inherit;line-height:inherit}.elementor-widget-heading .elementor-heading-title.elementor-size-small{font-size:15px}.elementor-widget-heading .elementor-heading-title.elementor-size-medium{font-size:19px}.elementor-widget-heading .elementor-heading-title.elementor-size-large{font-size:29px}.elementor-widget-heading .elementor-heading-title.elementor-size-xl{font-size:39px}.elementor-widget-heading .elementor-heading-title.elementor-size-xxl{font-size:59px}<\/style>\n<h2>BACHA Zahra<\/h2>\n<h2>Artiste C\u00e9ramiste<\/h2>\n<p>C\u00e9ramiste reconnue, Zahra Bacha a men\u00e9 en parall\u00e8le sa carri\u00e8re d&rsquo;enseignante avec ses activit\u00e9s dans l&rsquo;atelier familial de poterie dans lequel elle a acquis et perfectionn\u00e9 les techniques de fa\u00e7onnage et de d\u00e9coration aupr\u00e8s de sa d\u00e9funte m\u00e8re.<\/p>\n<p>Aujourd&rsquo;hui \u00e0 la retraite, elle se consacre totalement \u00e0 son art et a introduit des techniques nouvelles pour l&rsquo;Alg\u00e9rie telles que le Raku, technique nippone d&rsquo;enfumage, tout en explorant le patrimoine berb\u00e8re. Son style tr\u00e8s particulier est reconnaissable entre tous. Si elle a une pr\u00e9dilection pour la r\u00e9alisation de grandes pi\u00e8ces, elle n&rsquo;en d\u00e9cline pas moins son savoir-faire sur toutes sortes d&rsquo;objets au gr\u00e9 de ses inspirations.<\/p>\n","protected":false},"excerpt":{"rendered":"<p>\u00ab\u00a0Artistes\u00a0\u00bb ou \u00ab\u00a0Artisans\u00a0\u00bb, les femmes et les hommes avec lesquels nous travaillons sont tous des passionn\u00e9s, attach\u00e9s \u00e0 leur m\u00e9tier.<\/p>\n","protected":false},"author":1,"featured_media":0,"parent":0,"menu_order":0,"comment_status":"closed","ping_status":"closed","template":"","meta":{"footnotes":""},"class_list":["post-18229","page","type-page","status-publish","hentry"],"yoast_head":"<!-- This site is optimized with the Yoast SEO Premium plugin v22.0 (Yoast SEO v22.0) - https:\/\/yoast.com\/wordpress\/plugins\/seo\/ -->\n<title>Focus Artiste - Djelcem<\/title>\n<meta name=\"robots\" content=\"index, follow, max-snippet:-1, max-image-preview:large, max-video-preview:-1\" \/>\n<link rel=\"canonical\" href=\"https:\/\/djelcem.art\/fr\/nos-talents\/\" \/>\n<meta property=\"og:locale\" content=\"fr_FR\" \/>\n<meta property=\"og:type\" content=\"article\" \/>\n<meta property=\"og:title\" content=\"Focus Artiste\" \/>\n<meta property=\"og:description\" content=\"\u00ab\u00a0Artistes\u00a0\u00bb ou \u00ab\u00a0Artisans\u00a0\u00bb, les femmes et les hommes avec lesquels nous travaillons sont tous des passionn\u00e9s, attach\u00e9s \u00e0 leur m\u00e9tier.\" \/>\n<meta property=\"og:url\" content=\"https:\/\/djelcem.art\/fr\/nos-talents\/\" \/>\n<meta property=\"og:site_name\" content=\"Djelcem\" \/>\n<meta property=\"article:modified_time\" content=\"2024-08-01T12:04:43+00:00\" \/>\n<meta name=\"twitter:card\" content=\"summary_large_image\" \/>\n<meta name=\"twitter:label1\" content=\"Dur\u00e9e de lecture estim\u00e9e\" \/>\n\t<meta name=\"twitter:data1\" content=\"2 minutes\" \/>\n<script type=\"application\/ld+json\" class=\"yoast-schema-graph\">{\"@context\":\"https:\/\/schema.org\",\"@graph\":[{\"@type\":\"WebPage\",\"@id\":\"https:\/\/djelcem.art\/nos-talents\/\",\"url\":\"https:\/\/djelcem.art\/nos-talents\/\",\"name\":\"Focus Artiste - Djelcem\",\"isPartOf\":{\"@id\":\"https:\/\/djelcem.noycy.co\/#website\"},\"datePublished\":\"2023-12-02T03:58:28+00:00\",\"dateModified\":\"2024-08-01T12:04:43+00:00\",\"breadcrumb\":{\"@id\":\"https:\/\/djelcem.art\/nos-talents\/#breadcrumb\"},\"inLanguage\":\"fr-FR\",\"potentialAction\":[{\"@type\":\"ReadAction\",\"target\":[\"https:\/\/djelcem.art\/nos-talents\/\"]}]},{\"@type\":\"BreadcrumbList\",\"@id\":\"https:\/\/djelcem.art\/nos-talents\/#breadcrumb\",\"itemListElement\":[{\"@type\":\"ListItem\",\"position\":1,\"name\":\"Accueil\",\"item\":\"https:\/\/djelcem.art\/\"},{\"@type\":\"ListItem\",\"position\":2,\"name\":\"Focus Artiste\"}]},{\"@type\":\"WebSite\",\"@id\":\"https:\/\/djelcem.noycy.co\/#website\",\"url\":\"https:\/\/djelcem.noycy.co\/\",\"name\":\"Djelcem\",\"description\":\"Djelcem-Art\",\"publisher\":{\"@id\":\"https:\/\/djelcem.noycy.co\/#organization\"},\"potentialAction\":[{\"@type\":\"SearchAction\",\"target\":{\"@type\":\"EntryPoint\",\"urlTemplate\":\"https:\/\/djelcem.noycy.co\/?s={search_term_string}\"},\"query-input\":\"required name=search_term_string\"}],\"inLanguage\":\"fr-FR\"},{\"@type\":\"Organization\",\"@id\":\"https:\/\/djelcem.noycy.co\/#organization\",\"name\":\"Djelcem\",\"url\":\"https:\/\/djelcem.noycy.co\/\",\"logo\":{\"@type\":\"ImageObject\",\"inLanguage\":\"fr-FR\",\"@id\":\"https:\/\/djelcem.noycy.co\/#\/schema\/logo\/image\/\",\"url\":\"https:\/\/djelcem.art\/wp-content\/uploads\/2023\/11\/Logo-DJELCEM.png\",\"contentUrl\":\"https:\/\/djelcem.art\/wp-content\/uploads\/2023\/11\/Logo-DJELCEM.png\",\"width\":400,\"height\":192,\"caption\":\"Djelcem\"},\"image\":{\"@id\":\"https:\/\/djelcem.noycy.co\/#\/schema\/logo\/image\/\"}}]}<\/script>\n<!-- \/ Yoast SEO Premium plugin. -->","yoast_head_json":{"title":"Focus Artiste - Djelcem","robots":{"index":"index","follow":"follow","max-snippet":"max-snippet:-1","max-image-preview":"max-image-preview:large","max-video-preview":"max-video-preview:-1"},"canonical":"https:\/\/djelcem.art\/fr\/nos-talents\/","og_locale":"fr_FR","og_type":"article","og_title":"Focus Artiste","og_description":"\u00ab\u00a0Artistes\u00a0\u00bb ou \u00ab\u00a0Artisans\u00a0\u00bb, les femmes et les hommes avec lesquels nous travaillons sont tous des passionn\u00e9s, attach\u00e9s \u00e0 leur m\u00e9tier.","og_url":"https:\/\/djelcem.art\/fr\/nos-talents\/","og_site_name":"Djelcem","article_modified_time":"2024-08-01T12:04:43+00:00","twitter_card":"summary_large_image","twitter_misc":{"Dur\u00e9e de lecture estim\u00e9e":"2 minutes"},"schema":{"@context":"https:\/\/schema.org","@graph":[{"@type":"WebPage","@id":"https:\/\/djelcem.art\/nos-talents\/","url":"https:\/\/djelcem.art\/nos-talents\/","name":"Focus Artiste - Djelcem","isPartOf":{"@id":"https:\/\/djelcem.noycy.co\/#website"},"datePublished":"2023-12-02T03:58:28+00:00","dateModified":"2024-08-01T12:04:43+00:00","breadcrumb":{"@id":"https:\/\/djelcem.art\/nos-talents\/#breadcrumb"},"inLanguage":"fr-FR","potentialAction":[{"@type":"ReadAction","target":["https:\/\/djelcem.art\/nos-talents\/"]}]},{"@type":"BreadcrumbList","@id":"https:\/\/djelcem.art\/nos-talents\/#breadcrumb","itemListElement":[{"@type":"ListItem","position":1,"name":"Accueil","item":"https:\/\/djelcem.art\/"},{"@type":"ListItem","position":2,"name":"Focus Artiste"}]},{"@type":"WebSite","@id":"https:\/\/djelcem.noycy.co\/#website","url":"https:\/\/djelcem.noycy.co\/","name":"Djelcem","description":"Djelcem-Art","publisher":{"@id":"https:\/\/djelcem.noycy.co\/#organization"},"potentialAction":[{"@type":"SearchAction","target":{"@type":"EntryPoint","urlTemplate":"https:\/\/djelcem.noycy.co\/?s={search_term_string}"},"query-input":"required name=search_term_string"}],"inLanguage":"fr-FR"},{"@type":"Organization","@id":"https:\/\/djelcem.noycy.co\/#organization","name":"Djelcem","url":"https:\/\/djelcem.noycy.co\/","logo":{"@type":"ImageObject","inLanguage":"fr-FR","@id":"https:\/\/djelcem.noycy.co\/#\/schema\/logo\/image\/","url":"https:\/\/djelcem.art\/wp-content\/uploads\/2023\/11\/Logo-DJELCEM.png","contentUrl":"https:\/\/djelcem.art\/wp-content\/uploads\/2023\/11\/Logo-DJELCEM.png","width":400,"height":192,"caption":"Djelcem"},"image":{"@id":"https:\/\/djelcem.noycy.co\/#\/schema\/logo\/image\/"}}]}},"_links":{"self":[{"href":"https:\/\/djelcem.art\/fr\/wp-json\/wp\/v2\/pages\/18229","targetHints":{"allow":["GET"]}}],"collection":[{"href":"https:\/\/djelcem.art\/fr\/wp-json\/wp\/v2\/pages"}],"about":[{"href":"https:\/\/djelcem.art\/fr\/wp-json\/wp\/v2\/types\/page"}],"author":[{"embeddable":true,"href":"https:\/\/djelcem.art\/fr\/wp-json\/wp\/v2\/users\/1"}],"replies":[{"embeddable":true,"href":"https:\/\/djelcem.art\/fr\/wp-json\/wp\/v2\/comments?post=18229"}],"version-history":[{"count":1,"href":"https:\/\/djelcem.art\/fr\/wp-json\/wp\/v2\/pages\/18229\/revisions"}],"predecessor-version":[{"id":19228,"href":"https:\/\/djelcem.art\/fr\/wp-json\/wp\/v2\/pages\/18229\/revisions\/19228"}],"wp:attachment":[{"href":"https:\/\/djelcem.art\/fr\/wp-json\/wp\/v2\/media?parent=18229"}],"curies":[{"name":"wp","href":"https:\/\/api.w.org\/{rel}","templated":true}]}}