{"id":17430,"date":"2023-11-28T21:43:28","date_gmt":"2023-11-28T21:43:28","guid":{"rendered":"https:\/\/bata.djelcem.art\/?post_type=product&#038;p=17430"},"modified":"2024-08-05T18:57:47","modified_gmt":"2024-08-05T18:57:47","slug":"crepuscule-sur-les-dunes","status":"publish","type":"product","link":"https:\/\/djelcem.art\/fr\/shop\/tapis\/contemporains-tapis\/crepuscule-sur-les-dunes\/","title":{"rendered":"CREPUSCULE SUR LES DUNES"},"content":{"rendered":"<p>R\u00e9f.TIMTIGC065<\/p>\n<p>Dimensions : 1,10 m sur 1,66<\/p>\n<p>Poids : 1,60 kg<\/p>\n<p>Cette cr\u00e9ation contemporaine s&rsquo;inspire d&rsquo;un moment particulier de la vie du d\u00e9sert, o\u00f9 toutes les couleurs, tous les flamboiements sont possibles, impr\u00e9visibles et extraordinairement beaux sur les dunes. Le \u00ab\u00a0noir\u00a0\u00bb s&rsquo;installe peu \u00e0 peu, gr\u00e2ce aux sombres couleurs du bois de camp\u00eache, mais le champ de dunes, d&rsquo;abord aplaties puis de plus en plus \u00e9lanc\u00e9es, de plus en plus pointues \u00e0 mesure que l&rsquo;on s&rsquo;enfonce dans l&rsquo;espace dunaire, vire du jaune p\u00e2le au vert p\u00e2le, puis plus fonc\u00e9, \u00e0 l&rsquo;ocre puis au flamboiement du rouge. Le tapis est un \u00ab\u00a0champ\u00a0\u00bb de formes triangulaires. Point\u00e9es vers le haut et regardant le ciel, elles symboliseraient l&rsquo;homme. Point\u00e9es vers le bas, vers la terre nourrici\u00e8re et fertile, elles symboliseraient la femme.<br \/>\n<span style=\"display:none\">rugs<\/span><\/p>\n","protected":false},"excerpt":{"rendered":"<p>Cette cr\u00e9ation contemporaine s&rsquo;inspire d&rsquo;un moment particulier de la vie du d\u00e9sert, o\u00f9 toutes les couleurs, tous les flamboiements sont possibles, impr\u00e9visibles et extraordinairement beaux sur les dunes. Le \u00ab\u00a0noir\u00a0\u00bb s&rsquo;installe peu \u00e0 peu, gr\u00e2ce aux sombres couleurs du bois de camp\u00eache, mais le champ de dunes, d&rsquo;abord aplaties puis de plus en plus \u00e9lanc\u00e9es, de plus en plus pointues \u00e0 mesure que l&rsquo;on s&rsquo;enfonce dans l&rsquo;espace dunaire, vire du jaune p\u00e2le au vert p\u00e2le, puis plus fonc\u00e9, \u00e0 l&rsquo;ocre puis au flamboiement du rouge. Le tapis est un \u00ab\u00a0champ\u00a0\u00bb de formes triangulaires. Point\u00e9es vers le haut et regardant le ciel, elles symboliseraient l&rsquo;homme. Point\u00e9es vers le bas, vers la terre nourrici\u00e8re et fertile, elles symboliseraient la femme.<\/p>\n","protected":false},"featured_media":17408,"comment_status":"open","ping_status":"closed","template":"","meta":[],"product_cat":[201,200],"product_tag":[],"class_list":{"0":"post-17430","1":"product","2":"type-product","3":"status-publish","4":"has-post-thumbnail","6":"product_cat-contemporains-tapis","7":"product_cat-tapis","9":"first","10":"instock","11":"shipping-taxable","12":"product-type-simple"},"yoast_head":"<!-- This site is optimized with the Yoast SEO Premium plugin v22.0 (Yoast SEO v22.0) - https:\/\/yoast.com\/wordpress\/plugins\/seo\/ -->\n<title>CREPUSCULE SUR LES DUNES - Djelcem<\/title>\n<meta name=\"robots\" content=\"index, follow, max-snippet:-1, max-image-preview:large, max-video-preview:-1\" \/>\n<link rel=\"canonical\" href=\"https:\/\/djelcem.art\/fr\/shop\/tapis\/contemporains-tapis\/crepuscule-sur-les-dunes\/\" \/>\n<meta property=\"og:locale\" content=\"fr_FR\" \/>\n<meta property=\"og:type\" content=\"article\" \/>\n<meta property=\"og:title\" content=\"CREPUSCULE SUR LES DUNES\" \/>\n<meta property=\"og:description\" content=\"Cette cr\u00e9ation contemporaine s&#039;inspire d&#039;un moment particulier de la vie du d\u00e9sert, o\u00f9 toutes les couleurs, tous les flamboiements sont possibles, impr\u00e9visibles et extraordinairement beaux sur les dunes. Le &quot;noir&quot; s&#039;installe peu \u00e0 peu, gr\u00e2ce aux sombres couleurs du bois de camp\u00eache, mais le champ de dunes, d&#039;abord aplaties puis de plus en plus \u00e9lanc\u00e9es, de plus en plus pointues \u00e0 mesure que l&#039;on s&#039;enfonce dans l&#039;espace dunaire, vire du jaune p\u00e2le au vert p\u00e2le, puis plus fonc\u00e9, \u00e0 l&#039;ocre puis au flamboiement du rouge. Le tapis est un &quot;champ&quot; de formes triangulaires. Point\u00e9es vers le haut et regardant le ciel, elles symboliseraient l&#039;homme. Point\u00e9es vers le bas, vers la terre nourrici\u00e8re et fertile, elles symboliseraient la femme.\" \/>\n<meta property=\"og:url\" content=\"https:\/\/djelcem.art\/fr\/shop\/tapis\/contemporains-tapis\/crepuscule-sur-les-dunes\/\" \/>\n<meta property=\"og:site_name\" content=\"Djelcem\" \/>\n<meta property=\"article:modified_time\" content=\"2024-08-05T18:57:47+00:00\" \/>\n<meta property=\"og:image\" content=\"https:\/\/djelcem.art\/wp-content\/uploads\/2023\/11\/TIMTIGC065-1-1.jpg\" \/>\n\t<meta property=\"og:image:width\" content=\"800\" \/>\n\t<meta property=\"og:image:height\" content=\"1017\" \/>\n\t<meta property=\"og:image:type\" content=\"image\/jpeg\" \/>\n<meta name=\"twitter:card\" content=\"summary_large_image\" \/>\n<meta name=\"twitter:label1\" content=\"Dur\u00e9e de lecture estim\u00e9e\" \/>\n\t<meta name=\"twitter:data1\" content=\"1 minute\" \/>\n<script type=\"application\/ld+json\" class=\"yoast-schema-graph\">{\"@context\":\"https:\/\/schema.org\",\"@graph\":[{\"@type\":\"WebPage\",\"@id\":\"https:\/\/djelcem.art\/shop\/tapis\/contemporains-tapis\/crepuscule-sur-les-dunes\/\",\"url\":\"https:\/\/djelcem.art\/shop\/tapis\/contemporains-tapis\/crepuscule-sur-les-dunes\/\",\"name\":\"CREPUSCULE SUR LES DUNES - Djelcem\",\"isPartOf\":{\"@id\":\"https:\/\/djelcem.noycy.co\/#website\"},\"datePublished\":\"2023-11-28T21:43:28+00:00\",\"dateModified\":\"2024-08-05T18:57:47+00:00\",\"breadcrumb\":{\"@id\":\"https:\/\/djelcem.art\/shop\/tapis\/contemporains-tapis\/crepuscule-sur-les-dunes\/#breadcrumb\"},\"inLanguage\":\"fr-FR\",\"potentialAction\":[{\"@type\":\"ReadAction\",\"target\":[\"https:\/\/djelcem.art\/shop\/tapis\/contemporains-tapis\/crepuscule-sur-les-dunes\/\"]}]},{\"@type\":\"BreadcrumbList\",\"@id\":\"https:\/\/djelcem.art\/shop\/tapis\/contemporains-tapis\/crepuscule-sur-les-dunes\/#breadcrumb\",\"itemListElement\":[{\"@type\":\"ListItem\",\"position\":1,\"name\":\"Accueil\",\"item\":\"https:\/\/djelcem.art\/\"},{\"@type\":\"ListItem\",\"position\":2,\"name\":\"Shop\",\"item\":\"https:\/\/djelcem.noycy.co\/shop\/\"},{\"@type\":\"ListItem\",\"position\":3,\"name\":\"CREPUSCULE SUR LES DUNES\"}]},{\"@type\":\"WebSite\",\"@id\":\"https:\/\/djelcem.noycy.co\/#website\",\"url\":\"https:\/\/djelcem.noycy.co\/\",\"name\":\"Djelcem\",\"description\":\"Djelcem-Art\",\"publisher\":{\"@id\":\"https:\/\/djelcem.noycy.co\/#organization\"},\"potentialAction\":[{\"@type\":\"SearchAction\",\"target\":{\"@type\":\"EntryPoint\",\"urlTemplate\":\"https:\/\/djelcem.noycy.co\/?s={search_term_string}\"},\"query-input\":\"required name=search_term_string\"}],\"inLanguage\":\"fr-FR\"},{\"@type\":\"Organization\",\"@id\":\"https:\/\/djelcem.noycy.co\/#organization\",\"name\":\"Djelcem\",\"url\":\"https:\/\/djelcem.noycy.co\/\",\"logo\":{\"@type\":\"ImageObject\",\"inLanguage\":\"fr-FR\",\"@id\":\"https:\/\/djelcem.noycy.co\/#\/schema\/logo\/image\/\",\"url\":\"https:\/\/djelcem.art\/wp-content\/uploads\/2023\/11\/Logo-DJELCEM.png\",\"contentUrl\":\"https:\/\/djelcem.art\/wp-content\/uploads\/2023\/11\/Logo-DJELCEM.png\",\"width\":400,\"height\":192,\"caption\":\"Djelcem\"},\"image\":{\"@id\":\"https:\/\/djelcem.noycy.co\/#\/schema\/logo\/image\/\"}}]}<\/script>\n<!-- \/ Yoast SEO Premium plugin. -->","yoast_head_json":{"title":"CREPUSCULE SUR LES DUNES - Djelcem","robots":{"index":"index","follow":"follow","max-snippet":"max-snippet:-1","max-image-preview":"max-image-preview:large","max-video-preview":"max-video-preview:-1"},"canonical":"https:\/\/djelcem.art\/fr\/shop\/tapis\/contemporains-tapis\/crepuscule-sur-les-dunes\/","og_locale":"fr_FR","og_type":"article","og_title":"CREPUSCULE SUR LES DUNES","og_description":"Cette cr\u00e9ation contemporaine s'inspire d'un moment particulier de la vie du d\u00e9sert, o\u00f9 toutes les couleurs, tous les flamboiements sont possibles, impr\u00e9visibles et extraordinairement beaux sur les dunes. Le \"noir\" s'installe peu \u00e0 peu, gr\u00e2ce aux sombres couleurs du bois de camp\u00eache, mais le champ de dunes, d'abord aplaties puis de plus en plus \u00e9lanc\u00e9es, de plus en plus pointues \u00e0 mesure que l'on s'enfonce dans l'espace dunaire, vire du jaune p\u00e2le au vert p\u00e2le, puis plus fonc\u00e9, \u00e0 l'ocre puis au flamboiement du rouge. Le tapis est un \"champ\" de formes triangulaires. Point\u00e9es vers le haut et regardant le ciel, elles symboliseraient l'homme. Point\u00e9es vers le bas, vers la terre nourrici\u00e8re et fertile, elles symboliseraient la femme.","og_url":"https:\/\/djelcem.art\/fr\/shop\/tapis\/contemporains-tapis\/crepuscule-sur-les-dunes\/","og_site_name":"Djelcem","article_modified_time":"2024-08-05T18:57:47+00:00","og_image":[{"width":800,"height":1017,"url":"https:\/\/djelcem.art\/wp-content\/uploads\/2023\/11\/TIMTIGC065-1-1.jpg","type":"image\/jpeg"}],"twitter_card":"summary_large_image","twitter_misc":{"Dur\u00e9e de lecture estim\u00e9e":"1 minute"},"schema":{"@context":"https:\/\/schema.org","@graph":[{"@type":"WebPage","@id":"https:\/\/djelcem.art\/shop\/tapis\/contemporains-tapis\/crepuscule-sur-les-dunes\/","url":"https:\/\/djelcem.art\/shop\/tapis\/contemporains-tapis\/crepuscule-sur-les-dunes\/","name":"CREPUSCULE SUR LES DUNES - Djelcem","isPartOf":{"@id":"https:\/\/djelcem.noycy.co\/#website"},"datePublished":"2023-11-28T21:43:28+00:00","dateModified":"2024-08-05T18:57:47+00:00","breadcrumb":{"@id":"https:\/\/djelcem.art\/shop\/tapis\/contemporains-tapis\/crepuscule-sur-les-dunes\/#breadcrumb"},"inLanguage":"fr-FR","potentialAction":[{"@type":"ReadAction","target":["https:\/\/djelcem.art\/shop\/tapis\/contemporains-tapis\/crepuscule-sur-les-dunes\/"]}]},{"@type":"BreadcrumbList","@id":"https:\/\/djelcem.art\/shop\/tapis\/contemporains-tapis\/crepuscule-sur-les-dunes\/#breadcrumb","itemListElement":[{"@type":"ListItem","position":1,"name":"Accueil","item":"https:\/\/djelcem.art\/"},{"@type":"ListItem","position":2,"name":"Shop","item":"https:\/\/djelcem.noycy.co\/shop\/"},{"@type":"ListItem","position":3,"name":"CREPUSCULE SUR LES DUNES"}]},{"@type":"WebSite","@id":"https:\/\/djelcem.noycy.co\/#website","url":"https:\/\/djelcem.noycy.co\/","name":"Djelcem","description":"Djelcem-Art","publisher":{"@id":"https:\/\/djelcem.noycy.co\/#organization"},"potentialAction":[{"@type":"SearchAction","target":{"@type":"EntryPoint","urlTemplate":"https:\/\/djelcem.noycy.co\/?s={search_term_string}"},"query-input":"required name=search_term_string"}],"inLanguage":"fr-FR"},{"@type":"Organization","@id":"https:\/\/djelcem.noycy.co\/#organization","name":"Djelcem","url":"https:\/\/djelcem.noycy.co\/","logo":{"@type":"ImageObject","inLanguage":"fr-FR","@id":"https:\/\/djelcem.noycy.co\/#\/schema\/logo\/image\/","url":"https:\/\/djelcem.art\/wp-content\/uploads\/2023\/11\/Logo-DJELCEM.png","contentUrl":"https:\/\/djelcem.art\/wp-content\/uploads\/2023\/11\/Logo-DJELCEM.png","width":400,"height":192,"caption":"Djelcem"},"image":{"@id":"https:\/\/djelcem.noycy.co\/#\/schema\/logo\/image\/"}}]}},"_links":{"self":[{"href":"https:\/\/djelcem.art\/fr\/wp-json\/wp\/v2\/product\/17430","targetHints":{"allow":["GET"]}}],"collection":[{"href":"https:\/\/djelcem.art\/fr\/wp-json\/wp\/v2\/product"}],"about":[{"href":"https:\/\/djelcem.art\/fr\/wp-json\/wp\/v2\/types\/product"}],"replies":[{"embeddable":true,"href":"https:\/\/djelcem.art\/fr\/wp-json\/wp\/v2\/comments?post=17430"}],"version-history":[{"count":1,"href":"https:\/\/djelcem.art\/fr\/wp-json\/wp\/v2\/product\/17430\/revisions"}],"predecessor-version":[{"id":19245,"href":"https:\/\/djelcem.art\/fr\/wp-json\/wp\/v2\/product\/17430\/revisions\/19245"}],"wp:featuredmedia":[{"embeddable":true,"href":"https:\/\/djelcem.art\/fr\/wp-json\/wp\/v2\/media\/17408"}],"wp:attachment":[{"href":"https:\/\/djelcem.art\/fr\/wp-json\/wp\/v2\/media?parent=17430"}],"wp:term":[{"taxonomy":"product_cat","embeddable":true,"href":"https:\/\/djelcem.art\/fr\/wp-json\/wp\/v2\/product_cat?post=17430"},{"taxonomy":"product_tag","embeddable":true,"href":"https:\/\/djelcem.art\/fr\/wp-json\/wp\/v2\/product_tag?post=17430"}],"curies":[{"name":"wp","href":"https:\/\/api.w.org\/{rel}","templated":true}]}}