{"id":17435,"date":"2023-11-28T21:43:29","date_gmt":"2023-11-28T21:43:29","guid":{"rendered":"https:\/\/bata.djelcem.art\/?post_type=product&#038;p=17435"},"modified":"2024-07-29T18:54:29","modified_gmt":"2024-07-29T18:54:29","slug":"vase-plat","status":"publish","type":"product","link":"https:\/\/djelcem.art\/fr\/shop\/ceramique\/contemporains\/vases-et-potiches\/vase-plat\/","title":{"rendered":"VASE PLAT"},"content":{"rendered":"<p>R\u00e9f. BACVP001<\/p>\n<p>Dim : 9 cm sur 29 cm<\/p>\n<p>Hauteur : 18 cm<\/p>\n<p>Poids : 1,9 kg<\/p>\n<p>Vase de forme contemporaine, en argile rouge, model\u00e9 et d\u00e9cor\u00e9 \u00e0 la main. Enfumage avec des sp\u00e9cificit\u00e9s propres \u00e0 l&rsquo;artiste. Le relief est la repr\u00e9sentation symbolique de l&rsquo;Homme libre.<\/p>\n","protected":false},"excerpt":{"rendered":"<p>Vase de forme contemporaine, en argile rouge, model\u00e9 et d\u00e9cor\u00e9 \u00e0 la main. Enfumage avec des sp\u00e9cificit\u00e9s propres \u00e0 l&rsquo;artiste. Le relief est la repr\u00e9sentation symbolique de l&rsquo;Homme libre.<\/p>\n","protected":false},"featured_media":17477,"comment_status":"open","ping_status":"closed","template":"","meta":[],"product_cat":[196,208],"product_tag":[],"class_list":{"0":"post-17435","1":"product","2":"type-product","3":"status-publish","4":"has-post-thumbnail","6":"product_cat-ceramique","7":"product_cat-vases-et-potiches","9":"first","10":"instock","11":"shipping-taxable","12":"product-type-simple"},"yoast_head":"<!-- This site is optimized with the Yoast SEO Premium plugin v22.0 (Yoast SEO v22.0) - https:\/\/yoast.com\/wordpress\/plugins\/seo\/ -->\n<title>VASE PLAT - Djelcem<\/title>\n<meta name=\"robots\" content=\"index, follow, max-snippet:-1, max-image-preview:large, max-video-preview:-1\" \/>\n<link rel=\"canonical\" href=\"https:\/\/djelcem.art\/fr\/shop\/ceramique\/contemporains\/vases-et-potiches\/vase-plat\/\" \/>\n<meta property=\"og:locale\" content=\"fr_FR\" \/>\n<meta property=\"og:type\" content=\"article\" \/>\n<meta property=\"og:title\" content=\"VASE PLAT\" \/>\n<meta property=\"og:description\" content=\"Vase de forme contemporaine, en argile rouge, model\u00e9 et d\u00e9cor\u00e9 \u00e0 la main. Enfumage avec des sp\u00e9cificit\u00e9s propres \u00e0 l&#039;artiste. Le relief est la repr\u00e9sentation symbolique de l&#039;Homme libre.\" \/>\n<meta property=\"og:url\" content=\"https:\/\/djelcem.art\/fr\/shop\/ceramique\/contemporains\/vases-et-potiches\/vase-plat\/\" \/>\n<meta property=\"og:site_name\" content=\"Djelcem\" \/>\n<meta property=\"article:modified_time\" content=\"2024-07-29T18:54:29+00:00\" \/>\n<meta property=\"og:image\" content=\"https:\/\/djelcem.art\/wp-content\/uploads\/2023\/11\/BACVP001-1.jpg\" \/>\n\t<meta property=\"og:image:width\" content=\"800\" \/>\n\t<meta property=\"og:image:height\" content=\"1017\" \/>\n\t<meta property=\"og:image:type\" content=\"image\/jpeg\" \/>\n<meta name=\"twitter:card\" content=\"summary_large_image\" \/>\n<script type=\"application\/ld+json\" class=\"yoast-schema-graph\">{\"@context\":\"https:\/\/schema.org\",\"@graph\":[{\"@type\":\"WebPage\",\"@id\":\"https:\/\/djelcem.art\/shop\/ceramique\/contemporains\/vases-et-potiches\/vase-plat\/\",\"url\":\"https:\/\/djelcem.art\/shop\/ceramique\/contemporains\/vases-et-potiches\/vase-plat\/\",\"name\":\"VASE PLAT - Djelcem\",\"isPartOf\":{\"@id\":\"https:\/\/djelcem.noycy.co\/#website\"},\"datePublished\":\"2023-11-28T21:43:29+00:00\",\"dateModified\":\"2024-07-29T18:54:29+00:00\",\"breadcrumb\":{\"@id\":\"https:\/\/djelcem.art\/shop\/ceramique\/contemporains\/vases-et-potiches\/vase-plat\/#breadcrumb\"},\"inLanguage\":\"fr-FR\",\"potentialAction\":[{\"@type\":\"ReadAction\",\"target\":[\"https:\/\/djelcem.art\/shop\/ceramique\/contemporains\/vases-et-potiches\/vase-plat\/\"]}]},{\"@type\":\"BreadcrumbList\",\"@id\":\"https:\/\/djelcem.art\/shop\/ceramique\/contemporains\/vases-et-potiches\/vase-plat\/#breadcrumb\",\"itemListElement\":[{\"@type\":\"ListItem\",\"position\":1,\"name\":\"Accueil\",\"item\":\"https:\/\/djelcem.art\/\"},{\"@type\":\"ListItem\",\"position\":2,\"name\":\"Shop\",\"item\":\"https:\/\/djelcem.noycy.co\/shop\/\"},{\"@type\":\"ListItem\",\"position\":3,\"name\":\"VASE PLAT\"}]},{\"@type\":\"WebSite\",\"@id\":\"https:\/\/djelcem.noycy.co\/#website\",\"url\":\"https:\/\/djelcem.noycy.co\/\",\"name\":\"Djelcem\",\"description\":\"Djelcem-Art\",\"publisher\":{\"@id\":\"https:\/\/djelcem.noycy.co\/#organization\"},\"potentialAction\":[{\"@type\":\"SearchAction\",\"target\":{\"@type\":\"EntryPoint\",\"urlTemplate\":\"https:\/\/djelcem.noycy.co\/?s={search_term_string}\"},\"query-input\":\"required name=search_term_string\"}],\"inLanguage\":\"fr-FR\"},{\"@type\":\"Organization\",\"@id\":\"https:\/\/djelcem.noycy.co\/#organization\",\"name\":\"Djelcem\",\"url\":\"https:\/\/djelcem.noycy.co\/\",\"logo\":{\"@type\":\"ImageObject\",\"inLanguage\":\"fr-FR\",\"@id\":\"https:\/\/djelcem.noycy.co\/#\/schema\/logo\/image\/\",\"url\":\"https:\/\/djelcem.art\/wp-content\/uploads\/2023\/11\/Logo-DJELCEM.png\",\"contentUrl\":\"https:\/\/djelcem.art\/wp-content\/uploads\/2023\/11\/Logo-DJELCEM.png\",\"width\":400,\"height\":192,\"caption\":\"Djelcem\"},\"image\":{\"@id\":\"https:\/\/djelcem.noycy.co\/#\/schema\/logo\/image\/\"}}]}<\/script>\n<!-- \/ Yoast SEO Premium plugin. -->","yoast_head_json":{"title":"VASE PLAT - Djelcem","robots":{"index":"index","follow":"follow","max-snippet":"max-snippet:-1","max-image-preview":"max-image-preview:large","max-video-preview":"max-video-preview:-1"},"canonical":"https:\/\/djelcem.art\/fr\/shop\/ceramique\/contemporains\/vases-et-potiches\/vase-plat\/","og_locale":"fr_FR","og_type":"article","og_title":"VASE PLAT","og_description":"Vase de forme contemporaine, en argile rouge, model\u00e9 et d\u00e9cor\u00e9 \u00e0 la main. Enfumage avec des sp\u00e9cificit\u00e9s propres \u00e0 l'artiste. Le relief est la repr\u00e9sentation symbolique de l'Homme libre.","og_url":"https:\/\/djelcem.art\/fr\/shop\/ceramique\/contemporains\/vases-et-potiches\/vase-plat\/","og_site_name":"Djelcem","article_modified_time":"2024-07-29T18:54:29+00:00","og_image":[{"width":800,"height":1017,"url":"https:\/\/djelcem.art\/wp-content\/uploads\/2023\/11\/BACVP001-1.jpg","type":"image\/jpeg"}],"twitter_card":"summary_large_image","schema":{"@context":"https:\/\/schema.org","@graph":[{"@type":"WebPage","@id":"https:\/\/djelcem.art\/shop\/ceramique\/contemporains\/vases-et-potiches\/vase-plat\/","url":"https:\/\/djelcem.art\/shop\/ceramique\/contemporains\/vases-et-potiches\/vase-plat\/","name":"VASE PLAT - Djelcem","isPartOf":{"@id":"https:\/\/djelcem.noycy.co\/#website"},"datePublished":"2023-11-28T21:43:29+00:00","dateModified":"2024-07-29T18:54:29+00:00","breadcrumb":{"@id":"https:\/\/djelcem.art\/shop\/ceramique\/contemporains\/vases-et-potiches\/vase-plat\/#breadcrumb"},"inLanguage":"fr-FR","potentialAction":[{"@type":"ReadAction","target":["https:\/\/djelcem.art\/shop\/ceramique\/contemporains\/vases-et-potiches\/vase-plat\/"]}]},{"@type":"BreadcrumbList","@id":"https:\/\/djelcem.art\/shop\/ceramique\/contemporains\/vases-et-potiches\/vase-plat\/#breadcrumb","itemListElement":[{"@type":"ListItem","position":1,"name":"Accueil","item":"https:\/\/djelcem.art\/"},{"@type":"ListItem","position":2,"name":"Shop","item":"https:\/\/djelcem.noycy.co\/shop\/"},{"@type":"ListItem","position":3,"name":"VASE PLAT"}]},{"@type":"WebSite","@id":"https:\/\/djelcem.noycy.co\/#website","url":"https:\/\/djelcem.noycy.co\/","name":"Djelcem","description":"Djelcem-Art","publisher":{"@id":"https:\/\/djelcem.noycy.co\/#organization"},"potentialAction":[{"@type":"SearchAction","target":{"@type":"EntryPoint","urlTemplate":"https:\/\/djelcem.noycy.co\/?s={search_term_string}"},"query-input":"required name=search_term_string"}],"inLanguage":"fr-FR"},{"@type":"Organization","@id":"https:\/\/djelcem.noycy.co\/#organization","name":"Djelcem","url":"https:\/\/djelcem.noycy.co\/","logo":{"@type":"ImageObject","inLanguage":"fr-FR","@id":"https:\/\/djelcem.noycy.co\/#\/schema\/logo\/image\/","url":"https:\/\/djelcem.art\/wp-content\/uploads\/2023\/11\/Logo-DJELCEM.png","contentUrl":"https:\/\/djelcem.art\/wp-content\/uploads\/2023\/11\/Logo-DJELCEM.png","width":400,"height":192,"caption":"Djelcem"},"image":{"@id":"https:\/\/djelcem.noycy.co\/#\/schema\/logo\/image\/"}}]}},"_links":{"self":[{"href":"https:\/\/djelcem.art\/fr\/wp-json\/wp\/v2\/product\/17435","targetHints":{"allow":["GET"]}}],"collection":[{"href":"https:\/\/djelcem.art\/fr\/wp-json\/wp\/v2\/product"}],"about":[{"href":"https:\/\/djelcem.art\/fr\/wp-json\/wp\/v2\/types\/product"}],"replies":[{"embeddable":true,"href":"https:\/\/djelcem.art\/fr\/wp-json\/wp\/v2\/comments?post=17435"}],"version-history":[{"count":1,"href":"https:\/\/djelcem.art\/fr\/wp-json\/wp\/v2\/product\/17435\/revisions"}],"predecessor-version":[{"id":19103,"href":"https:\/\/djelcem.art\/fr\/wp-json\/wp\/v2\/product\/17435\/revisions\/19103"}],"wp:featuredmedia":[{"embeddable":true,"href":"https:\/\/djelcem.art\/fr\/wp-json\/wp\/v2\/media\/17477"}],"wp:attachment":[{"href":"https:\/\/djelcem.art\/fr\/wp-json\/wp\/v2\/media?parent=17435"}],"wp:term":[{"taxonomy":"product_cat","embeddable":true,"href":"https:\/\/djelcem.art\/fr\/wp-json\/wp\/v2\/product_cat?post=17435"},{"taxonomy":"product_tag","embeddable":true,"href":"https:\/\/djelcem.art\/fr\/wp-json\/wp\/v2\/product_tag?post=17435"}],"curies":[{"name":"wp","href":"https:\/\/api.w.org\/{rel}","templated":true}]}}