{"id":17444,"date":"2023-11-28T21:43:30","date_gmt":"2023-11-28T21:43:30","guid":{"rendered":"https:\/\/bata.djelcem.art\/?post_type=product&#038;p=17444"},"modified":"2023-12-05T01:56:27","modified_gmt":"2023-12-05T01:56:27","slug":"elsda","status":"publish","type":"product","link":"https:\/\/djelcem.art\/fr\/shop\/region-sud\/tapis-du-sud\/elsda\/","title":{"rendered":"ELSDA"},"content":{"rendered":"<p>R\u00e9f. MZBCHCA001<\/p>\n<p>Dimensions : 0,65 m sur 1,20 m<\/p>\n<p>Poids : 0,90 kg<\/p>\n<p>Interpr\u00e9tation de la traditionnelle gandoura mozabite par la reprise de certains des symboles qui y figurent tels que le coffre de la mari\u00e9e et ses bijoux sur un fond blanc \u00e9cru. Une composition \u00e9pur\u00e9e, parfaite pour une d\u00e9coration contemporaine.<\/p>\n","protected":false},"excerpt":{"rendered":"<p>Interpr\u00e9tation de la traditionnelle gandoura mozabite par la reprise de certains des symboles qui y figurent tels que le coffre de la mari\u00e9e et ses bijoux sur un fond blanc \u00e9cru. Une composition \u00e9pur\u00e9e, parfaite pour une d\u00e9coration contemporaine.<\/p>\n","protected":false},"featured_media":17522,"comment_status":"open","ping_status":"closed","template":"","meta":[],"product_cat":[201,200,246],"product_tag":[],"class_list":{"0":"post-17444","1":"product","2":"type-product","3":"status-publish","4":"has-post-thumbnail","6":"product_cat-contemporains-tapis","7":"product_cat-tapis","8":"product_cat-tapis-du-sud","10":"first","11":"instock","12":"shipping-taxable","13":"product-type-simple"},"yoast_head":"<!-- This site is optimized with the Yoast SEO Premium plugin v22.0 (Yoast SEO v22.0) - https:\/\/yoast.com\/wordpress\/plugins\/seo\/ -->\n<title>ELSDA - Djelcem<\/title>\n<meta name=\"robots\" content=\"index, follow, max-snippet:-1, max-image-preview:large, max-video-preview:-1\" \/>\n<link rel=\"canonical\" href=\"https:\/\/djelcem.art\/fr\/shop\/region-sud\/tapis-du-sud\/elsda\/\" \/>\n<meta property=\"og:locale\" content=\"fr_FR\" \/>\n<meta property=\"og:type\" content=\"article\" \/>\n<meta property=\"og:title\" content=\"ELSDA\" \/>\n<meta property=\"og:description\" content=\"Interpr\u00e9tation de la traditionnelle gandoura mozabite par la reprise de certains des symboles qui y figurent tels que le coffre de la mari\u00e9e et ses bijoux sur un fond blanc \u00e9cru. Une composition \u00e9pur\u00e9e, parfaite pour une d\u00e9coration contemporaine.\" \/>\n<meta property=\"og:url\" content=\"https:\/\/djelcem.art\/fr\/shop\/region-sud\/tapis-du-sud\/elsda\/\" \/>\n<meta property=\"og:site_name\" content=\"Djelcem\" \/>\n<meta property=\"article:modified_time\" content=\"2023-12-05T01:56:27+00:00\" \/>\n<meta property=\"og:image\" content=\"https:\/\/djelcem.noycy.co\/wp-content\/uploads\/2023\/11\/MZBCHCA001-1.jpg\" \/>\n\t<meta property=\"og:image:width\" content=\"800\" \/>\n\t<meta property=\"og:image:height\" content=\"1017\" \/>\n\t<meta property=\"og:image:type\" content=\"image\/jpeg\" \/>\n<meta name=\"twitter:card\" content=\"summary_large_image\" \/>\n<script type=\"application\/ld+json\" class=\"yoast-schema-graph\">{\"@context\":\"https:\/\/schema.org\",\"@graph\":[{\"@type\":\"WebPage\",\"@id\":\"https:\/\/djelcem.art\/shop\/region-sud\/tapis-du-sud\/elsda\/\",\"url\":\"https:\/\/djelcem.art\/shop\/region-sud\/tapis-du-sud\/elsda\/\",\"name\":\"ELSDA - Djelcem\",\"isPartOf\":{\"@id\":\"https:\/\/djelcem.noycy.co\/#website\"},\"datePublished\":\"2023-11-28T21:43:30+00:00\",\"dateModified\":\"2023-12-05T01:56:27+00:00\",\"breadcrumb\":{\"@id\":\"https:\/\/djelcem.art\/shop\/region-sud\/tapis-du-sud\/elsda\/#breadcrumb\"},\"inLanguage\":\"fr-FR\",\"potentialAction\":[{\"@type\":\"ReadAction\",\"target\":[\"https:\/\/djelcem.art\/shop\/region-sud\/tapis-du-sud\/elsda\/\"]}]},{\"@type\":\"BreadcrumbList\",\"@id\":\"https:\/\/djelcem.art\/shop\/region-sud\/tapis-du-sud\/elsda\/#breadcrumb\",\"itemListElement\":[{\"@type\":\"ListItem\",\"position\":1,\"name\":\"Accueil\",\"item\":\"https:\/\/djelcem.art\/\"},{\"@type\":\"ListItem\",\"position\":2,\"name\":\"Shop\",\"item\":\"https:\/\/djelcem.noycy.co\/shop\/\"},{\"@type\":\"ListItem\",\"position\":3,\"name\":\"ELSDA\"}]},{\"@type\":\"WebSite\",\"@id\":\"https:\/\/djelcem.noycy.co\/#website\",\"url\":\"https:\/\/djelcem.noycy.co\/\",\"name\":\"Djelcem\",\"description\":\"Djelcem-Art\",\"publisher\":{\"@id\":\"https:\/\/djelcem.noycy.co\/#organization\"},\"potentialAction\":[{\"@type\":\"SearchAction\",\"target\":{\"@type\":\"EntryPoint\",\"urlTemplate\":\"https:\/\/djelcem.noycy.co\/?s={search_term_string}\"},\"query-input\":\"required name=search_term_string\"}],\"inLanguage\":\"fr-FR\"},{\"@type\":\"Organization\",\"@id\":\"https:\/\/djelcem.noycy.co\/#organization\",\"name\":\"Djelcem\",\"url\":\"https:\/\/djelcem.noycy.co\/\",\"logo\":{\"@type\":\"ImageObject\",\"inLanguage\":\"fr-FR\",\"@id\":\"https:\/\/djelcem.noycy.co\/#\/schema\/logo\/image\/\",\"url\":\"https:\/\/djelcem.art\/wp-content\/uploads\/2023\/11\/Logo-DJELCEM.png\",\"contentUrl\":\"https:\/\/djelcem.art\/wp-content\/uploads\/2023\/11\/Logo-DJELCEM.png\",\"width\":400,\"height\":192,\"caption\":\"Djelcem\"},\"image\":{\"@id\":\"https:\/\/djelcem.noycy.co\/#\/schema\/logo\/image\/\"}}]}<\/script>\n<!-- \/ Yoast SEO Premium plugin. -->","yoast_head_json":{"title":"ELSDA - Djelcem","robots":{"index":"index","follow":"follow","max-snippet":"max-snippet:-1","max-image-preview":"max-image-preview:large","max-video-preview":"max-video-preview:-1"},"canonical":"https:\/\/djelcem.art\/fr\/shop\/region-sud\/tapis-du-sud\/elsda\/","og_locale":"fr_FR","og_type":"article","og_title":"ELSDA","og_description":"Interpr\u00e9tation de la traditionnelle gandoura mozabite par la reprise de certains des symboles qui y figurent tels que le coffre de la mari\u00e9e et ses bijoux sur un fond blanc \u00e9cru. Une composition \u00e9pur\u00e9e, parfaite pour une d\u00e9coration contemporaine.","og_url":"https:\/\/djelcem.art\/fr\/shop\/region-sud\/tapis-du-sud\/elsda\/","og_site_name":"Djelcem","article_modified_time":"2023-12-05T01:56:27+00:00","og_image":[{"width":800,"height":1017,"url":"https:\/\/djelcem.noycy.co\/wp-content\/uploads\/2023\/11\/MZBCHCA001-1.jpg","type":"image\/jpeg"}],"twitter_card":"summary_large_image","schema":{"@context":"https:\/\/schema.org","@graph":[{"@type":"WebPage","@id":"https:\/\/djelcem.art\/shop\/region-sud\/tapis-du-sud\/elsda\/","url":"https:\/\/djelcem.art\/shop\/region-sud\/tapis-du-sud\/elsda\/","name":"ELSDA - Djelcem","isPartOf":{"@id":"https:\/\/djelcem.noycy.co\/#website"},"datePublished":"2023-11-28T21:43:30+00:00","dateModified":"2023-12-05T01:56:27+00:00","breadcrumb":{"@id":"https:\/\/djelcem.art\/shop\/region-sud\/tapis-du-sud\/elsda\/#breadcrumb"},"inLanguage":"fr-FR","potentialAction":[{"@type":"ReadAction","target":["https:\/\/djelcem.art\/shop\/region-sud\/tapis-du-sud\/elsda\/"]}]},{"@type":"BreadcrumbList","@id":"https:\/\/djelcem.art\/shop\/region-sud\/tapis-du-sud\/elsda\/#breadcrumb","itemListElement":[{"@type":"ListItem","position":1,"name":"Accueil","item":"https:\/\/djelcem.art\/"},{"@type":"ListItem","position":2,"name":"Shop","item":"https:\/\/djelcem.noycy.co\/shop\/"},{"@type":"ListItem","position":3,"name":"ELSDA"}]},{"@type":"WebSite","@id":"https:\/\/djelcem.noycy.co\/#website","url":"https:\/\/djelcem.noycy.co\/","name":"Djelcem","description":"Djelcem-Art","publisher":{"@id":"https:\/\/djelcem.noycy.co\/#organization"},"potentialAction":[{"@type":"SearchAction","target":{"@type":"EntryPoint","urlTemplate":"https:\/\/djelcem.noycy.co\/?s={search_term_string}"},"query-input":"required name=search_term_string"}],"inLanguage":"fr-FR"},{"@type":"Organization","@id":"https:\/\/djelcem.noycy.co\/#organization","name":"Djelcem","url":"https:\/\/djelcem.noycy.co\/","logo":{"@type":"ImageObject","inLanguage":"fr-FR","@id":"https:\/\/djelcem.noycy.co\/#\/schema\/logo\/image\/","url":"https:\/\/djelcem.art\/wp-content\/uploads\/2023\/11\/Logo-DJELCEM.png","contentUrl":"https:\/\/djelcem.art\/wp-content\/uploads\/2023\/11\/Logo-DJELCEM.png","width":400,"height":192,"caption":"Djelcem"},"image":{"@id":"https:\/\/djelcem.noycy.co\/#\/schema\/logo\/image\/"}}]}},"_links":{"self":[{"href":"https:\/\/djelcem.art\/fr\/wp-json\/wp\/v2\/product\/17444","targetHints":{"allow":["GET"]}}],"collection":[{"href":"https:\/\/djelcem.art\/fr\/wp-json\/wp\/v2\/product"}],"about":[{"href":"https:\/\/djelcem.art\/fr\/wp-json\/wp\/v2\/types\/product"}],"replies":[{"embeddable":true,"href":"https:\/\/djelcem.art\/fr\/wp-json\/wp\/v2\/comments?post=17444"}],"version-history":[{"count":0,"href":"https:\/\/djelcem.art\/fr\/wp-json\/wp\/v2\/product\/17444\/revisions"}],"wp:featuredmedia":[{"embeddable":true,"href":"https:\/\/djelcem.art\/fr\/wp-json\/wp\/v2\/media\/17522"}],"wp:attachment":[{"href":"https:\/\/djelcem.art\/fr\/wp-json\/wp\/v2\/media?parent=17444"}],"wp:term":[{"taxonomy":"product_cat","embeddable":true,"href":"https:\/\/djelcem.art\/fr\/wp-json\/wp\/v2\/product_cat?post=17444"},{"taxonomy":"product_tag","embeddable":true,"href":"https:\/\/djelcem.art\/fr\/wp-json\/wp\/v2\/product_tag?post=17444"}],"curies":[{"name":"wp","href":"https:\/\/api.w.org\/{rel}","templated":true}]}}